{"id":1025,"date":"2013-10-12T16:14:54","date_gmt":"2013-10-12T14:14:54","guid":{"rendered":"http:\/\/www.la-tete-de-mule.fr\/?page_id=1025"},"modified":"2014-10-27T12:02:18","modified_gmt":"2014-10-27T11:02:18","slug":"edition-2014","status":"publish","type":"page","link":"https:\/\/www.la-tete-de-mule.fr\/?page_id=1025","title":{"rendered":"\u00c9dition 2014"},"content":{"rendered":"<h3 style=\"text-align: left;\"><span style=\"color: #000000;\"><strong>NOUS IRONS TOUS \u00c0 CAPELLA<\/strong><\/span><br \/>\n<span style=\"color: #000000;\"> <strong> 17 &amp; 18 janvier &#8211; 20 h 30<\/strong><\/span><\/h3>\n<h5 style=\"text-align: left;\"><strong><a href=\"http:\/\/www.la-tete-de-mule.fr\/wp-content\/uploads\/2013\/10\/Brothers2014.jpg\" target=\"_blank\"><img loading=\"lazy\" decoding=\"async\" class=\"alignleft size-full wp-image-1199\" src=\"http:\/\/www.la-tete-de-mule.fr\/wp-content\/uploads\/2013\/10\/Brothers2014.jpg\" alt=\"Brothers2014\" width=\"161\" height=\"107\" srcset=\"https:\/\/www.la-tete-de-mule.fr\/wp-content\/uploads\/2013\/10\/Brothers2014.jpg 397w, https:\/\/www.la-tete-de-mule.fr\/wp-content\/uploads\/2013\/10\/Brothers2014-300x200.jpg 300w\" sizes=\"auto, (max-width: 161px) 100vw, 161px\" \/><\/a>Les Fr\u00e8res Brothers : Fr\u00e9d\u00e9ric Charles, Gilles Ovieve, Jean-Christophe et Vincent Charnay<\/strong><br \/>\n<strong>Productions Possibles<\/strong><\/h5>\n<p style=\"text-align: left;\">Ma\u00eetrise des voix, des harmonies, des rythmes, ma\u00eetrise de l\u2019\u00e9criture, le tout au service d\u2019un humour \u2013 ou plut\u00f4t d\u2019humours \u2013 pr\u00e9sent(s) \u00e0 chaque instant de la repr\u00e9sentation, laissant \u00e0 chaque fois les spectateurs conquis, ravis et heureux de leur rencontre avec ces 4 chanteurs\/com\u00e9diens aux talent confirm\u00e9.<br \/>\n\u201cNourris aux Fr\u00e8res Jacques\u201d, proclam\u00e9s \u201cfils naturels de Coluche et Desproges\u201d, ces quatre fous chantants sont aujourd&rsquo;hui \u00e0 leur tour une r\u00e9f\u00e9rence dans les domaines du chant et de l\u2019humour et bien plus : du spectacle vivant.<\/p>\n<p style=\"text-align: left;\"><strong>LE PARISIEN :<\/strong><br \/>\n<em>Ces joyeux lurons s\u2019en donnent \u00e0 c\u0153ur joie instaurant une savoureuse complicit\u00e9 avec le public.<\/em><\/p>\n<p style=\"text-align: left;\"><a href=\"http:\/\/www.freresbrothers.net\" target=\"_blank\">www.freresbrothers.net<\/a><\/p>\n<hr \/>\n<h3 style=\"text-align: left;\"><strong>FABULA BUFFA<\/strong><br \/>\n<strong> 24 &amp; 25 janvier &#8211; 20 h 30<\/strong><\/h3>\n<h5 style=\"text-align: left;\"><strong><a href=\"http:\/\/www.la-tete-de-mule.fr\/wp-content\/uploads\/2013\/10\/fabulabuffa20141.jpg\" target=\"_blank\"><img loading=\"lazy\" decoding=\"async\" class=\"alignleft size-full wp-image-1196\" src=\"http:\/\/www.la-tete-de-mule.fr\/wp-content\/uploads\/2013\/10\/fabulabuffa20141.jpg\" alt=\"fabulabuffa2014\" width=\"161\" height=\"107\" srcset=\"https:\/\/www.la-tete-de-mule.fr\/wp-content\/uploads\/2013\/10\/fabulabuffa20141.jpg 397w, https:\/\/www.la-tete-de-mule.fr\/wp-content\/uploads\/2013\/10\/fabulabuffa20141-300x200.jpg 300w\" sizes=\"auto, (max-width: 161px) 100vw, 161px\" \/><\/a>Compagnie TEATRO PICARO<\/strong><br \/>\n<strong>avec Ciro Cesarano, Fabio Gorgolini<\/strong><\/h5>\n<p style=\"text-align: left;\">\u00ab Devenez Jongleurs ! Faites que tout le monde explose de rire, que chacune de leurs peurs s\u2019envole dans un grand \u00e9clat de rire !\u00bb Inspir\u00e9e de la tradition populaire italienne, Fabula Buffa raconte la naissance du fabulateur avec son regard ironique et grotesque sur une r\u00e9alit\u00e9 pas toujours rassurante.<br \/>\nDeux mendiants de l\u2019\u00e9poque romaine, un boiteux et un aveugle, sont miracul\u00e9s malgr\u00e9 eux. Ils doivent alors faire face \u00e0 une toute nouvelle r\u00e9alit\u00e9. Ce changement radical provoque deux r\u00e9actions oppos\u00e9es qui les conduisent \u00e0 la m\u00eame d\u00e9cision tragique : rendre leur \u00e2me \u00e0 Dieu&#8230;<\/p>\n<p style=\"text-align: left;\"><strong>LA PROVENCE :<\/strong><br \/>\n<em>Avec les moyens de la Commedia dell\u2019Arte, les com\u00e9diens viennent nous parler d\u2019aujourd\u2019hui, de l\u2019\u00e9tat de notre soci\u00e9t\u00e9.<\/em><\/p>\n<p style=\"text-align: left;\"><a href=\"http:\/\/www.teatropicaro.net\" target=\"_blank\">www.teatropicaro.net<\/a><\/p>\n<hr \/>\n<h3 style=\"text-align: left;\"><strong>JEAN-JACQUES<\/strong><br \/>\n<strong> 31 janvier &amp; 1er f\u00e9vrier &#8211; 20 h 30<br \/>\n<\/strong><\/h3>\n<h5 style=\"text-align: left;\"><strong><a href=\"http:\/\/www.la-tete-de-mule.fr\/wp-content\/uploads\/2013\/10\/jean-jacques2014.jpg\" target=\"_blank\"><img loading=\"lazy\" decoding=\"async\" class=\"alignleft  wp-image-1197\" src=\"http:\/\/www.la-tete-de-mule.fr\/wp-content\/uploads\/2013\/10\/jean-jacques2014.jpg\" alt=\"jean-jacques2014\" width=\"161\" height=\"240\" srcset=\"https:\/\/www.la-tete-de-mule.fr\/wp-content\/uploads\/2013\/10\/jean-jacques2014.jpg 397w, https:\/\/www.la-tete-de-mule.fr\/wp-content\/uploads\/2013\/10\/jean-jacques2014-201x300.jpg 201w\" sizes=\"auto, (max-width: 161px) 100vw, 161px\" \/><\/a>De et avec Jean-Lou de Tapia<br \/>\nMise en sc\u00e8ne : Chantal Farinelli<br \/>\nMusique : Eric Page<br \/>\nC3J productions<\/strong><\/h5>\n<p style=\"text-align: left;\">Jean-Jacques, c\u2019est un grand optimiste, c\u2019est un loser magnifique et authentique qui ne suit aucun courant. Il est unique, original, burlesque, incisif. Les textes et les situations vous feront voyager dans un univers jamais vu dr\u00f4le et sans complaisance .<br \/>\nLa vie de Jean-Jacques, c&rsquo;est comme si la colombe de la paix se mangeait une vitre en plein vol !<br \/>\nJean-Jacques, c\u2019est 15 prix en 12 festivals<\/p>\n<p style=\"text-align: left;\"><strong>LE DAUPHIN\u00c9 LIB\u00c9R\u00c9 :<\/strong><br \/>\n<em>Ce personnage \u00e0 la fois na\u00eff, loufoque et excentrique a \u00e9t\u00e9 accueilli par des explosions de rire..<\/em>.<\/p>\n<hr \/>\n<h3 style=\"text-align: left;\"><strong>YANNE A MARRE<\/strong><br \/>\n<strong>7 &amp; 8 f\u00e9vrier &#8211; 20 h 30<\/strong><\/h3>\n<h5 style=\"text-align: left;\"><strong><a href=\"http:\/\/www.la-tete-de-mule.fr\/wp-content\/uploads\/2013\/10\/yanne2014.jpg\" target=\"_blank\"><img loading=\"lazy\" decoding=\"async\" class=\"alignleft  wp-image-1203\" src=\"http:\/\/www.la-tete-de-mule.fr\/wp-content\/uploads\/2013\/10\/yanne2014.jpg\" alt=\"yanne2014\" width=\"161\" height=\"107\" srcset=\"https:\/\/www.la-tete-de-mule.fr\/wp-content\/uploads\/2013\/10\/yanne2014.jpg 395w, https:\/\/www.la-tete-de-mule.fr\/wp-content\/uploads\/2013\/10\/yanne2014-300x200.jpg 300w\" sizes=\"auto, (max-width: 161px) 100vw, 161px\" \/><\/a>Sur une id\u00e9e originale de : Guillaume Destrem et Alain Dumas<\/strong><br \/>\n<strong>Con\u00e7u, mis en sc\u00e8ne et interpr\u00e9t\u00e9 par : Jean-Baptiste Artigas, Guillaume Destrem, Alain D<\/strong>umas<\/h5>\n<p style=\"text-align: left;\">L\u2019exp\u00e9rience et le succ\u00e8s de Nuit Blanche chez Francis ont fait sentir \u00e0 la Belle \u00c9quipe ce qu\u2019il pouvait y avoir de bienvenu et de jubilatoire \u00e0 voyager dans l\u2019univers d\u2019un tel \u00ab touche-\u00e0-tout \u00bb. De Francis Blanche \u00e0 Jean Yanne, il n\u2019y avait qu\u2019un pas. Yanne a marre\u00a0 est une aventure musicale, jou\u00e9e et chant\u00e9e et l\u2019occasion de retrouvailles avec l\u2019univers de l\u2019auteur du c\u00e9l\u00e8bre slogan \u00ab Il est interdit d\u2019interdire \u00bb&#8230;<\/p>\n<p style=\"text-align: left;\"><strong>L\u2019HUMANIT\u00c9<\/strong><br \/>\n<em>Une brillante \u00e9quipe. Pas besoin de machinerie savante ou de d\u00e9cor co\u00fbteux pour qu\u2019un spectacle nous laisse incroyablement ragaillardis.<\/em><\/p>\n<p style=\"text-align: left;\"><a href=\"http:\/\/www.la-belle-equipe.org\" target=\"_blank\">www.la-belle-equipe.org<\/a><\/p>\n<hr \/>\n<h3 style=\"text-align: left;\"><strong>DE MAL EN PIE<br \/>\n<\/strong><strong>14 &amp; 15 f\u00e9vrier &#8211; 20 h 30<\/strong><\/h3>\n<h5 style=\"text-align: left;\"><strong><strong><a href=\"http:\/\/www.la-tete-de-mule.fr\/wp-content\/uploads\/2013\/10\/DSC_0593_1455-Copie-22.jpg\" target=\"_blank\"><img loading=\"lazy\" decoding=\"async\" class=\"alignleft\" src=\"http:\/\/www.la-tete-de-mule.fr\/wp-content\/uploads\/2013\/10\/DSC_0593_1455-Copie-22.jpg\" alt=\"DSC_0593_1455 - Copie (2)[2]\" width=\"161\" height=\"115\" \/><\/a><\/strong>La T\u00eate De Mule<\/strong><br \/>\n<strong> Texte : Jean-Jacques Michelet. Musique : Patryk Lory<\/strong><br \/>\n<strong> Mise en sc\u00e8ne : Frank Sixdenier<\/strong><br \/>\n<strong> Avec : Delphine Ribeiro, Jean-Jacques Michelet, Patryk Lory, Frank Sixdenier, Yoann Voisin et Eric Souverain<\/strong><\/h5>\n<p style=\"text-align: left;\">\u00ab On peut s\u2019appeler Miraud et aimer peindre ! \u00bb se d\u00e9fend la taupe pour justifier son hallucinante fortune. Apr\u00e8s avoir vendu des toiles \u00e0 toutes les araign\u00e9es de la for\u00eat, la cassette content l\u2019ensemble de ses valeurs vient h\u00e9las de dispara\u00eetre\u2026 Quoi de plus facile que d\u2019accuser la pie, d\u2019autant que celle-ci est originaire d\u2019une lointaine clairi\u00e8re, de l\u2019autre c\u00f4t\u00e9 du delta.\u00a0 Manipulations, mensonges et r\u00e9v\u00e9lations en tous genre secoueront la qui\u00e9tude des sous-bois, lors d\u2019une enqu\u00eate aussi dr\u00f4le que palpitante.<\/p>\n<p style=\"text-align: left;\"><strong>LE PARISIEN :<\/strong><br \/>\n<em>En ces temps difficiles pour nos d\u00e9mocraties, ce formidable plaidoyer contre le racisme et l\u2019exclusion a fait chavirer le tr\u00e8s nombreux public.<\/em><\/p>\n<p style=\"text-align: left;\"><a title=\"De mal en pie\" href=\"http:\/\/www.la-tete-de-mule.fr\/\" target=\"_blank\">www.la-tete-de-mule.fr<\/a><\/p>\n<hr \/>\n<h3 style=\"text-align: left;\"><strong>NADIA ROZ<\/strong><br \/>\n<strong>21 &amp; 22 f\u00e9vrier &#8211; 20 h 30<\/strong><\/h3>\n<h5 style=\"text-align: left;\"><strong><a href=\"http:\/\/www.la-tete-de-mule.fr\/wp-content\/uploads\/2013\/10\/NadiaRoz2014.jpg\" target=\"_blank\"><img loading=\"lazy\" decoding=\"async\" class=\"alignleft size-full wp-image-1191\" src=\"http:\/\/www.la-tete-de-mule.fr\/wp-content\/uploads\/2013\/10\/NadiaRoz2014.jpg\" alt=\"NadiaRoz2014\" width=\"161\" height=\"161\" srcset=\"https:\/\/www.la-tete-de-mule.fr\/wp-content\/uploads\/2013\/10\/NadiaRoz2014.jpg 397w, https:\/\/www.la-tete-de-mule.fr\/wp-content\/uploads\/2013\/10\/NadiaRoz2014-150x150.jpg 150w, https:\/\/www.la-tete-de-mule.fr\/wp-content\/uploads\/2013\/10\/NadiaRoz2014-300x300.jpg 300w\" sizes=\"auto, (max-width: 161px) 100vw, 161px\" \/><\/a>Un spectacle \u00e9crit par Nadia Roz<\/strong><br \/>\n<strong>mise en sc\u00e8ne Julia Duchaussoy<\/strong><br \/>\n<strong>avec Nadia Roz<\/strong><\/h5>\n<p style=\"text-align: left;\">M\u00e9t\u00e9o d\u00e9plorable, d\u00e9prime ambiante, grogne g\u00e9n\u00e9rale, retour des chaussures \u00e0 bout pointu&#8230; Rien ne va plus ? Mais si ! Une fleur pousse dans le bitume et se dresse contre la morosit\u00e9, elle s&rsquo;appelle Nadia RoZ ! Avec son humour d\u00e9complex\u00e9 et corRoZif, Nadia tire \u00e0 boulets RoZ sur notre soci\u00e9t\u00e9 et campe avec une innocente f\u00e9rocit\u00e9 une galerie de personnages hauts en couleurs. Entre une prof de gym orientale, une f\u00e9e qui rappe et bien d\u2019autres rencontres, on en prend plein les yeux, le message passe et le rire est contagieux.<\/p>\n<p style=\"text-align: left;\"><strong>T\u00c9L\u00c9RAMA SORTIR :<\/strong><br \/>\n<em>Malgr\u00e9 son nom, la p\u00e9tillante brune manie un humour d&rsquo;une couleur assez \u00e9loign\u00e9e du rose bonbon.<\/em><\/p>\n<p style=\"text-align: left;\"><a href=\"http:\/\/www.nadiaroz.com\" target=\"_blank\">www.nadiaroz.com<\/a><\/p>\n<hr \/>\n<h3 style=\"text-align: left;\"><strong>UN FIL \u00c0 LA PATTE<\/strong><br \/>\n<strong>14 &amp; 15 mars &#8211; 20 h 30<\/strong><\/h3>\n<h5 style=\"text-align: left;\"><strong><a href=\"http:\/\/www.la-tete-de-mule.fr\/wp-content\/uploads\/2013\/10\/filalapatte.jpg\" target=\"_blank\"><img loading=\"lazy\" decoding=\"async\" class=\"alignleft size-full wp-image-1183\" src=\"http:\/\/www.la-tete-de-mule.fr\/wp-content\/uploads\/2013\/10\/filalapatte.jpg\" alt=\"filalapatte\" width=\"161\" height=\"243\" srcset=\"https:\/\/www.la-tete-de-mule.fr\/wp-content\/uploads\/2013\/10\/filalapatte.jpg 397w, https:\/\/www.la-tete-de-mule.fr\/wp-content\/uploads\/2013\/10\/filalapatte-199x300.jpg 199w\" sizes=\"auto, (max-width: 161px) 100vw, 161px\" \/><\/a>Georges Feydeau<\/strong><br \/>\n<strong>Mise en sc\u00e8ne : Pierre Matras<\/strong><br \/>\n<strong>Avec :\u00a0 Pierre Matras et Muriel Darras<\/strong><\/h5>\n<p style=\"text-align: left;\">Le fil, c\u2019est Lucette, la diva\u2026 la patte, c\u2019est celle de Fernand, le charmant noceur. Ils s\u2019adorent mais Fernand doit\u00a0 rompre car il va signer, l\u2019apr\u00e8s-midi m\u00eame, son contrat de mariage avec Viviane, jolie jeune fille et jolie dot.<br \/>\nEntre eux, il va donc y avoir \u2026 des n\u0153uds : un clerc de notaire grivois, un g\u00e9n\u00e9ral espagnol hyst\u00e9rique et possessif, un homme du monde\u00a0 \u00e0 l\u2019haleine peu fra\u00eeche, une vieille et gloutonne, une duchesse de petite vertu, une jeune premi\u00e8re quelque peu obs\u00e9d\u00e9e, deux ou trois pique-assiette et quelques valets un rien agit\u00e9s\u2026<\/p>\n<p style=\"text-align: left;\"><strong>LA DEPECHE.FR :<\/strong><br \/>\nFeydeau, c&rsquo;est gai, rythm\u00e9, agit\u00e9. Et quand c&rsquo;est repris par le Grenier de Toulouse, c&rsquo;est en plus d\u00e9jant\u00e9.<\/p>\n<p style=\"text-align: left;\"><a href=\"http:\/\/www.grenierdetoulouse.fr\" target=\"_blank\">www.grenierdetoulouse.fr<\/a><\/p>\n<hr \/>\n<h3 style=\"text-align: left;\"><strong>LA TOURN\u00c9E DES GRANDS DUCS<\/strong><br \/>\n<strong> 21 &amp; 22 mars &#8211; 20 h 30<\/strong><\/h3>\n<h5 style=\"text-align: left;\"><strong><a href=\"http:\/\/www.la-tete-de-mule.fr\/wp-content\/uploads\/2013\/10\/DSC051871.jpg\" target=\"_blank\"><img loading=\"lazy\" decoding=\"async\" class=\"alignleft  wp-image-1060\" src=\"http:\/\/www.la-tete-de-mule.fr\/wp-content\/uploads\/2013\/10\/DSC051871.jpg\" alt=\"DSC05187[1]\" width=\"161\" height=\"113\" \/><\/a>La T\u00eate De Mule<\/strong><br \/>\n<strong> De Jean-Jacques Michelet<\/strong><br \/>\n<strong> Mise en sc\u00e8ne : Frank Sixdenier<\/strong><br \/>\n<strong> Avec : Philippe Bernardot, Ludovic Chantraine, Caroline Figuiera, Patryk Lory, Jean-Jacques Michelet, Frank Sixdenier, Eric Souverain et Yoann Voisin<\/strong><\/h5>\n<p style=\"text-align: left;\">La Bourgogne revisit\u00e9e de fa\u00e7on humoristique ! Tout commence par une conf\u00e9rence o\u00f9 Pierre Larousse tente pompeusement de faire revivre les \u00e9l\u00e9ments fondateurs de la r\u00e9gion\u2026 C\u2019est sans compter sur la mauvaise volont\u00e9 de la troupe, moyennement convaincue par l\u2019int\u00e9r\u00eat de ce spectacle et du travail en g\u00e9n\u00e9ral.<br \/>\n\u00ab La tourn\u00e9e des grands ducs \u00bb, o\u00f9 l\u2019histoire du premier one man show pour six, coinc\u00e9 entre Pirandello et les Monthy Python ! Reprise pour f\u00eater en fanfare les dix ans de cette cr\u00e9ation.<\/p>\n<p style=\"text-align: left;\"><strong>LE BIEN PUBLIC<\/strong><br \/>\n<em> Dialogue savoureux servi par une interpr\u00e9tation sans faille\u2026 On en rit encore !<\/em><\/p>\n<hr \/>\n<h3 style=\"text-align: left;\"><strong>\u00caTRE OU NE PAS \u00caTRE<\/strong><br \/>\n<strong>28 &amp; 29 mars &#8211; 20 h 30<\/strong><\/h3>\n<h5 style=\"text-align: left;\"><strong><a href=\"http:\/\/www.la-tete-de-mule.fr\/wp-content\/uploads\/2013\/10\/IMG_1090.jpg\" target=\"_blank\"><img loading=\"lazy\" decoding=\"async\" class=\"alignleft size-full wp-image-1062\" src=\"http:\/\/www.la-tete-de-mule.fr\/wp-content\/uploads\/2013\/10\/IMG_1090.jpg\" alt=\"IMG_1090\" width=\"161\" height=\"123\" srcset=\"https:\/\/www.la-tete-de-mule.fr\/wp-content\/uploads\/2013\/10\/IMG_1090.jpg 397w, https:\/\/www.la-tete-de-mule.fr\/wp-content\/uploads\/2013\/10\/IMG_1090-300x229.jpg 300w\" sizes=\"auto, (max-width: 161px) 100vw, 161px\" \/><\/a>Monologue \u00e9crit et interpr\u00e9t\u00e9 par Luca Franceschi<\/strong><\/h5>\n<p style=\"text-align: left;\">Un com\u00e9dien d\u00e9cide de r\u00e9aliser le r\u00eave de sa vie : \u00e9crire et interpr\u00e9ter un monologue. Son projet est grandiose : rassembler en une seule \u00e9criture une quinzaine de monologues des plus grands h\u00e9ros de l\u2019oeuvre shakespearienne : Hamlet, Richard III, Othello, Macbeth\u2026<br \/>\nMais cette merveilleuse aventure th\u00e9\u00e2trale se transforme en un cauchemar rempli de doutes et d\u2019angoisses li\u00e9s au m\u00e9tier d\u2019acteur et \u00e0 la condition pr\u00e9-caire de n\u2019\u00eatre qu\u2019un personnage.<\/p>\n<p style=\"text-align: left;\"><strong>MIDI-LIBRE<\/strong><br \/>\n<em>Une tragi-com\u00e9die aussi d\u00e9sopilante qu\u2019acide.<\/em><\/p>\n<p style=\"text-align: left;\"><a href=\"http:\/\/www.improvviso.org\" target=\"_blank\">www.improvviso.org<\/a><\/p>\n<hr \/>\n<h3 style=\"text-align: left;\"><strong>COCOTTE-MINUTE<\/strong><br \/>\n<strong> 4 &amp; 5 avril &#8211; 20 h 30<\/strong><\/h3>\n<h5 style=\"text-align: left;\"><strong><a href=\"http:\/\/www.la-tete-de-mule.fr\/wp-content\/uploads\/2013\/10\/louvolt2014.jpg\" target=\"_blank\"><img loading=\"lazy\" decoding=\"async\" class=\"alignleft size-full wp-image-1180\" src=\"http:\/\/www.la-tete-de-mule.fr\/wp-content\/uploads\/2013\/10\/louvolt2014.jpg\" alt=\"louvolt2014\" width=\"161\" height=\"161\" srcset=\"https:\/\/www.la-tete-de-mule.fr\/wp-content\/uploads\/2013\/10\/louvolt2014.jpg 397w, https:\/\/www.la-tete-de-mule.fr\/wp-content\/uploads\/2013\/10\/louvolt2014-150x150.jpg 150w, https:\/\/www.la-tete-de-mule.fr\/wp-content\/uploads\/2013\/10\/louvolt2014-300x300.jpg 300w\" sizes=\"auto, (max-width: 161px) 100vw, 161px\" \/><\/a>De Lou Volt, Xavier Thibault et Eric Toulis; avec Lou Volt<\/strong><\/h5>\n<p style=\"text-align: left;\">Lou Volt, c&rsquo;est une jolie blonde marrante, sexy, d\u00e9jant\u00e9e, et non retouch\u00e9e. Elle revient\u00a0 avec un tout nouveau show et un nouvel album, intitul\u00e9 \u00ab Cocotte minute \u00bb. Tout comme la marmite \u00e0 vapeur du m\u00eame nom pr\u00eate \u00e0 exploser.<br \/>\nLes titres sont \u00e9vocateurs : \u00ab Botox blues \u00bb, \u00ab La Teuf \u00e0 la touffe \u00bb, \u00ab Un X sur ton EX \u00bb, \u00ab V\u00e9ronique Croisi\u00e8re \u00bb&#8230; Pour rire de tout ce qui fait mal, parce qu\u2019il n\u2019y a que \u00e7a qui fait vraiment rire ! Petite perle du Grand Orchestre du Splendid, Lou Volt perp\u00e9tue la tradition du music-hall \u00e9l\u00e9gant et insolent. Du r\u00e9tro-viseur, voir visionnaire qui vise juste. Egalement autoris\u00e9 au moins de trente ans.<\/p>\n<p style=\"text-align: left;\"><strong>LE FIGARO<\/strong><br \/>\n<em>Un sens du rythme incontestable, une \u00e9nergie et un charme de grande puissance. La performance est rare.<\/em><\/p>\n<p style=\"text-align: left;\"><a href=\"http:\/\/www.louvolt.com\/\" target=\"_blank\">www.louvolt.com<\/a><\/p>\n<hr \/>\n<h3 style=\"text-align: left;\"><strong>C\u00c9DRIC CHARTIER<\/strong><br \/>\n<strong>11 &amp; 12 avril &#8211; 20 h 30<\/strong><\/h3>\n<h5 style=\"text-align: left;\"><strong><a href=\"http:\/\/www.la-tete-de-mule.fr\/wp-content\/uploads\/2013\/10\/DSC3227-3.jpg\" target=\"_blank\"><img loading=\"lazy\" decoding=\"async\" class=\"alignleft  wp-image-1073\" src=\"http:\/\/www.la-tete-de-mule.fr\/wp-content\/uploads\/2013\/10\/DSC3227-3.jpg\" alt=\"_DSC3227-3\" width=\"161\" height=\"128\" srcset=\"https:\/\/www.la-tete-de-mule.fr\/wp-content\/uploads\/2013\/10\/DSC3227-3.jpg 397w, https:\/\/www.la-tete-de-mule.fr\/wp-content\/uploads\/2013\/10\/DSC3227-3-300x239.jpg 300w\" sizes=\"auto, (max-width: 161px) 100vw, 161px\" \/><\/a>monsieur max production<\/strong><\/h5>\n<p style=\"text-align: left;\">Un redoutable manieur de mots, une \u00e9criture au vitriol, une po\u00e9sie sulfureuse\u2026Prim\u00e9 de nombreuses fois lors de festivals d&rsquo;humour, C\u00e9dric Chartier propose un spectacle \u00e0 l&rsquo;\u00e9l\u00e9gance acide. Dans son univers d\u00e9rangeant et acerbe, la mort est trait\u00e9e sans retenue, les sujets d\u00e9licats pass\u00e9s au broyeur. Ce qui le distingue dans le monde de l&rsquo;humour, c&rsquo;est sa mani\u00e8re d&rsquo;aborder les choses, \u00e0 rebours de la plupart des artistes. Noir, corrosif, insolent, horriblement po\u00e9tique, ce spectacle met le doigt sur nos points sensibles et nous entra\u00eene dans un univers mortellement jubilatoire.<\/p>\n<p style=\"text-align: left;\"><strong>OUEST-FRANCE :<\/strong><br \/>\n<em>La qualit\u00e9 d&rsquo;\u00e9criture et le sens de la formule lui permettent d&rsquo;aborder tous les sujets avec une \u00e9gale r\u00e9ussite dans une veine noire qui n&rsquo;est pas s&rsquo;en rappeler Gaspard Proust ou Desproges.<\/em><\/p>\n<p style=\"text-align: left;\"><a href=\"http:\/\/www.monsieur-max.fr\/\" target=\"_blank\">www.monsieur-max.fr<\/a><\/p>\n<hr \/>\n<h3 style=\"text-align: left;\"><strong>FORMICA FOREVER<\/strong><br \/>\n<strong> 18 &amp; 19 avril &#8211; 20 h 30<\/strong><\/h3>\n<h5 style=\"text-align: left;\"><strong><a href=\"http:\/\/www.la-tete-de-mule.fr\/wp-content\/uploads\/2013\/10\/fofo-photocom.jpg\" target=\"_blank\"><img loading=\"lazy\" decoding=\"async\" class=\"alignleft  wp-image-1076\" src=\"http:\/\/www.la-tete-de-mule.fr\/wp-content\/uploads\/2013\/10\/fofo-photocom.jpg\" alt=\"fofo-photocom\" width=\"161\" height=\"119\" srcset=\"https:\/\/www.la-tete-de-mule.fr\/wp-content\/uploads\/2013\/10\/fofo-photocom.jpg 397w, https:\/\/www.la-tete-de-mule.fr\/wp-content\/uploads\/2013\/10\/fofo-photocom-300x222.jpg 300w\" sizes=\"auto, (max-width: 161px) 100vw, 161px\" \/><\/a>La compagnie \u00e0 l\u2019envers<\/strong><br \/>\n<strong><b>Mise en sc\u00e8ne<\/b> : <b>Philippe Host, Nicolas Brandicourt, Philippe Chevalier<br \/>\n<\/b><\/strong><b>Interpr\u00e9tation : Philippe Host, Michel Hermouet, Philippe Chevalier<\/b><\/h5>\n<p style=\"text-align: left;\">Forts d&rsquo;une solide formation vocale \u00e0 la chorale de Tr\u00e9vignolles-sur-Vaillante, Lucien Bournezeau, Th\u00e9odore Grollier et Richard Chalut ont d\u00e9cid\u00e9 de s&rsquo;essayer \u00e0 la sc\u00e8ne en cr\u00e9ant tout simplement un spectacle \u00ab\u00a0\u00e0 leur fa\u00e7on\u00a0\u00bb.<br \/>\nEtant convenu que disposer un pot de g\u00e9raniums sur une machine \u00e0 laver peut s&rsquo;apparenter \u00e0 quelque activit\u00e9 artistique, Lucien, Th\u00e9odore et Richard n&rsquo;ont pas h\u00e9sit\u00e9 plus longtemps.<\/p>\n<p style=\"text-align: left;\"><strong>T\u00e9L\u00e9RAMA<\/strong> :<br \/>\n<em> C\u2019est le boys band le plus d\u00e9jant\u00e9 de la chanson fran\u00e7aise.<\/em><\/p>\n<p style=\"text-align: left;\"><a href=\"http:\/\/www.lacompagniealenvers.com\" target=\"_blank\">www.lacompagniealenvers.com<\/a><\/p>\n","protected":false},"excerpt":{"rendered":"<p>NOUS IRONS TOUS \u00c0 CAPELLA 17 &amp; 18 janvier &#8211; 20 h 30 Les Fr\u00e8res Brothers : Fr\u00e9d\u00e9ric Charles, Gilles Ovieve, Jean-Christophe et Vincent Charnay Productions Possibles Ma\u00eetrise des voix, des harmonies, des rythmes, ma\u00eetrise de l\u2019\u00e9criture, le tout au service d\u2019un humour \u2013 ou plut\u00f4t d\u2019humours \u2013 pr\u00e9sent(s) \u00e0 chaque instant de la repr\u00e9sentation, laissant \u00e0 chaque fois les spectateurs conquis, ravis et heureux de leur rencontre avec ces 4 chanteurs\/com\u00e9diens aux talent confirm\u00e9. \u201cNourris aux Fr\u00e8res Jacques\u201d, proclam\u00e9s&#8230;<\/p>\n<p class=\"read-more\"><a class=\"btn btn-default\" href=\"https:\/\/www.la-tete-de-mule.fr\/?page_id=1025\">Lire la suite<span class=\"screen-reader-text\"> Lire la suite<\/span><\/a><\/p>\n","protected":false},"author":5,"featured_media":0,"parent":77,"menu_order":2,"comment_status":"open","ping_status":"open","template":"","meta":{"footnotes":""},"class_list":["post-1025","page","type-page","status-publish","hentry"],"_links":{"self":[{"href":"https:\/\/www.la-tete-de-mule.fr\/index.php?rest_route=\/wp\/v2\/pages\/1025","targetHints":{"allow":["GET"]}}],"collection":[{"href":"https:\/\/www.la-tete-de-mule.fr\/index.php?rest_route=\/wp\/v2\/pages"}],"about":[{"href":"https:\/\/www.la-tete-de-mule.fr\/index.php?rest_route=\/wp\/v2\/types\/page"}],"author":[{"embeddable":true,"href":"https:\/\/www.la-tete-de-mule.fr\/index.php?rest_route=\/wp\/v2\/users\/5"}],"replies":[{"embeddable":true,"href":"https:\/\/www.la-tete-de-mule.fr\/index.php?rest_route=%2Fwp%2Fv2%2Fcomments&post=1025"}],"version-history":[{"count":83,"href":"https:\/\/www.la-tete-de-mule.fr\/index.php?rest_route=\/wp\/v2\/pages\/1025\/revisions"}],"predecessor-version":[{"id":1883,"href":"https:\/\/www.la-tete-de-mule.fr\/index.php?rest_route=\/wp\/v2\/pages\/1025\/revisions\/1883"}],"up":[{"embeddable":true,"href":"https:\/\/www.la-tete-de-mule.fr\/index.php?rest_route=\/wp\/v2\/pages\/77"}],"wp:attachment":[{"href":"https:\/\/www.la-tete-de-mule.fr\/index.php?rest_route=%2Fwp%2Fv2%2Fmedia&parent=1025"}],"curies":[{"name":"wp","href":"https:\/\/api.w.org\/{rel}","templated":true}]}}