{"id":114,"date":"2012-09-04T10:53:10","date_gmt":"2012-09-04T09:53:10","guid":{"rendered":"http:\/\/localhost:8888\/tetedemule\/?page_id=114"},"modified":"2024-02-07T17:30:26","modified_gmt":"2024-02-07T16:30:26","slug":"oseille-et-pissenlits","status":"publish","type":"page","link":"https:\/\/www.la-tete-de-mule.fr\/?page_id=114","title":{"rendered":"Oseille et Pissenlits"},"content":{"rendered":"<p><strong><a href=\"http:\/\/www.la-tete-de-mule.fr\/wp-content\/uploads\/2012\/09\/oseille2.jpg\"><img loading=\"lazy\" decoding=\"async\" class=\"alignleft size-full wp-image-115\" src=\"http:\/\/www.la-tete-de-mule.fr\/wp-content\/uploads\/2012\/09\/oseille2.jpg\" alt=\"oseille\" width=\"1063\" height=\"549\" srcset=\"https:\/\/www.la-tete-de-mule.fr\/wp-content\/uploads\/2012\/09\/oseille2.jpg 1063w, https:\/\/www.la-tete-de-mule.fr\/wp-content\/uploads\/2012\/09\/oseille2-300x154.jpg 300w, https:\/\/www.la-tete-de-mule.fr\/wp-content\/uploads\/2012\/09\/oseille2-1024x528.jpg 1024w\" sizes=\"auto, (max-width: 1063px) 100vw, 1063px\" \/><\/a><a href=\"http:\/\/www.la-tete-de-mule.fr\/wp-content\/uploads\/2012\/09\/18-mai-2014-003.jpg\"><img loading=\"lazy\" decoding=\"async\" class=\"alignnone size-medium wp-image-1682\" src=\"http:\/\/www.la-tete-de-mule.fr\/wp-content\/uploads\/2012\/09\/18-mai-2014-003-e1400325792768-225x300.jpg\" alt=\"18 mai 2014 003\" width=\"225\" height=\"300\" srcset=\"https:\/\/www.la-tete-de-mule.fr\/wp-content\/uploads\/2012\/09\/18-mai-2014-003-e1400325792768-225x300.jpg 225w, https:\/\/www.la-tete-de-mule.fr\/wp-content\/uploads\/2012\/09\/18-mai-2014-003-e1400325792768-768x1024.jpg 768w\" sizes=\"auto, (max-width: 225px) 100vw, 225px\" \/><\/a><a href=\"http:\/\/www.la-tete-de-mule.fr\/wp-content\/uploads\/2012\/09\/14-mai-2014-023.jpg\"><img loading=\"lazy\" decoding=\"async\" class=\"alignnone  wp-image-1622\" src=\"http:\/\/www.la-tete-de-mule.fr\/wp-content\/uploads\/2012\/09\/14-mai-2014-023-e1400281520406-225x300.jpg\" alt=\"14 mai 2014 023\" width=\"180\" height=\"240\" srcset=\"https:\/\/www.la-tete-de-mule.fr\/wp-content\/uploads\/2012\/09\/14-mai-2014-023-e1400281520406-225x300.jpg 225w, https:\/\/www.la-tete-de-mule.fr\/wp-content\/uploads\/2012\/09\/14-mai-2014-023-e1400281520406-768x1024.jpg 768w\" sizes=\"auto, (max-width: 180px) 100vw, 180px\" \/><\/a><a href=\"http:\/\/www.la-tete-de-mule.fr\/wp-content\/uploads\/2012\/09\/07-f\u00e9vrier-2014-939.jpg\"><img loading=\"lazy\" decoding=\"async\" class=\"alignnone  wp-image-1581\" src=\"http:\/\/www.la-tete-de-mule.fr\/wp-content\/uploads\/2012\/09\/07-f\u00e9vrier-2014-939-223x300.jpg\" alt=\"07 f\u00e9vrier 2014 939\" width=\"160\" height=\"216\" \/><\/a><a href=\"http:\/\/www.la-tete-de-mule.fr\/wp-content\/uploads\/2012\/09\/07-f\u00e9vrier-2014-940.jpg\"><img loading=\"lazy\" decoding=\"async\" class=\"alignnone  wp-image-1583\" src=\"http:\/\/www.la-tete-de-mule.fr\/wp-content\/uploads\/2012\/09\/07-f\u00e9vrier-2014-940-223x300.jpg\" alt=\"07 f\u00e9vrier 2014 940\" width=\"201\" height=\"270\" srcset=\"https:\/\/www.la-tete-de-mule.fr\/wp-content\/uploads\/2012\/09\/07-f\u00e9vrier-2014-940-223x300.jpg 223w, https:\/\/www.la-tete-de-mule.fr\/wp-content\/uploads\/2012\/09\/07-f\u00e9vrier-2014-940-764x1024.jpg 764w, https:\/\/www.la-tete-de-mule.fr\/wp-content\/uploads\/2012\/09\/07-f\u00e9vrier-2014-940-600x804.jpg 600w, https:\/\/www.la-tete-de-mule.fr\/wp-content\/uploads\/2012\/09\/07-f\u00e9vrier-2014-940.jpg 1337w\" sizes=\"auto, (max-width: 201px) 100vw, 201px\" \/><\/a><\/strong><\/p>\n<p>\u00ab\u00a0Jazz et polar : un mariage original et surtout tr\u00e8s r\u00e9ussi dans ce spectacle complet o\u00f9 musiciens et com\u00e9diens se montrent excellents. On en redemande, encore et encore !\u00a0\u00bb\u00a0 <strong>Le T\u00e9l\u00e9gramme de Brest.<\/strong><\/p>\n<p><strong>Cr\u00e9ation le 19 juillet 2012<\/strong><br \/>\n<strong>Jean-Jacques Michelet<\/strong><\/p>\n<p>(33 repr\u00e9sentations)<\/p>\n<p style=\"text-align: justify;\">Sur une id\u00e9e de Marc Esposito intitul\u00e9e <em><strong>\u00ab\u00a0Jazz et polar\u00a0\u00bb<\/strong><\/em>, ce spectacle m\u00eale parfaitement les musiciens du Trio T3Bis et cinq com\u00e9diens de La T\u00eate De Mule.<\/p>\n<p style=\"text-align: justify;\">Un soir d\u2019orage au fond de la Bretagne, \u00c9douard et Natacha cherchent la demeure de la baronne Le Braz, dans l\u2019espoir de d\u00e9pouiller l\u2019anc\u00eatre\u2026<br \/>\nCe casse \u00e0 priori simple et fructueux devait marquer un tournant dans leur carri\u00e8re de petits truands; malheureusement pour eux, les choses qui se compliquent d\u2019embl\u00e9e ne feront qu\u2019empirer. Une aristocrate acari\u00e2tre, une bonne sourde et folle, un \u00e9trange garde-chasse, sans compter l\u2019immensit\u00e9 du ch\u00e2teau et son atmosph\u00e8re sinistre !<\/p>\n<p><em>Com\u00e9diens :<\/em><br \/>\nNatacha, P\u00e9lagie : Caroline Figuiera<br \/>\n\u00c9douard, Romuald : Julien Jobert<br \/>\nRose : Sarah Camus<br \/>\nLa baronne Le Braz : Jean-Jacques Michelet<br \/>\nUrbain, le cur\u00e9 : Yoann Voisin<\/p>\n<p><em>Musiciens :<\/em><br \/>\nMarc Esposito : Guitare<br \/>\nCaroline Schmid : Orgue<br \/>\nGildas Lefaix : Batterie<\/p>\n<p><em>R\u00e9gie g\u00e9n\u00e9rale :<\/em><br \/>\nSon et lumi\u00e8re : Eric Souverain<\/p>\n<p><span style=\"color: #339966;\">Notons qu&rsquo;une premi\u00e8re version de ce texte fut cr\u00e9\u00e9e en mai 1992 par La Compagnie Du D\u00e9sastre.<\/span><\/p>\n<p><em>Le texte int\u00e9gral de <strong>\u00ab Oseille et pissenlits \u00bb<\/strong> a paru fin 2011 aux \u00e9ditions de L\u2019Harmattan (suivi de <strong>\u00ab Bonne m\u00e8re ! \u00bb<\/strong>, pi\u00e8ce cr\u00e9\u00e9e en juin 2016 dans un festival organis\u00e9 par Le Grenier Du Nohain, sous la houlette de Jacques Berthomeau et dont l&rsquo;une des com\u00e9diennes &#8211; Cyndelle Guillot &#8211; remporta le Grand Prix d&rsquo;Interpr\u00e9tation ! ). <\/em><br \/>\n<em> Outre les points de vente habituels, vous pouvez vous le procurer directement aupr\u00e8s de nous (0613513887) et, tr\u00e8s bonne nouvelle, nous vous offrons les frais de port !<\/em><\/p>\n<h3><strong>Galerie photos<\/strong><\/h3>\n<div id='gallery-1' class='gallery galleryid-114 gallery-columns-4 gallery-size-thumbnail'><figure class='gallery-item'>\n\t\t\t<div class='gallery-icon landscape'>\n\t\t\t\t<a href='https:\/\/www.la-tete-de-mule.fr\/?attachment_id=989'><img loading=\"lazy\" decoding=\"async\" width=\"150\" height=\"150\" src=\"https:\/\/www.la-tete-de-mule.fr\/wp-content\/uploads\/2013\/06\/DSC_0287_753-150x150.jpg\" class=\"attachment-thumbnail size-thumbnail\" alt=\"\" \/><\/a>\n\t\t\t<\/div><\/figure><figure class='gallery-item'>\n\t\t\t<div class='gallery-icon portrait'>\n\t\t\t\t<a href='https:\/\/www.la-tete-de-mule.fr\/?attachment_id=988'><img loading=\"lazy\" decoding=\"async\" width=\"150\" height=\"150\" src=\"https:\/\/www.la-tete-de-mule.fr\/wp-content\/uploads\/2013\/06\/DSC_0224_694-150x150.jpg\" class=\"attachment-thumbnail size-thumbnail\" alt=\"\" \/><\/a>\n\t\t\t<\/div><\/figure><figure class='gallery-item'>\n\t\t\t<div class='gallery-icon portrait'>\n\t\t\t\t<a href='https:\/\/www.la-tete-de-mule.fr\/?attachment_id=987'><img loading=\"lazy\" decoding=\"async\" width=\"150\" height=\"150\" src=\"https:\/\/www.la-tete-de-mule.fr\/wp-content\/uploads\/2013\/06\/DSC_0207_677-150x150.jpg\" class=\"attachment-thumbnail size-thumbnail\" alt=\"\" \/><\/a>\n\t\t\t<\/div><\/figure><figure class='gallery-item'>\n\t\t\t<div class='gallery-icon portrait'>\n\t\t\t\t<a href='https:\/\/www.la-tete-de-mule.fr\/?attachment_id=986'><img loading=\"lazy\" decoding=\"async\" width=\"150\" height=\"150\" src=\"https:\/\/www.la-tete-de-mule.fr\/wp-content\/uploads\/2013\/06\/DSC_0051_525-1-150x150.jpg\" class=\"attachment-thumbnail size-thumbnail\" alt=\"\" \/><\/a>\n\t\t\t<\/div><\/figure><figure class='gallery-item'>\n\t\t\t<div class='gallery-icon landscape'>\n\t\t\t\t<a href='https:\/\/www.la-tete-de-mule.fr\/?attachment_id=993'><img loading=\"lazy\" decoding=\"async\" width=\"150\" height=\"150\" src=\"https:\/\/www.la-tete-de-mule.fr\/wp-content\/uploads\/2012\/09\/oseille21-150x150.jpg\" class=\"attachment-thumbnail size-thumbnail\" alt=\"\" \/><\/a>\n\t\t\t<\/div><\/figure>\n\t\t<\/div>\n\n","protected":false},"excerpt":{"rendered":"<p>\u00ab\u00a0Jazz et polar : un mariage original et surtout tr\u00e8s r\u00e9ussi dans ce spectacle complet o\u00f9 musiciens et com\u00e9diens se montrent excellents. On en redemande, encore et encore !\u00a0\u00bb\u00a0 Le T\u00e9l\u00e9gramme de Brest. Cr\u00e9ation le 19 juillet 2012 Jean-Jacques Michelet (33 repr\u00e9sentations) Sur une id\u00e9e de Marc Esposito intitul\u00e9e \u00ab\u00a0Jazz et polar\u00a0\u00bb, ce spectacle m\u00eale parfaitement les musiciens du Trio T3Bis et cinq com\u00e9diens de La T\u00eate De Mule. Un soir d\u2019orage au fond de la Bretagne, \u00c9douard et Natacha&#8230;<\/p>\n<p class=\"read-more\"><a class=\"btn btn-default\" href=\"https:\/\/www.la-tete-de-mule.fr\/?page_id=114\">Lire la suite<span class=\"screen-reader-text\"> Lire la suite<\/span><\/a><\/p>\n","protected":false},"author":5,"featured_media":0,"parent":75,"menu_order":0,"comment_status":"closed","ping_status":"open","template":"","meta":{"footnotes":""},"class_list":["post-114","page","type-page","status-publish","hentry"],"_links":{"self":[{"href":"https:\/\/www.la-tete-de-mule.fr\/index.php?rest_route=\/wp\/v2\/pages\/114","targetHints":{"allow":["GET"]}}],"collection":[{"href":"https:\/\/www.la-tete-de-mule.fr\/index.php?rest_route=\/wp\/v2\/pages"}],"about":[{"href":"https:\/\/www.la-tete-de-mule.fr\/index.php?rest_route=\/wp\/v2\/types\/page"}],"author":[{"embeddable":true,"href":"https:\/\/www.la-tete-de-mule.fr\/index.php?rest_route=\/wp\/v2\/users\/5"}],"replies":[{"embeddable":true,"href":"https:\/\/www.la-tete-de-mule.fr\/index.php?rest_route=%2Fwp%2Fv2%2Fcomments&post=114"}],"version-history":[{"count":32,"href":"https:\/\/www.la-tete-de-mule.fr\/index.php?rest_route=\/wp\/v2\/pages\/114\/revisions"}],"predecessor-version":[{"id":3597,"href":"https:\/\/www.la-tete-de-mule.fr\/index.php?rest_route=\/wp\/v2\/pages\/114\/revisions\/3597"}],"up":[{"embeddable":true,"href":"https:\/\/www.la-tete-de-mule.fr\/index.php?rest_route=\/wp\/v2\/pages\/75"}],"wp:attachment":[{"href":"https:\/\/www.la-tete-de-mule.fr\/index.php?rest_route=%2Fwp%2Fv2%2Fmedia&parent=114"}],"curies":[{"name":"wp","href":"https:\/\/api.w.org\/{rel}","templated":true}]}}