{"id":1827,"date":"2014-11-02T18:37:05","date_gmt":"2014-11-02T17:37:05","guid":{"rendered":"http:\/\/www.la-tete-de-mule.fr\/?page_id=1827"},"modified":"2015-11-20T12:18:36","modified_gmt":"2015-11-20T11:18:36","slug":"le-programme-2015","status":"publish","type":"page","link":"https:\/\/www.la-tete-de-mule.fr\/?page_id=1827","title":{"rendered":"\u00c9dition 2015"},"content":{"rendered":"<h1>Matin, midi et soir<\/h1>\n<h2>16 &amp; 17 janvier &#8211; 20 h<\/h2>\n<h1><img loading=\"lazy\" decoding=\"async\" class=\"aligncenter wp-image-1835 size-full\" src=\"http:\/\/www.la-tete-de-mule.fr\/wp-content\/uploads\/2014\/10\/brothers15.jpg\" alt=\"brothers15\" width=\"567\" height=\"331\" srcset=\"https:\/\/www.la-tete-de-mule.fr\/wp-content\/uploads\/2014\/10\/brothers15.jpg 567w, https:\/\/www.la-tete-de-mule.fr\/wp-content\/uploads\/2014\/10\/brothers15-300x175.jpg 300w\" sizes=\"auto, (max-width: 567px) 100vw, 567px\" \/><\/h1>\n<address>Les Fr\u00e8res Brothers : Fr\u00e9d\u00e9ric Charles, Bertrand Antigny, Jean-Christophe et Vincent Charnay.<br \/>\nProductions possibles<\/address>\n<p>Depuis 1998, Les Fr\u00e8res Brothers nous enchantent de leur humour vocal. Apr\u00e8s 5 spectacles, plus de 1000 repr\u00e9sentations dans toute la francophonie, 5 CD, 2 DVD \u2013 c\u2019est dire si ces \u201cfrangins\u201d connaissent leur sujet.<br \/>\nL&rsquo;aventure continue aujourd&rsquo;hui avec leur 6e et nouvelle cr\u00e9ation, Matin, midi et soir.<\/p>\n<p><strong>LE PARISIEN<\/strong><br \/>\nCes joyeux lurons s\u2019en donnent \u00e0 c\u0153ur joie instaurant une savoureuse complicit\u00e9 avec le public.<\/p>\n<p style=\"text-align: right;\"><a title=\"www.freresbrothers.net\" href=\"http:\/\/www.freresbrothers.net\" target=\"_blank\">www.freresbrothers.net<\/a><\/p>\n<h1>La dame de fer<\/h1>\n<h2>23 &amp; 24 janvier &#8211; 20 h<\/h2>\n<h1><a href=\"http:\/\/www.la-tete-de-mule.fr\/wp-content\/uploads\/2014\/10\/tatiana1.jpg\"><img loading=\"lazy\" decoding=\"async\" class=\"size-full wp-image-1870 aligncenter\" src=\"http:\/\/www.la-tete-de-mule.fr\/wp-content\/uploads\/2014\/10\/tatiana1.jpg\" alt=\"tatiana\" width=\"567\" height=\"312\" srcset=\"https:\/\/www.la-tete-de-mule.fr\/wp-content\/uploads\/2014\/10\/tatiana1.jpg 567w, https:\/\/www.la-tete-de-mule.fr\/wp-content\/uploads\/2014\/10\/tatiana1-300x165.jpg 300w\" sizes=\"auto, (max-width: 567px) 100vw, 567px\" \/><\/a><\/h1>\n<address>De et avec Tatiana Rojo<\/address>\n<address>Mise en sc\u00e8ne : Eric Checco<\/address>\n<p>Un one-woman-show hilarant et \u00e9mouvant sur l\u2019univers traditionnel d\u2019une maman africaine, Michelle, secou\u00e9e par le conflit de g\u00e9n\u00e9rations qui l\u2019oppose \u00e0 ses quatre<br \/>\nfilles&#8230; et qui se bat sans r\u00e9pit contre les al\u00e9as d\u2019une existence sans cesse menac\u00e9e.<br \/>\nDans une Afrique \u00e0 la fois convoit\u00e9e par les occidentaux et boud\u00e9e par ses jeunes las de pauvret\u00e9 et de conflits, Michelle, tr\u00f4ne au coeur de sa famille avec une joie et foi contagieuses.<\/p>\n<p><strong>LIB\u00c9RATION<\/strong><br \/>\nTatiana Rojo est hilarante quand elle raconte l\u2019Afrique et ses probl\u00e8mes.<\/p>\n<p style=\"text-align: right;\"><a title=\"www.checco.fr\" href=\"http:\/\/www.checco.fr\" target=\"_blank\">www.checco.fr<\/a><\/p>\n<h1>Le monde \u00e0 Jean-Marie<\/h1>\n<h2>Fugue th\u00e9\u00e2trale sous perfusion !!!<br \/>\n30 &amp; 31 janvier &#8211; 20 h<\/h2>\n<address><a href=\"http:\/\/www.la-tete-de-mule.fr\/wp-content\/uploads\/2014\/10\/jm15.jpg\"><img loading=\"lazy\" decoding=\"async\" class=\"aligncenter wp-image-1841 size-full\" src=\"http:\/\/www.la-tete-de-mule.fr\/wp-content\/uploads\/2014\/10\/jm15.jpg\" alt=\"jm15\" width=\"567\" height=\"312\" srcset=\"https:\/\/www.la-tete-de-mule.fr\/wp-content\/uploads\/2014\/10\/jm15.jpg 567w, https:\/\/www.la-tete-de-mule.fr\/wp-content\/uploads\/2014\/10\/jm15-300x165.jpg 300w\" sizes=\"auto, (max-width: 567px) 100vw, 567px\" \/><\/a>La compagnie \u00c0 l&rsquo;envers<br \/>\n\u00c9criture : Philippe Chevalier et Philippe Host<br \/>\nMise en sc\u00e8ne : Philippe Host<br \/>\nInterpr\u00e9tation : Philippe Chevalier et\u00a0 Philippe Host<\/address>\n<p><strong>Apr\u00e9s Grandchamps et Grollier, Formica Forever et l&rsquo;Oignon de Tr\u00e9vignolles&#8230;<\/strong><br \/>\nJean-Marie Chalut, ancien maire de Tr\u00e9vignolles-sur-Vaillante, patron mara\u00eecher de p\u00e8re en fils et pr\u00e9sident de l\u2019association En Avant l\u2019Oignon, r\u00e9side en maison de retraite. Le temps d\u2019une fugue, embringu\u00e9 par ses humeurs, il nous entra\u00eene dans son monde.<\/p>\n<p><strong>OUEST-FRANCE<\/strong><br \/>\nUn solo qui aborde le d\u00e9licat sujet de la maladie de la m\u00e9moire, sous le signe de l&rsquo;humour et de l&rsquo;\u00e9motion.<\/p>\n<p style=\"text-align: right;\"><a title=\"www.lacompagniealenvers.com\" href=\"http:\/\/www.lacompagniealenvers.com\" target=\"_blank\">www.lacompagniealenvers.com<\/a><\/p>\n<h1>Oseille et pissenlits<\/h1>\n<h2>6 &amp; 7 f\u00e9vrier &#8211; 20 h<\/h2>\n<address><a href=\"http:\/\/www.la-tete-de-mule.fr\/wp-content\/uploads\/2014\/10\/osetpissenlit15.jpg\"><img loading=\"lazy\" decoding=\"async\" class=\"aligncenter wp-image-1844 size-full\" src=\"http:\/\/www.la-tete-de-mule.fr\/wp-content\/uploads\/2014\/10\/osetpissenlit15.jpg\" alt=\"osetpissenlit15\" width=\"567\" height=\"312\" srcset=\"https:\/\/www.la-tete-de-mule.fr\/wp-content\/uploads\/2014\/10\/osetpissenlit15.jpg 567w, https:\/\/www.la-tete-de-mule.fr\/wp-content\/uploads\/2014\/10\/osetpissenlit15-300x165.jpg 300w\" sizes=\"auto, (max-width: 567px) 100vw, 567px\" \/><\/a>La t\u00eate de mule \/ trio t3 bis<br \/>\nDe Jean-Jacques Michelet &#8211; Mise en Sc\u00e8ne : Frank Sixdenier<br \/>\nAvec : Marc Esposito, Caroline Figuiera, Gildas Lefaix, Patryk Lory, Jean-Jacques Michelet, Caroline Schmid, Frank Sixdenier, Yoann Voisin<br \/>\nD\u00e9cor, r\u00e9gie : Eric Souverain<br \/>\nCostumes : Carmen Ducceschi<\/address>\n<p>Un soir d\u2019orage au fond de la Bretagne, \u00c9douard et Natacha cherchent la demeure de la baronne Le Braz, dans l\u2019espoir de d\u00e9pouiller l\u2019anc\u00eatre\u2026 Ce casse \u00e0 priori simple et fructueux devait marquer un tournant dans leur carri\u00e8re de petits truands; malheureusement pour eux, les choses qui se compliquent d\u2019embl\u00e9e ne feront qu\u2019empirer. Une aristocrate acari\u00e2tre, une bonne sourde et folle, un \u00e9trange garde-chasse, sans compter l\u2019immensit\u00e9 du ch\u00e2teau et son atmosph\u00e8re sinistre !<\/p>\n<p><strong>LE T\u00c9L\u00c9GRAMME DE BREST<\/strong><br \/>\nJazz et polar : un mariage original tr\u00e8s r\u00e9ussi dans ce spectacle complet o\u00f9 musiciens et com\u00e9diens se montrent excellents. On en redemande, encore et encore !<\/p>\n<p style=\"text-align: right;\"><a title=\"www.la-tete-de-mule.fr\" href=\"http:\/\/www.la-tete-de-mule.fr\" target=\"_blank\">www.la-tete-de-mule.fr<\/a><\/p>\n<h1>Hamlet<\/h1>\n<h2>13 &amp; 14 f\u00e9vrier &#8211; 20 h<\/h2>\n<address><a href=\"http:\/\/www.la-tete-de-mule.fr\/wp-content\/uploads\/2014\/10\/azimuth15.jpg\"><img loading=\"lazy\" decoding=\"async\" class=\"aligncenter wp-image-1846 size-full\" src=\"http:\/\/www.la-tete-de-mule.fr\/wp-content\/uploads\/2014\/10\/azimuth15.jpg\" alt=\"azimuth15\" width=\"567\" height=\"312\" srcset=\"https:\/\/www.la-tete-de-mule.fr\/wp-content\/uploads\/2014\/10\/azimuth15.jpg 567w, https:\/\/www.la-tete-de-mule.fr\/wp-content\/uploads\/2014\/10\/azimuth15-300x165.jpg 300w\" sizes=\"auto, (max-width: 567px) 100vw, 567px\" \/><\/a>De William Shakespeare<br \/>\nInterpr\u00e9t\u00e9 par bernard azimuth<br \/>\nMise en sc\u00e8ne : jean-herv\u00e9 app\u00e9r\u00e9<\/address>\n<p>Azimuth s\u2019empare d\u2019Hamlet ou Hamlet s\u2019empare-t-il d\u2019Azimuth ? La question reste pos\u00e9e devant ce spectacle baroque et n\u00e9vros\u00e9, dans lequel on retrouve les situations ainsi que les personnages embl\u00e9matiques de la trag\u00e9die d\u2019Hamlet.<br \/>\nSi l\u2019esprit \u00e9lisab\u00e9thain et l\u2019art de William Shakespeare sont respect\u00e9s, le personnage Azimuth est sans cesse pr\u00e9sent, d\u00e9ployant ainsi une mise en abyme \u00e9tonnante et rendant au texte un pouvoir de destruction massive.<\/p>\n<p><strong>LES DERNI\u00c8RES NOUVELLES D&rsquo;ALSACE<\/strong><br \/>\nUn nouvel Azimuth est toujours une bonne nouvelle. Les aficionados comprendront<\/p>\n<p style=\"text-align: right;\"><a title=\"www.bernardazimuth.com\" href=\"http:\/\/www.bernardazimuth.com\" target=\"_blank\">www.bernardazimuth.com<\/a><\/p>\n<h1>Perrault, \u00e7a cartoon<\/h1>\n<h2>20 &amp; 21 f\u00e9vrier &#8211; 20 h<\/h2>\n<address><a href=\"http:\/\/www.la-tete-de-mule.fr\/wp-content\/uploads\/2014\/10\/perraut15.jpg\"><img loading=\"lazy\" decoding=\"async\" class=\"aligncenter wp-image-1849 size-full\" src=\"http:\/\/www.la-tete-de-mule.fr\/wp-content\/uploads\/2014\/10\/perraut15.jpg\" alt=\"perraut15\" width=\"567\" height=\"312\" srcset=\"https:\/\/www.la-tete-de-mule.fr\/wp-content\/uploads\/2014\/10\/perraut15.jpg 567w, https:\/\/www.la-tete-de-mule.fr\/wp-content\/uploads\/2014\/10\/perraut15-300x165.jpg 300w\" sizes=\"auto, (max-width: 567px) 100vw, 567px\" \/><\/a>Imagin\u00e9 par St\u00e9phane Roux<br \/>\nAvec St\u00e9phane Roux &amp; Samuel Sen\u00e9 ou Julien Mouchel<br \/>\nMise en sc\u00e8ne : Tristan Petitgirard &amp; St\u00e9phane Roux, assist\u00e9s d\u2019Ariane Zantain<\/address>\n<p>Imaginez cinq contes de Perrault racont\u00e9s \u00e0 la mani\u00e8re de dessins anim\u00e9s : \u00ab Le Chat bott\u00e9 \u00bb fa\u00e7on Schrek, \u00ab Le petit Poucet \u00bb \u00e0 la mani\u00e8re de Kirikou, \u00ab Barbe Bleue \u00bb en manga, \u00ab Les f\u00e9es \u00bb en th\u00e9\u00e2tre d\u2019ombres et \u00ab Le Petit Chaperon rouge \u00bb en Tex Avery&#8230; Le tout mis en musique et bruit\u00e9 en direct par le ma\u00eetre de musique de Perrault, dans le salon du grand auteur ! D\u00e9lirant, non ?<\/p>\n<p><strong>LA PROVENCE<\/strong><br \/>\nGr\u00e2ce \u00e0 St\u00e9phane Roux, les contes de Perrault se prennent donc une cure de jeunesse et&#8230; \u00e7a cartonne !<\/p>\n<p style=\"text-align: right;\"><a title=\"www.stephycom.com\" href=\"http:\/\/www.stephycom.com\" target=\"_blank\">www.stephycom.com<\/a><\/p>\n<h1>L&rsquo;\u00e9mule du pape<\/h1>\n<h2>13 &amp; 14 mars &#8211; 20 h<\/h2>\n<address><a href=\"http:\/\/www.la-tete-de-mule.fr\/wp-content\/uploads\/2014\/10\/pape15.jpg\"><img loading=\"lazy\" decoding=\"async\" class=\"aligncenter wp-image-1851 size-full\" src=\"http:\/\/www.la-tete-de-mule.fr\/wp-content\/uploads\/2014\/10\/pape15.jpg\" alt=\"pape15\" width=\"567\" height=\"312\" srcset=\"https:\/\/www.la-tete-de-mule.fr\/wp-content\/uploads\/2014\/10\/pape15.jpg 567w, https:\/\/www.la-tete-de-mule.fr\/wp-content\/uploads\/2014\/10\/pape15-300x165.jpg 300w\" sizes=\"auto, (max-width: 567px) 100vw, 567px\" \/><\/a>De Michel Heim<br \/>\navec J\u00e9r\u00f4me Cuvilliez, Franck Isoart, C\u00e9cile Billand, Laurent Plessi, Xavier Sibuet<br \/>\nMise en sc\u00e8ne : Jean-Pierre Rouvellat<br \/>\nCostumes : Guillaume Attwood<\/address>\n<p>Apr\u00e8s La Nuit des Reines et La Nuit des Dupes, Michel Heim met \u00e0 nouveau l\u2019Histoire en pi\u00e8ce et en alexandrins. Cette fois, il s\u2019attaque aux Borgia : le pape Alexandre VI, ses enfants, Juan, C\u00e9sar et Lucr\u00e8ce, aux prises avec Savonarole, leur ennemi jur\u00e9. Le jeune Tazzio, amant autant qu\u2019\u00e9mule du Pape, va devenir malgr\u00e9 lui l\u2019enjeu de la lutte entre Savonarole, l\u2019int\u00e9griste, et Borgia, le d\u00e9bauch\u00e9.<br \/>\nUne histoire \u00e0 fortes r\u00e9sonnances contemporaines.<\/p>\n<p><strong>TATOUVU.COM<\/strong><br \/>\nTransgressions en cascades ! Un v\u00e9ritable pamphlet totalement iconoclaste ! Et nom de Dieu, \u00e7a fait du bien !<\/p>\n<p style=\"text-align: right;\"><a title=\"www.le-theatre-de-michel-heim.fr\" href=\"http:\/\/www.le-theatre-de-michel-heim.fr\" target=\"_blank\">www.le-theatre-de-michel-heim.fr<\/a><\/p>\n<h1>Isabeau de R. \u2013 \u00ab \u00c0 suivre ! \u00bb<\/h1>\n<h2>20 &amp; 21 mars &#8211; 20 h<\/h2>\n<address><a href=\"http:\/\/www.la-tete-de-mule.fr\/wp-content\/uploads\/2014\/10\/isabeau15.jpg\"><img loading=\"lazy\" decoding=\"async\" class=\"aligncenter wp-image-1854 size-full\" src=\"http:\/\/www.la-tete-de-mule.fr\/wp-content\/uploads\/2014\/10\/isabeau15.jpg\" alt=\"isabeau15\" width=\"567\" height=\"312\" srcset=\"https:\/\/www.la-tete-de-mule.fr\/wp-content\/uploads\/2014\/10\/isabeau15.jpg 567w, https:\/\/www.la-tete-de-mule.fr\/wp-content\/uploads\/2014\/10\/isabeau15-300x165.jpg 300w\" sizes=\"auto, (max-width: 567px) 100vw, 567px\" \/><\/a>De et avec Isabeau de R.<br \/>\nMise en sc\u00e8ne : H\u00e9l\u00e8ne Serres<\/address>\n<p>Isabeau de R. d\u00e9cortique avec humour l&rsquo;\u00e9volution de notre soci\u00e9t\u00e9. Fous rires garantis !<br \/>\nSon sketch \u00a0\u00bb L&rsquo;\u00c9cole \u00ab\u00a0, \u00e0 l&rsquo;origine de son nouveau spectacle \u00a0\u00bb \u00c0 suivre ! \u00ab\u00a0, a tr\u00e8s vite d\u00e9pass\u00e9 le million de vues sur Dailymotion !<br \/>\nObservatrice hors pair, Isabeau de R. aime d\u00e9peindre avec humour et finesse des situations ou des personnages criants de v\u00e9rit\u00e9.<br \/>\nL&rsquo;ex-business woman a d\u00e9j\u00e0 r\u00e9ussi un pari: celui d&rsquo;imposer son style, bien tremp\u00e9 et inimitable.<br \/>\nIsabeau de R., c&rsquo;est l&rsquo;\u00e9l\u00e9gance au service de l&rsquo;humour.<\/p>\n<p><strong>LE FIGARO MAGAZINE<\/strong><br \/>\nAvec Isabeau, c\u2019est du concret, de l\u2019efficace et du dr\u00f4le.<\/p>\n<p style=\"text-align: right;\"><a title=\"www.IsabeaudeR.com\" href=\"http:\/\/www.IsabeaudeR.com\" target=\"_blank\">www.IsabeaudeR.com<\/a><\/p>\n<h1>Borderline<\/h1>\n<h2>27 &amp; 28 mars &#8211; 20 h<\/h2>\n<address><a href=\"http:\/\/www.la-tete-de-mule.fr\/wp-content\/uploads\/2014\/10\/chocfrontal15.jpg\"><img loading=\"lazy\" decoding=\"async\" class=\"aligncenter wp-image-1857 size-full\" src=\"http:\/\/www.la-tete-de-mule.fr\/wp-content\/uploads\/2014\/10\/chocfrontal15.jpg\" alt=\"chocfrontal15\" width=\"567\" height=\"312\" srcset=\"https:\/\/www.la-tete-de-mule.fr\/wp-content\/uploads\/2014\/10\/chocfrontal15.jpg 567w, https:\/\/www.la-tete-de-mule.fr\/wp-content\/uploads\/2014\/10\/chocfrontal15-300x165.jpg 300w\" sizes=\"auto, (max-width: 567px) 100vw, 567px\" \/><\/a>Avec : Chavari &amp; Durand<br \/>\nde Xavier Chavari<br \/>\nMise en sc\u00e8ne : Chavari &amp; Durand<\/address>\n<p>Chavari et Durand entra\u00eenent le spectateur dans des histoires d\u00e9lirantes, ponctu\u00e9es de situations inattendues, de rencontres improbables, d&rsquo;\u00e9poques ou de genres qui se t\u00e9lescopent. Au gr\u00e9 de dialogues savoureux et percutants, le duo se lance dans une joute verbale joyeusement rythm\u00e9e o\u00f9 le choc des mots r\u00e9pond \u00e0 la po\u00e9sie du langage.<br \/>\nLa plume de Chavari, pr\u00e9cise et pertinente, permet aux com\u00e9diens de surfer sur la cr\u00eate de sujets d\u00e9licats, sans<br \/>\njamais basculer dans le vulgaire et le facile.<\/p>\n<p><strong>LA NOUVELLE R\u00c9PUBLIQUE<\/strong><br \/>\nUn d\u00e9luge de bons mots, des cascades de moments dr\u00f4les qui s&rsquo;encha\u00eenent sans temps mort, avec beaucoup de rythme.<\/p>\n<p style=\"text-align: right;\"><a title=\"www.chavaridurand.com\" href=\"http:\/\/www.chavaridurand.com\" target=\"_blank\">www.chavaridurand.com<\/a><\/p>\n<h1>Mais n&rsquo;te prom\u00e8ne pas toute nue \/ Feu la m\u00e8re de madame<\/h1>\n<h2>3 &amp; 4 avril &#8211; 20 h<\/h2>\n<address><a href=\"http:\/\/www.la-tete-de-mule.fr\/wp-content\/uploads\/2014\/10\/feydeau15.jpg\"><img loading=\"lazy\" decoding=\"async\" class=\"size-full wp-image-1860 aligncenter\" src=\"http:\/\/www.la-tete-de-mule.fr\/wp-content\/uploads\/2014\/10\/feydeau15.jpg\" alt=\"feydeau15\" width=\"567\" height=\"312\" srcset=\"https:\/\/www.la-tete-de-mule.fr\/wp-content\/uploads\/2014\/10\/feydeau15.jpg 567w, https:\/\/www.la-tete-de-mule.fr\/wp-content\/uploads\/2014\/10\/feydeau15-300x165.jpg 300w\" sizes=\"auto, (max-width: 567px) 100vw, 567px\" \/><\/a>La T\u00eate de Mule<br \/>\nDe Georges Feydeau<br \/>\nMise en sc\u00e8ne : Frank Sixdenier<br \/>\nAvec : Caroline Figuiera, Jean-Jacques Michelet, Agn\u00e8s Sara\u00efva, Frank Sixdenier, Eric Souverain, Yoann Voisin<br \/>\nD\u00e9cors, r\u00e9gie : Eric Souverain<br \/>\nCostumes : Nelly Graillot<\/address>\n<p>Dans la premi\u00e8re pi\u00e8ce, le d\u00e9put\u00e9 Ventroux se plaint de son \u00e9pouse en tenue l\u00e9g\u00e8re, alors qu&rsquo;il doit recevoir un gros industriel susceptible de servir sa carri\u00e8re politique&#8230; Dans la seconde, un homme rentre \u00e9m\u00e9ch\u00e9 en pleine nuit. Alors que sa femme l&rsquo;accable de reproches et que la dispute ne cesse d&rsquo;enfler, un domestique les interrompt&#8230;<br \/>\nCette m\u00e9canique de pr\u00e9cision tient avant tout par un \u00e9clat de rire permanent !<\/p>\n<p><strong>LE PROGR\u00c8S<\/strong><br \/>\nLa qualit\u00e9 du jeu au service d&rsquo;un burlesque \u00e9clatant !<\/p>\n<p style=\"text-align: right;\"><a title=\"www.la-tete-de-mule.fr\" href=\"http:\/\/www.la-tete-de-mule.fr\" target=\"_blank\">www.la-tete-de-mule.fr<\/a><\/p>\n<h1>Chansons sur ordonnance<\/h1>\n<h2>10 &amp; 11 avril &#8211; 20 h<\/h2>\n<address><a href=\"http:\/\/www.la-tete-de-mule.fr\/wp-content\/uploads\/2014\/10\/annadre15.jpg\"><img loading=\"lazy\" decoding=\"async\" class=\"size-full wp-image-1862 aligncenter\" src=\"http:\/\/www.la-tete-de-mule.fr\/wp-content\/uploads\/2014\/10\/annadre15.jpg\" alt=\"annadre15\" width=\"567\" height=\"312\" srcset=\"https:\/\/www.la-tete-de-mule.fr\/wp-content\/uploads\/2014\/10\/annadre15.jpg 567w, https:\/\/www.la-tete-de-mule.fr\/wp-content\/uploads\/2014\/10\/annadre15-300x165.jpg 300w\" sizes=\"auto, (max-width: 567px) 100vw, 567px\" \/><\/a>De et avec Annadr\u00e9<\/address>\n<p>Annadr\u00e9 est discoth\u00e9rapeute, elle chante, danse, d\u00e9tourne et prescrit des chansons ! Apr\u00e8s des ann\u00e9es de recherche, elle r\u00e9volutionne le monde m\u00e9dical gr\u00e2ce \u00e0 une nouvelle m\u00e9thode qui soigne aussi bien les inflammations amoureuses \u00e0 r\u00e9p\u00e9tition que les allergies, l\u2019acn\u00e9 et la nymphomanie tardive. Dans la m\u00eame journ\u00e9e elle re\u00e7oit ses patients, r\u00e9pond au t\u00e9l\u00e9phone et fait grimper la temp\u00e9rature en salle d\u2019attente.<br \/>\nDemandez un diagnostic ! La consultation est incluse dans le spectacle.<\/p>\n<p><strong>SUD-OUEST<\/strong><br \/>\nDu glamour, de la folie, une voix exceptionnelle, une th\u00e9rapeute comme on aimerait tous en avoir une !<\/p>\n<p><a title=\"www.annadre.com\" href=\"http:\/\/www.annadre.com\" target=\"_blank\">www.annadre.com<\/a><\/p>\n<h1>Quoi de neuf ? Moli\u00e8re !<\/h1>\n<h2>17 &amp; 18 avril &#8211; 20 h<\/h2>\n<address><a href=\"http:\/\/www.la-tete-de-mule.fr\/wp-content\/uploads\/2014\/10\/LamyChavariDurand-CreditJosephDurand.jpg\"><img loading=\"lazy\" decoding=\"async\" class=\"size-full wp-image-1864 aligncenter\" src=\"http:\/\/www.la-tete-de-mule.fr\/wp-content\/uploads\/2014\/10\/LamyChavariDurand-CreditJosephDurand.jpg\" alt=\"LamyChavariDurand-CreditJosephDurand\" width=\"567\" height=\"312\" srcset=\"https:\/\/www.la-tete-de-mule.fr\/wp-content\/uploads\/2014\/10\/LamyChavariDurand-CreditJosephDurand.jpg 567w, https:\/\/www.la-tete-de-mule.fr\/wp-content\/uploads\/2014\/10\/LamyChavariDurand-CreditJosephDurand-300x165.jpg 300w\" sizes=\"auto, (max-width: 567px) 100vw, 567px\" \/><\/a>Avec : Chavari &amp; Durand et Cathy Lamy<br \/>\nTextes de Moli\u00e8re<br \/>\nMise en sc\u00e8ne : Chavari &amp; Durand et Cathy Lamy<\/address>\n<p>Associ\u00e9s \u00e0 Cathy Lamy, Chavari et Durand revisitent les sc\u00e8nes les plus dr\u00f4les de l&rsquo;auteur, r\u00e9v\u00e9lant ses th\u00e8mes de pr\u00e9dilection \u00e0 l&rsquo;aune de notre actualit\u00e9. Le trio se joue du dramaturge par un assemblage de textes percutant et, pour mieux le raccrocher \u00e0 notre \u00e9poque, les trois com\u00e9diens s&rsquo;amusent \u00e0 parodier le style de Moli\u00e8re ou imaginer une autre suite \u00e0 ses personnages.<br \/>\nLa mise en sc\u00e8ne, efficace et jubilatoire, est agr\u00e9ment\u00e9e de nombreux d\u00e9tails, anecdotes ou autres dr\u00f4leries, pour que novices ou initi\u00e9s se rejoignent dans un m\u00eame \u00e9clat de rire !<\/p>\n<p><strong>CITYLOCALNEWS<\/strong><br \/>\nC&rsquo;est le public qui est tordu de rire une heure durant devant ce trio extraordinaire.<\/p>\n<p style=\"text-align: right;\"><a title=\"www.chavaridurand.com\" href=\"http:\/\/www.chavaridurand.com\" target=\"_blank\">www.chavaridurand.com<\/a><\/p>\n","protected":false},"excerpt":{"rendered":"<p>Matin, midi et soir 16 &amp; 17 janvier &#8211; 20 h Les Fr\u00e8res Brothers : Fr\u00e9d\u00e9ric Charles, Bertrand Antigny, Jean-Christophe et Vincent Charnay. Productions possibles Depuis 1998, Les Fr\u00e8res Brothers nous enchantent de leur humour vocal. Apr\u00e8s 5 spectacles, plus de 1000 repr\u00e9sentations dans toute la francophonie, 5 CD, 2 DVD \u2013 c\u2019est dire si ces \u201cfrangins\u201d connaissent leur sujet. L&rsquo;aventure continue aujourd&rsquo;hui avec leur 6e et nouvelle cr\u00e9ation, Matin, midi et soir. LE PARISIEN Ces joyeux lurons s\u2019en donnent&#8230;<\/p>\n<p class=\"read-more\"><a class=\"btn btn-default\" href=\"https:\/\/www.la-tete-de-mule.fr\/?page_id=1827\">Lire la suite<span class=\"screen-reader-text\"> Lire la suite<\/span><\/a><\/p>\n","protected":false},"author":5,"featured_media":0,"parent":77,"menu_order":2,"comment_status":"open","ping_status":"open","template":"","meta":{"footnotes":""},"class_list":["post-1827","page","type-page","status-publish","hentry"],"_links":{"self":[{"href":"https:\/\/www.la-tete-de-mule.fr\/index.php?rest_route=\/wp\/v2\/pages\/1827","targetHints":{"allow":["GET"]}}],"collection":[{"href":"https:\/\/www.la-tete-de-mule.fr\/index.php?rest_route=\/wp\/v2\/pages"}],"about":[{"href":"https:\/\/www.la-tete-de-mule.fr\/index.php?rest_route=\/wp\/v2\/types\/page"}],"author":[{"embeddable":true,"href":"https:\/\/www.la-tete-de-mule.fr\/index.php?rest_route=\/wp\/v2\/users\/5"}],"replies":[{"embeddable":true,"href":"https:\/\/www.la-tete-de-mule.fr\/index.php?rest_route=%2Fwp%2Fv2%2Fcomments&post=1827"}],"version-history":[{"count":43,"href":"https:\/\/www.la-tete-de-mule.fr\/index.php?rest_route=\/wp\/v2\/pages\/1827\/revisions"}],"predecessor-version":[{"id":2006,"href":"https:\/\/www.la-tete-de-mule.fr\/index.php?rest_route=\/wp\/v2\/pages\/1827\/revisions\/2006"}],"up":[{"embeddable":true,"href":"https:\/\/www.la-tete-de-mule.fr\/index.php?rest_route=\/wp\/v2\/pages\/77"}],"wp:attachment":[{"href":"https:\/\/www.la-tete-de-mule.fr\/index.php?rest_route=%2Fwp%2Fv2%2Fmedia&parent=1827"}],"curies":[{"name":"wp","href":"https:\/\/api.w.org\/{rel}","templated":true}]}}