{"id":1967,"date":"2015-11-20T11:47:52","date_gmt":"2015-11-20T10:47:52","guid":{"rendered":"http:\/\/www.la-tete-de-mule.fr\/?page_id=1967"},"modified":"2016-11-13T10:59:27","modified_gmt":"2016-11-13T09:59:27","slug":"le-programme-2016","status":"publish","type":"page","link":"https:\/\/www.la-tete-de-mule.fr\/?page_id=1967","title":{"rendered":"\u00c9dition 2016"},"content":{"rendered":"<h2><a href=\"http:\/\/www.la-tete-de-mule.fr\/wp-content\/uploads\/2015\/11\/boudu.jpg\"><img loading=\"lazy\" decoding=\"async\" class=\"alignleft size-full wp-image-1982\" src=\"http:\/\/www.la-tete-de-mule.fr\/wp-content\/uploads\/2015\/11\/boudu.jpg\" alt=\"boudu\" width=\"3264\" height=\"2448\" srcset=\"https:\/\/www.la-tete-de-mule.fr\/wp-content\/uploads\/2015\/11\/boudu.jpg 3264w, https:\/\/www.la-tete-de-mule.fr\/wp-content\/uploads\/2015\/11\/boudu-300x225.jpg 300w, https:\/\/www.la-tete-de-mule.fr\/wp-content\/uploads\/2015\/11\/boudu-1024x768.jpg 1024w, https:\/\/www.la-tete-de-mule.fr\/wp-content\/uploads\/2015\/11\/boudu-600x450.jpg 600w\" sizes=\"auto, (max-width: 3264px) 100vw, 3264px\" \/><\/a>8 &amp; 9 janvier &#8211; 20 h<\/h2>\n<h1>Boudu les cops<\/h1>\n<p>DE ET AVEC V\u00c9RONIQUE DUBUISSON, MURIEL ERD\u00d6DY ET BERNADETTE MOUILLERAC<\/p>\n<p style=\"text-align: justify;\">Les Cop\u2019s reviennent aux sources, \u00e0 leurs premi\u00e8res amours et \u00e0 la formation d\u2019origine. V\u00e9ronique Dubuisson , Muriel Erd\u00f6dy et Bernadette Mouillerac reprennent les chansons de leurs d\u00e9buts et plus encore&#8230;<\/p>\n<p style=\"text-align: justify;\"><strong>Le Dauphin\u00e9 Lib\u00e9r\u00e9 :<\/strong><br \/>\n<em>Sur des textes irr\u00e9v\u00e9rencieux et dr\u00f4les \u00e0 souhait, anecdotes et chansons se succ\u00e8dent, jouant dans tous les registres, elles nous emportent..<\/em><\/p>\n<p><a title=\"www.boudulescops.com\" href=\"http:\/\/www.boudulescops.com\" target=\"_blank\">www.boudulescops.com<\/a><\/p>\n<h2><a href=\"http:\/\/www.la-tete-de-mule.fr\/wp-content\/uploads\/2015\/11\/ouest.jpg\"><img loading=\"lazy\" decoding=\"async\" class=\"alignleft size-full wp-image-1983\" src=\"http:\/\/www.la-tete-de-mule.fr\/wp-content\/uploads\/2015\/11\/ouest.jpg\" alt=\"ouest\" width=\"1280\" height=\"853\" srcset=\"https:\/\/www.la-tete-de-mule.fr\/wp-content\/uploads\/2015\/11\/ouest.jpg 1280w, https:\/\/www.la-tete-de-mule.fr\/wp-content\/uploads\/2015\/11\/ouest-300x200.jpg 300w, https:\/\/www.la-tete-de-mule.fr\/wp-content\/uploads\/2015\/11\/ouest-1024x682.jpg 1024w, https:\/\/www.la-tete-de-mule.fr\/wp-content\/uploads\/2015\/11\/ouest-600x400.jpg 600w\" sizes=\"auto, (max-width: 1280px) 100vw, 1280px\" \/><\/a>15 &amp; 16 janvier &#8211; 20 h<\/h2>\n<h1>Compl\u00e8tement \u00e0 l&rsquo;ouest<\/h1>\n<p>TEXTES DE PIERRE-EMMANUEL BARR\u00c9 ET FR\u00c9D\u00c9RIQUE QUELVEN<br \/>\nAVEC FR\u00c9D\u00c9RIQUE QUELVEN<\/p>\n<p style=\"text-align: justify;\">Des ovnis bretons se retrouvent pour \u00e9crire et mettre en sc\u00e8ne un one woman show : des tableaux in\u00e9dits, des portraits \u00e9bouriffants, des situations cruelles&#8230;<br \/>\nTout y passe : les vieux, les chinois, les enfants, la mort et la Bretagne bien s\u00fbr\u2026 De la femme qui cherche un nouveau visage \u00e0 une r\u00e9alisatrice de films pornographiques pour personnes \u00e2g\u00e9es, en passant par Pierrick l\u2019humoriste breton rat\u00e9 du Dolmen Comedy Club\u2026\u00a0 Bref, avec \u00ab Compl\u00e8tement \u00e0 l\u2019ouest \u00bb vous allez vous prendre un tramway dans la face.<\/p>\n<p><strong>La Provence<\/strong><br \/>\n<em> Les amateurs d&rsquo;humour noir seront combl\u00e9s.<\/em><\/p>\n<p><a title=\"www.frederiquequelven.com\" href=\"http:\/\/www.frederiquequelven.com\" target=\"_blank\">www.frederiquequelven.com<\/a><\/p>\n<h2><a href=\"http:\/\/www.la-tete-de-mule.fr\/wp-content\/uploads\/2015\/11\/glandeursok2.jpg\"><img loading=\"lazy\" decoding=\"async\" class=\"alignleft size-full wp-image-1985\" src=\"http:\/\/www.la-tete-de-mule.fr\/wp-content\/uploads\/2015\/11\/glandeursok2.jpg\" alt=\"glandeursok2\" width=\"2159\" height=\"1812\" srcset=\"https:\/\/www.la-tete-de-mule.fr\/wp-content\/uploads\/2015\/11\/glandeursok2.jpg 2159w, https:\/\/www.la-tete-de-mule.fr\/wp-content\/uploads\/2015\/11\/glandeursok2-300x252.jpg 300w, https:\/\/www.la-tete-de-mule.fr\/wp-content\/uploads\/2015\/11\/glandeursok2-1024x859.jpg 1024w, https:\/\/www.la-tete-de-mule.fr\/wp-content\/uploads\/2015\/11\/glandeursok2-600x504.jpg 600w\" sizes=\"auto, (max-width: 2159px) 100vw, 2159px\" \/><\/a>22 &amp; 23 janvier &#8211; 20 h<\/h2>\n<h1>Les glandeurs nature<\/h1>\n<p>DE ET AVEC FRANCK MIGEON (N\u00c9N\u00c9) &amp; MOHAMED BOUNOUARA (BICHOKO)<\/p>\n<p style=\"text-align: justify;\">Les Glandeurs Nature reviennent en duo avec \u00ab un spectacle r\u00e9jouissant et plein de trouvailles \u00bb. Pour \u00e9chapper au ch\u00f4mage, N\u00e9n\u00e9 et Bichoko font un C.V. vid\u00e9o qui d\u00e9m\u00e9nage : ils sont embauch\u00e9s dans un th\u00e9\u00e2tre pour faire le m\u00e9nage, mais ils causent tant de ravages qu\u2019ils se retrouvent\u2026 au ch\u00f4mage !<\/p>\n<p><strong>T\u00e9l\u00e9rama<\/strong><br \/>\n<em>D\u00e8s l\u2019entr\u00e9e, le reubeu hilare \u00e0 l\u2019accent toulousain et le gaulois maigrichon et binoclard d\u00e9clenchent un rire g\u00e9n\u00e9ral !<\/em><\/p>\n<p><a title=\"lesglandeursnature.com\" href=\"http:\/\/lesglandeursnature.com\" target=\"_blank\">lesglandeursnature.com<\/a><\/p>\n<h2><a href=\"http:\/\/www.la-tete-de-mule.fr\/wp-content\/uploads\/2015\/11\/barbier.jpg\"><img loading=\"lazy\" decoding=\"async\" class=\"alignleft size-full wp-image-1987\" src=\"http:\/\/www.la-tete-de-mule.fr\/wp-content\/uploads\/2015\/11\/barbier.jpg\" alt=\"barbier\" width=\"4256\" height=\"2832\" srcset=\"https:\/\/www.la-tete-de-mule.fr\/wp-content\/uploads\/2015\/11\/barbier.jpg 4256w, https:\/\/www.la-tete-de-mule.fr\/wp-content\/uploads\/2015\/11\/barbier-300x200.jpg 300w, https:\/\/www.la-tete-de-mule.fr\/wp-content\/uploads\/2015\/11\/barbier-1024x681.jpg 1024w, https:\/\/www.la-tete-de-mule.fr\/wp-content\/uploads\/2015\/11\/barbier-600x399.jpg 600w\" sizes=\"auto, (max-width: 4256px) 100vw, 4256px\" \/><\/a>29 &amp; 30 janvier &#8211; 20 h<\/h2>\n<h1>Le barbier de S\u00e9ville<\/h1>\n<p>COMPAGNIE LA T\u00caTE DE MULE<br \/>\nDE BEAUMARCHAIS<br \/>\nMISE EN SC\u00c8NE : FRANK SIXDENIER<br \/>\nAVEC : CAROLINE FIGUIERA, PATRICK LORY, JEAN-JACQUES MICHELET, FRANK SIXDENIER, ERIC SOUVERAIN, YOANN VOISIN<\/p>\n<p style=\"text-align: justify;\">Apr\u00e8s des dizaines de repr\u00e9sentations \u00e0 travers l&rsquo;Europe francophone, le spectacle revient \u00e0 Dijon pour la premi\u00e8re fois depuis 2010 ! Ce Barbier, cr\u00e9\u00e9 par Beaumarchais, nous ferait presque oublier Moli\u00e8re ou Marivaux, tant son auteur a fabriqu\u00e9 avec lui un h\u00e9ros immortel, dont l\u2019intelligence et l\u2019impertinence restent \u00e0 ce jour in\u00e9gal\u00e9es\u2026<\/p>\n<p><strong>La Voix du Nord<\/strong><br \/>\n<em>Com\u00e9diens impeccables dans une mise en sc\u00e8ne inventive. LA bonne surprise du festival !<\/em><\/p>\n<p><a title=\"www.la-tete-de-mule.fr\" href=\"http:\/\/www.la-tete-de-mule.fr\">www.la-tete-de-mule.fr<\/a><\/p>\n<h2><a href=\"http:\/\/www.la-tete-de-mule.fr\/wp-content\/uploads\/2015\/11\/amieslesbetes.jpg\"><img loading=\"lazy\" decoding=\"async\" class=\"alignleft size-full wp-image-1989\" src=\"http:\/\/www.la-tete-de-mule.fr\/wp-content\/uploads\/2015\/11\/amieslesbetes.jpg\" alt=\"amieslesbetes\" width=\"2524\" height=\"1872\" srcset=\"https:\/\/www.la-tete-de-mule.fr\/wp-content\/uploads\/2015\/11\/amieslesbetes.jpg 2524w, https:\/\/www.la-tete-de-mule.fr\/wp-content\/uploads\/2015\/11\/amieslesbetes-300x223.jpg 300w, https:\/\/www.la-tete-de-mule.fr\/wp-content\/uploads\/2015\/11\/amieslesbetes-1024x759.jpg 1024w, https:\/\/www.la-tete-de-mule.fr\/wp-content\/uploads\/2015\/11\/amieslesbetes-600x445.jpg 600w\" sizes=\"auto, (max-width: 2524px) 100vw, 2524px\" \/><\/a>5 &amp; 6 f\u00e9vrier &#8211; 20 h<\/h2>\n<h1>Nos amies les b\u00eates<\/h1>\n<p>ONE WOMAN SHOW DE XAVIER CHAVARI ET SOPHIE MARION<br \/>\nPAR Sophie MARION<\/p>\n<p>Un documentaire animalier\u00a0d\u00e9jant\u00e9\u00a0pr\u00e9sente cinq portraits de femmes nuisibles, bross\u00e9s au vitriol\u00a0!<br \/>\nLa Theatrum Pregnante, metteur en sc\u00e8ne tyrannique et langue de vip\u00e8re&#8230;<br \/>\nL\u2019Ophioglosse Anigmatus, vermine d\u00e9vou\u00e9e au Dolce Farniente&#8230;<br \/>\nLa Jargonaphasique, animatrice TV sc\u00e9l\u00e9rate et opportuniste&#8230;<br \/>\nLa Condylure Puante, crapule de f\u00eate foraine&#8230;<br \/>\nLa Mar\u00e9chale Cornue, ex-enseignante en r\u00e9gion parisienne&#8230;<br \/>\nSur une musique originale de Walter Klauzeth !<\/p>\n<p><strong>Le Figaroscope<\/strong><br \/>\n<em>Sophie Marion connait son m\u00e9tier sur le bout des ongles. La voir jouer est un v\u00e9ritable plaisir.<\/em><\/p>\n<p><a title=\"www.facebook.com\/nosamieslesbetes\" href=\"http:\/\/www.facebook.com\/nosamieslesbetes\" target=\"_blank\">www.facebook.com\/nosamieslesbetes<\/a><\/p>\n<h2><a href=\"http:\/\/www.la-tete-de-mule.fr\/wp-content\/uploads\/2015\/11\/avare.jpg\"><img loading=\"lazy\" decoding=\"async\" class=\"alignleft size-full wp-image-1990\" src=\"http:\/\/www.la-tete-de-mule.fr\/wp-content\/uploads\/2015\/11\/avare.jpg\" alt=\"avare\" width=\"5101\" height=\"3401\" srcset=\"https:\/\/www.la-tete-de-mule.fr\/wp-content\/uploads\/2015\/11\/avare.jpg 5101w, https:\/\/www.la-tete-de-mule.fr\/wp-content\/uploads\/2015\/11\/avare-300x200.jpg 300w, https:\/\/www.la-tete-de-mule.fr\/wp-content\/uploads\/2015\/11\/avare-1024x683.jpg 1024w, https:\/\/www.la-tete-de-mule.fr\/wp-content\/uploads\/2015\/11\/avare-600x400.jpg 600w\" sizes=\"auto, (max-width: 5101px) 100vw, 5101px\" \/><\/a>12 &amp; 13 f\u00e9vrier &#8211; 20 h<\/h2>\n<h1>Un avare d\u2019apr\u00e8s Moli\u00e8re, Jean-Pierre et Sylvie<\/h1>\n<p>AVEC MARIE-EMILIE NAYRAND, SANDRINE GELIN, JEAN-LUC BOSC<br \/>\nADAPTATION ET MISE EN SC\u00c8NE : JEAN-LUC BOSC<br \/>\nCO-PRODUCTION : KARAVAN TH\u00c9\u00c2TRE \/ VILLE DE CHASSIEU (69)<\/p>\n<p>Une fois le g\u00e9n\u00e9rique lanc\u00e9, rien ne doit troubler le d\u00e9roulement de la repr\u00e9sentation de l\u2019Avare. Harpagon est le centre de toutes les intrigues ; chacun cherche \u00e0 le faire plier, \u00e0 le d\u00e9vier de sa voie pour qu\u2019il pose enfin un regard aimant sur les \u00eatres qui l\u2019entourent. Mais Moli\u00e8re ne lui laisse aucune chance de r\u00e9demption.<br \/>\nEt au fait, Jean-Pierre et Sylvie, qu\u2019en pensent-ils ? Ils ont leur mot \u00e0 dire&#8230; Non ?<\/p>\n<p><strong>Midi Libre<\/strong><br \/>\n<em>Cette adaptation &#8211; enrichie par les commentaires des acteurs redevenus simples spectateurs, par l\u2019apport des masques et des marionnettes &#8211; a soulev\u00e9 l\u2019enthousiasme du public.<\/em><\/p>\n<p><a title=\"le.voyageur.debout.free.fr\" href=\"http:\/\/le.voyageur.debout.free.fr\" target=\"_blank\">le.voyageur.debout.free.fr<\/a><\/p>\n<h2><a href=\"http:\/\/www.la-tete-de-mule.fr\/wp-content\/uploads\/2015\/11\/L-Electronik-Jaze-17-C_.jpg\"><img loading=\"lazy\" decoding=\"async\" class=\"alignleft size-full wp-image-1991\" src=\"http:\/\/www.la-tete-de-mule.fr\/wp-content\/uploads\/2015\/11\/L-Electronik-Jaze-17-C_.jpg\" alt=\"L Electronik Jaze 17 - C_\" width=\"1181\" height=\"972\" srcset=\"https:\/\/www.la-tete-de-mule.fr\/wp-content\/uploads\/2015\/11\/L-Electronik-Jaze-17-C_.jpg 1181w, https:\/\/www.la-tete-de-mule.fr\/wp-content\/uploads\/2015\/11\/L-Electronik-Jaze-17-C_-300x247.jpg 300w, https:\/\/www.la-tete-de-mule.fr\/wp-content\/uploads\/2015\/11\/L-Electronik-Jaze-17-C_-1024x843.jpg 1024w, https:\/\/www.la-tete-de-mule.fr\/wp-content\/uploads\/2015\/11\/L-Electronik-Jaze-17-C_-600x494.jpg 600w\" sizes=\"auto, (max-width: 1181px) 100vw, 1181px\" \/><\/a>4 &amp; 5 mars &#8211; 20 h<\/h2>\n<h1>L&rsquo;\u00e9lecTronik J\u00e2Ze! (MarTintouSeul)<\/h1>\n<p>DE ET AVEC J\u00c9R\u00d4ME MARTINE<br \/>\nMISE EN SC\u00c8NE : CHRISTOPHE ANDRAL<\/p>\n<p>Savant fou, pr\u00eacheur d\u00e9cal\u00e9, Monsieur Martin nous pr\u00e9sente sa nouvelle invention l&rsquo;Electronik J\u00e2ze*: Une machine infernale, v\u00e9ritable capteur-\u00e9metteur de vibrations humaines\u2026<br \/>\nC&rsquo;est au travers d&rsquo;exp\u00e9riences insolites et de chansons al\u00e9atoires avec sa surprenante machine que cet inimitable conf\u00e9rencier de l&rsquo;absurde et doux r\u00eaveur, invite le spectateur dans son univers vibratoire et d\u00e9cal\u00e9.<\/p>\n<p>* Le j\u00e2ze est une batterie minimaliste utilis\u00e9e dans les ann\u00e9es 20 pour s&rsquo;accompagner.<\/p>\n<p><strong>Sud-Ouest<\/strong><br \/>\n<em>Bonimenteur illumin\u00e9, Monsieur Martin a fait d\u00e9couvrir sa nouvelle trouvaille, l\u2019Electronik J\u00e2ze, \u00e0 un public hilare.<\/em><\/p>\n<p><a title=\"www.martintouseul.com\" href=\"http:\/\/www.martintouseul.com\" target=\"_blank\">www.martintouseul.com<\/a><\/p>\n<h2><a href=\"http:\/\/www.la-tete-de-mule.fr\/wp-content\/uploads\/2015\/11\/Choc-Frontal-David-VINCENOT-028.jpg\"><img loading=\"lazy\" decoding=\"async\" class=\"alignleft size-full wp-image-1992\" src=\"http:\/\/www.la-tete-de-mule.fr\/wp-content\/uploads\/2015\/11\/Choc-Frontal-David-VINCENOT-028.jpg\" alt=\"Choc Frontal (David VINCENOT) 028\" width=\"1600\" height=\"1200\" srcset=\"https:\/\/www.la-tete-de-mule.fr\/wp-content\/uploads\/2015\/11\/Choc-Frontal-David-VINCENOT-028.jpg 1600w, https:\/\/www.la-tete-de-mule.fr\/wp-content\/uploads\/2015\/11\/Choc-Frontal-David-VINCENOT-028-300x225.jpg 300w, https:\/\/www.la-tete-de-mule.fr\/wp-content\/uploads\/2015\/11\/Choc-Frontal-David-VINCENOT-028-1024x768.jpg 1024w, https:\/\/www.la-tete-de-mule.fr\/wp-content\/uploads\/2015\/11\/Choc-Frontal-David-VINCENOT-028-600x450.jpg 600w\" sizes=\"auto, (max-width: 1600px) 100vw, 1600px\" \/><\/a>11 &amp; 12 mars &#8211; 20 h<\/h2>\n<h1>Choc frontal<\/h1>\n<p>DE ET PAR CHAVARI ET DURAND<\/p>\n<p>Les grands classiques du duo, les sketches qui ont fait la r\u00e9putation de Chavari &amp; Durand : le d\u00e9bat politique, la marelle, les biscuits, Ah non y&rsquo;en a&#8230;, le conflit de connards, la drogue&#8230;<br \/>\nChavari &amp; Durand s&rsquo;engouffrent dans les moindres recoins de la langue fran\u00e7aise avec un humour d\u00e9capant, plongent dans l&rsquo;absurde sans bou\u00e9e, d\u00e9poussi\u00e8rent le quotidien, d\u00e9coiffent les id\u00e9es re\u00e7ues, \u00e9bouriffent les alexandrins &#8230; Le duo met le public dans sa poche dans un H\u00e9norme \u00e9clat de rire.<\/p>\n<p><strong>Le Point<\/strong><br \/>\n<em>Bruno Durand et Xavier Chavari transforment leurs bouilles de joyeux ahuris \u00e0 longueur de sketches.<\/em><\/p>\n<p><a title=\"www.m.chavaridurand.com \" href=\"http:\/\/www.m.chavaridurand.com%20\" target=\"_blank\">www.m.chavaridurand.com <\/a><\/p>\n<h2><a href=\"http:\/\/www.la-tete-de-mule.fr\/wp-content\/uploads\/2015\/11\/Fanny.jpg\"><img loading=\"lazy\" decoding=\"async\" class=\"alignleft size-full wp-image-1993\" src=\"http:\/\/www.la-tete-de-mule.fr\/wp-content\/uploads\/2015\/11\/Fanny.jpg\" alt=\"Fanny\" width=\"1637\" height=\"1136\" srcset=\"https:\/\/www.la-tete-de-mule.fr\/wp-content\/uploads\/2015\/11\/Fanny.jpg 1637w, https:\/\/www.la-tete-de-mule.fr\/wp-content\/uploads\/2015\/11\/Fanny-300x208.jpg 300w, https:\/\/www.la-tete-de-mule.fr\/wp-content\/uploads\/2015\/11\/Fanny-1024x711.jpg 1024w, https:\/\/www.la-tete-de-mule.fr\/wp-content\/uploads\/2015\/11\/Fanny-600x416.jpg 600w\" sizes=\"auto, (max-width: 1637px) 100vw, 1637px\" \/><\/a>18 &amp; 19 mars &#8211; 20 h<\/h2>\n<h1>D\u00e9tention d\u00e9risoire<\/h1>\n<p>AVEC FANNY MERMET<br \/>\nTEXTES FANNY MERMET ET JEAN-JACQUES DEVAUX.<br \/>\nMISE EN SC\u00c8NE : PATRICIA LEVREY<\/p>\n<p>Le juge a dit \u00ab NON COUPABLE \u00bb apr\u00e8s 30 ans de prison, il \u00e9tait temps ! Se retrouver dehors ne va pas \u00eatre simple, Fanny en sera-t-elle \u00ab NON CAPABLE \u00bb !?!<br \/>\nEn tout cas, elle ne demande qu&rsquo;\u00e0 apprendre et \u00e0 comprendre l&rsquo;\u00e9trange fonctionnement des gens du dehors&#8230; C&rsquo;est-\u00e0-dire, \u00ab\u00a0vous\u00a0\u00bb !!!<br \/>\nSi vous avez des explications \u00e0 lui fournir, n&rsquo;h\u00e9sitez pas !<br \/>\nC&rsquo;est avec humour et finesse que Fanny d\u00e9nonce la violence du milieu carc\u00e9ral et les absurdit\u00e9s de notre soci\u00e9t\u00e9. C&rsquo;est dr\u00f4le, intelligent.<\/p>\n<p><strong>Nice Matin<\/strong><br \/>\n<em>Les situations sont cocasses et la jeune femme de 40 ans tordante.<\/em><\/p>\n<p><a title=\"www.fannymermet.com\" href=\"http:\/\/www.fannymermet.com\" target=\"_blank\">www.fannymermet.com<\/a><\/p>\n<h2><a href=\"http:\/\/www.la-tete-de-mule.fr\/wp-content\/uploads\/2015\/11\/moustache-credit-photo-Philippe-GAMARD1.jpg\"><img loading=\"lazy\" decoding=\"async\" class=\"alignleft size-full wp-image-1995\" src=\"http:\/\/www.la-tete-de-mule.fr\/wp-content\/uploads\/2015\/11\/moustache-credit-photo-Philippe-GAMARD1.jpg\" alt=\"moustache credit photo Philippe GAMARD\" width=\"6016\" height=\"4016\" srcset=\"https:\/\/www.la-tete-de-mule.fr\/wp-content\/uploads\/2015\/11\/moustache-credit-photo-Philippe-GAMARD1.jpg 6016w, https:\/\/www.la-tete-de-mule.fr\/wp-content\/uploads\/2015\/11\/moustache-credit-photo-Philippe-GAMARD1-300x200.jpg 300w, https:\/\/www.la-tete-de-mule.fr\/wp-content\/uploads\/2015\/11\/moustache-credit-photo-Philippe-GAMARD1-1024x684.jpg 1024w, https:\/\/www.la-tete-de-mule.fr\/wp-content\/uploads\/2015\/11\/moustache-credit-photo-Philippe-GAMARD1-600x401.jpg 600w\" sizes=\"auto, (max-width: 6016px) 100vw, 6016px\" \/><\/a>25 &amp; 26 mars &#8211; 20 h<\/h2>\n<h1>L&rsquo;odyss\u00e9e de la moustache<\/h1>\n<p>TEXTE ET JEU : ALI BOUGHERABA<br \/>\nMISE EN SC\u00c8NE : MARC PISTOLESI<\/p>\n<p>Comme tous les soirs, Ali raconte des histoires<br \/>\n\u00e0 sa fille.\u00a0 Chevalier\u00a0 papa,\u00a0 h\u00e9ros\u00a0 des\u00a0 temps<br \/>\nmodernes, Ali affronte un \u00e0 un les p\u00e9rils plac\u00e9s<br \/>\nsur le long chemin de la paternit\u00e9.<br \/>\nIl tente de r\u00e9pondre aux questions si joliment<br \/>\ninnocentes et pourtant terriblement complexes<br \/>\nde\u00a0 sa\u00a0 fillette\u00a0 de\u00a0 4\u00a0 ans\u00a0 et\u00a0 transforme\u00a0 ainsi\u00a0 les<br \/>\ngravit\u00e9s du quotidien en merveilles \u00e0 \u00e9couter.<\/p>\n<p><strong>Le Point<\/strong><br \/>\n<em>Ali\u00a0 est\u00a0 un\u00a0 humoriste\u00a0 conteur,\u00a0 un\u00a0 com\u00e9dien atypique,\u00a0 ses\u00a0 r\u00e9cits\u00a0 \u00e9piques,\u00a0 sans\u00a0 clich\u00e9s rel\u00e8vent plus du conte th\u00e9\u00e2tral que du pur one man show. \u00a0<\/em><\/p>\n<p><a title=\"www.lagencedespectacles.com\" href=\"http:\/\/www.lagencedespectacles.com\" target=\"_blank\">www.lagencedespectacles.com<\/a><\/p>\n<h2><a href=\"http:\/\/www.la-tete-de-mule.fr\/wp-content\/uploads\/2015\/11\/feydeau2.jpg\"><img loading=\"lazy\" decoding=\"async\" class=\"alignleft size-full wp-image-1996\" src=\"http:\/\/www.la-tete-de-mule.fr\/wp-content\/uploads\/2015\/11\/feydeau2.jpg\" alt=\"feydeau2\" width=\"2272\" height=\"1704\" srcset=\"https:\/\/www.la-tete-de-mule.fr\/wp-content\/uploads\/2015\/11\/feydeau2.jpg 2272w, https:\/\/www.la-tete-de-mule.fr\/wp-content\/uploads\/2015\/11\/feydeau2-300x225.jpg 300w, https:\/\/www.la-tete-de-mule.fr\/wp-content\/uploads\/2015\/11\/feydeau2-1024x768.jpg 1024w, https:\/\/www.la-tete-de-mule.fr\/wp-content\/uploads\/2015\/11\/feydeau2-600x450.jpg 600w\" sizes=\"auto, (max-width: 2272px) 100vw, 2272px\" \/><\/a>1er &amp; 2 avril &#8211; 20 h<\/h2>\n<h1>Mais n&rsquo;te prom\u00e8ne donc pas toute nue \/ Feu la m\u00e8re de madame<\/h1>\n<p>COMPAGNIE LA T\u00caTE DE MULE<br \/>\nDE FEYDEAU<br \/>\nMISE EN SC\u00c8NE : FRANK SIXDENIER<br \/>\nAVEC : CAROLINE FIGUIERA, JEAN-JACQUES MICHELET, AGNES SARA\u00cfVA, FRANK SIXDENIER, ERIC SOUVERAIN, YOANN VOISIN<\/p>\n<p>Suite au triomphe connu l&rsquo;an pass\u00e9 avec des repr\u00e9sentations compl\u00e8tes, la Fontaine du Rire accueille \u00e0 nouveau ces deux pi\u00e8ces de Feydeau. Dans la premi\u00e8re , le d\u00e9put\u00e9 Ventroux se plaint de son \u00e9pouse en tenue l\u00e9g\u00e8re&#8230; Dans la seconde, un homme rentre \u00e9m\u00e9ch\u00e9 en pleine nuit&#8230;<\/p>\n<p><strong>Le Progr\u00e8s<\/strong><br \/>\n<em>La qualit\u00e9 du jeu au service d\u2019un burlesque \u00e9clatant !<\/em><\/p>\n<p><a title=\"www.la-tete-de-mule.fr\" href=\"http:\/\/www.la-tete-de-mule.fr\">www.la-tete-de-mule.fr<\/a><\/p>\n<h2><a href=\"http:\/\/www.la-tete-de-mule.fr\/wp-content\/uploads\/2015\/11\/gilles-detroit.jpg\"><img loading=\"lazy\" decoding=\"async\" class=\"alignleft size-full wp-image-1998\" src=\"http:\/\/www.la-tete-de-mule.fr\/wp-content\/uploads\/2015\/11\/gilles-detroit.jpg\" alt=\"gilles-detroit\" width=\"4146\" height=\"2907\" srcset=\"https:\/\/www.la-tete-de-mule.fr\/wp-content\/uploads\/2015\/11\/gilles-detroit.jpg 4146w, https:\/\/www.la-tete-de-mule.fr\/wp-content\/uploads\/2015\/11\/gilles-detroit-300x210.jpg 300w, https:\/\/www.la-tete-de-mule.fr\/wp-content\/uploads\/2015\/11\/gilles-detroit-1024x718.jpg 1024w, https:\/\/www.la-tete-de-mule.fr\/wp-content\/uploads\/2015\/11\/gilles-detroit-600x421.jpg 600w\" sizes=\"auto, (max-width: 4146px) 100vw, 4146px\" \/><\/a>8 &amp; 9 avril &#8211; 20 h<\/h2>\n<h1>Tr\u00e9pidant quotidien<\/h1>\n<p>DE ET AVEC GILLES D\u00c9TROIT<\/p>\n<p>Gilles D\u00e9troit revient avec ses classiques mais aussi de nouveaux sketches ! Avec lui, des choses aussi banales que prendre un billet dans un distributeur SNCF ou se familiariser avec son nouveau smartphone se transforment en d&rsquo;incroyables situations au comique ravageur. Les petits et grands travers de la vie conjugale n\u2019\u00e9chappent pas non plus \u00e0 son sens aigu de la d\u00e9rision et de l\u2019absurde.<br \/>\nGilles Detroit fait du spectateur son complice et l\u2019entra\u00eene dans un cauchemar domestique \u00e0 hurler&#8230; de rire ! Un vrai rem\u00e8de \u00e0 la morosit\u00e9!<\/p>\n<p><strong>T\u00e9l\u00e9rama<\/strong><br \/>\n<em>Son esprit caustique fait merveille !<\/em><\/p>\n<p><a title=\"www.gillesdetroit.fr\" href=\"http:\/\/www.gillesdetroit.fr\" target=\"_blank\">www.gillesdetroit.fr<\/a><\/p>\n","protected":false},"excerpt":{"rendered":"<p>8 &amp; 9 janvier &#8211; 20 h Boudu les cops DE ET AVEC V\u00c9RONIQUE DUBUISSON, MURIEL ERD\u00d6DY ET BERNADETTE MOUILLERAC Les Cop\u2019s reviennent aux sources, \u00e0 leurs premi\u00e8res amours et \u00e0 la formation d\u2019origine. V\u00e9ronique Dubuisson , Muriel Erd\u00f6dy et Bernadette Mouillerac reprennent les chansons de leurs d\u00e9buts et plus encore&#8230; Le Dauphin\u00e9 Lib\u00e9r\u00e9 : Sur des textes irr\u00e9v\u00e9rencieux et dr\u00f4les \u00e0 souhait, anecdotes et chansons se succ\u00e8dent, jouant dans tous les registres, elles nous emportent.. www.boudulescops.com 15 &amp; 16&#8230;<\/p>\n<p class=\"read-more\"><a class=\"btn btn-default\" href=\"https:\/\/www.la-tete-de-mule.fr\/?page_id=1967\">Lire la suite<span class=\"screen-reader-text\"> Lire la suite<\/span><\/a><\/p>\n","protected":false},"author":5,"featured_media":0,"parent":77,"menu_order":2,"comment_status":"open","ping_status":"open","template":"","meta":{"footnotes":""},"class_list":["post-1967","page","type-page","status-publish","hentry"],"_links":{"self":[{"href":"https:\/\/www.la-tete-de-mule.fr\/index.php?rest_route=\/wp\/v2\/pages\/1967","targetHints":{"allow":["GET"]}}],"collection":[{"href":"https:\/\/www.la-tete-de-mule.fr\/index.php?rest_route=\/wp\/v2\/pages"}],"about":[{"href":"https:\/\/www.la-tete-de-mule.fr\/index.php?rest_route=\/wp\/v2\/types\/page"}],"author":[{"embeddable":true,"href":"https:\/\/www.la-tete-de-mule.fr\/index.php?rest_route=\/wp\/v2\/users\/5"}],"replies":[{"embeddable":true,"href":"https:\/\/www.la-tete-de-mule.fr\/index.php?rest_route=%2Fwp%2Fv2%2Fcomments&post=1967"}],"version-history":[{"count":21,"href":"https:\/\/www.la-tete-de-mule.fr\/index.php?rest_route=\/wp\/v2\/pages\/1967\/revisions"}],"predecessor-version":[{"id":2124,"href":"https:\/\/www.la-tete-de-mule.fr\/index.php?rest_route=\/wp\/v2\/pages\/1967\/revisions\/2124"}],"up":[{"embeddable":true,"href":"https:\/\/www.la-tete-de-mule.fr\/index.php?rest_route=\/wp\/v2\/pages\/77"}],"wp:attachment":[{"href":"https:\/\/www.la-tete-de-mule.fr\/index.php?rest_route=%2Fwp%2Fv2%2Fmedia&parent=1967"}],"curies":[{"name":"wp","href":"https:\/\/api.w.org\/{rel}","templated":true}]}}