{"id":2,"date":"2012-09-03T11:10:44","date_gmt":"2012-09-03T11:10:44","guid":{"rendered":"http:\/\/localhost:8888\/tetedemule\/?page_id=2"},"modified":"2024-02-07T17:06:38","modified_gmt":"2024-02-07T16:06:38","slug":"page-d-exemple","status":"publish","type":"page","link":"https:\/\/www.la-tete-de-mule.fr\/?page_id=2","title":{"rendered":"La Compagnie"},"content":{"rendered":"<p><a href=\"http:\/\/www.la-tete-de-mule.fr\/wp-content\/uploads\/2012\/10\/logomule.jpg\"><img loading=\"lazy\" decoding=\"async\" class=\"alignleft wp-image-549\" src=\"http:\/\/www.la-tete-de-mule.fr\/wp-content\/uploads\/2012\/10\/logomule.jpg\" alt=\"logomule.jpg\" width=\"114\" height=\"114\" \/><\/a><a href=\"http:\/\/www.la-tete-de-mule.fr\/wp-content\/uploads\/2012\/09\/14-mai-2014-002-e1400274077198.jpg\"><img loading=\"lazy\" decoding=\"async\" class=\"wp-image-1594  alignleft\" src=\"http:\/\/www.la-tete-de-mule.fr\/wp-content\/uploads\/2012\/09\/14-mai-2014-002-e1400274077198-150x150.jpg\" alt=\"14 mai 2014 002\" width=\"155\" height=\"155\" \/><\/a><\/p>\n<p><a href=\"http:\/\/www.la-tete-de-mule.fr\/wp-content\/uploads\/2021\/11\/tamponbourricot.jpg\"><img loading=\"lazy\" decoding=\"async\" class=\"wp-image-3058 alignnone\" src=\"http:\/\/www.la-tete-de-mule.fr\/wp-content\/uploads\/2021\/11\/tamponbourricot-300x300.jpg\" alt=\"\" width=\"146\" height=\"146\" srcset=\"https:\/\/www.la-tete-de-mule.fr\/wp-content\/uploads\/2021\/11\/tamponbourricot-300x300.jpg 300w, https:\/\/www.la-tete-de-mule.fr\/wp-content\/uploads\/2021\/11\/tamponbourricot-100x100.jpg 100w, https:\/\/www.la-tete-de-mule.fr\/wp-content\/uploads\/2021\/11\/tamponbourricot-600x600.jpg 600w, https:\/\/www.la-tete-de-mule.fr\/wp-content\/uploads\/2021\/11\/tamponbourricot-1024x1024.jpg 1024w, https:\/\/www.la-tete-de-mule.fr\/wp-content\/uploads\/2021\/11\/tamponbourricot-150x150.jpg 150w, https:\/\/www.la-tete-de-mule.fr\/wp-content\/uploads\/2021\/11\/tamponbourricot-768x768.jpg 768w, https:\/\/www.la-tete-de-mule.fr\/wp-content\/uploads\/2021\/11\/tamponbourricot-1536x1536.jpg 1536w, https:\/\/www.la-tete-de-mule.fr\/wp-content\/uploads\/2021\/11\/tamponbourricot-270x270.jpg 270w, https:\/\/www.la-tete-de-mule.fr\/wp-content\/uploads\/2021\/11\/tamponbourricot-1320x1320.jpg 1320w, https:\/\/www.la-tete-de-mule.fr\/wp-content\/uploads\/2021\/11\/tamponbourricot.jpg 1969w\" sizes=\"auto, (max-width: 146px) 100vw, 146px\" \/><\/a><\/p>\n<p><strong>C<\/strong>ompagnie professionnelle cr\u00e9\u00e9e en novembre 1983 \u00e0 Dijon, la T\u00eate de Mule a regroup\u00e9 une grosse trentaine d\u2019artistes : com\u00e9diens, auteurs, musiciens, metteurs en sc\u00e8ne, d\u00e9corateurs, costumi\u00e8res, vid\u00e9astes, dessinateurs, marionnettistes\u2026<\/p>\n<p>Elle compte \u00e0 ce jour plus de 6 000 repr\u00e9sentations \u00e0 travers l&rsquo;Europe.<\/p>\n<p><span style=\"color: #800000;\"><strong>Elle f\u00eatera ses 40 ans en grande pompe en 2024, avec la reprise de quelques-unes de ses pi\u00e8ces mythiques cr\u00e9\u00e9es depuis quatre d\u00e9cennies !<\/strong><\/span><\/p>\n<p>Elle organise en outre depuis 1989<em><strong> \u00ab\u00a0La Fontaine Du Rire\u00a0\u00bb<\/strong><\/em>, festival d&rsquo;humour regroupant des compagnies d&rsquo;audience nationale et internationales !<\/p>\n<table style=\"height: 1511px;\" width=\"631\" cellspacing=\"10\">\n<tbody>\n<tr class=\"row-1 odd\">\n<td class=\"column-1\"><a href=\"http:\/\/www.la-tete-de-mule.fr\/wp-content\/uploads\/2012\/09\/PhilippeB.jpg\"><img loading=\"lazy\" decoding=\"async\" class=\"alignleft size-full wp-image-11\" title=\"PhilippeB\" src=\"http:\/\/www.la-tete-de-mule.fr\/wp-content\/uploads\/2012\/09\/PhilippeB.jpg\" alt=\"\" width=\"99\" height=\"149\" \/><\/a><strong><strong><strong><strong>Philippe BERNARDOT <\/strong><\/strong><\/strong><\/strong>Com\u00e9dien. Depuis 1997, il a particip\u00e9 \u00e0 moult aventures de La T\u00eate de Mule. Il est actuellement pr\u00e9sent dans deux spectacles, \u00e0 savoir <em><strong>\u00ab\u00a0La perle magique\u00a0\u00bb<\/strong><\/em> (1029 repr\u00e9sentations fin d\u00e9cembre 2023 !) et r\u00e9cemment <em><strong>\u00ab\u00a0Walter a terre ?\u00a0\u00bb<\/strong><\/em> (cr\u00e9\u00e9 en 2020 entre deux confinements&#8230;)<\/td>\n<\/tr>\n<tr class=\"row-2 even\">\n<td class=\"column-1\"><strong><a href=\"http:\/\/www.la-tete-de-mule.fr\/wp-content\/uploads\/2021\/11\/photo-alex-1.png\"><img loading=\"lazy\" decoding=\"async\" class=\" wp-image-2991 alignleft\" src=\"http:\/\/www.la-tete-de-mule.fr\/wp-content\/uploads\/2021\/11\/photo-alex-1-200x300.png\" alt=\"\" width=\"98\" height=\"147\" srcset=\"https:\/\/www.la-tete-de-mule.fr\/wp-content\/uploads\/2021\/11\/photo-alex-1-200x300.png 200w, https:\/\/www.la-tete-de-mule.fr\/wp-content\/uploads\/2021\/11\/photo-alex-1-180x270.png 180w, https:\/\/www.la-tete-de-mule.fr\/wp-content\/uploads\/2021\/11\/photo-alex-1.png 463w\" sizes=\"auto, (max-width: 98px) 100vw, 98px\" \/><\/a>Alexandra FREBAULT<br \/>\n<\/strong>A cr\u00e9\u00e9 en 2009 la compagnie l&rsquo;Oiseau Monde au sein de laquelle elle monte ses propres textes. Elle poursuit en parall\u00e8le son activit\u00e9 de com\u00e9dienne et collabore avec Le Bourricot et La T\u00eate De Mule depuis juin 2021, en int\u00e9grant les distributions de <em><strong>\u00ab\u00a0Gr\u00e9goire Kerdruc et le Livre Enchant\u00e9\u00a0\u00bb<\/strong><\/em> et <em><strong>\u00ab\u00a0Les singeries de S\u00e9raphin\u00a0\u00bb<\/strong><\/em>. Elle a particip\u00e9 le 03 juillet 2022 \u00e0 la cr\u00e9ation du dernier spectacle en date de la troupe <em><strong>\u00ab\u00a0\u00c7a coule de source !\u00a0\u00bb<\/strong><\/em><\/td>\n<\/tr>\n<tr class=\"row-3 odd\">\n<td class=\"column-1\"><a href=\"http:\/\/www.la-tete-de-mule.fr\/wp-content\/uploads\/2012\/09\/caro.jpg\"><img loading=\"lazy\" decoding=\"async\" class=\"alignleft size-full wp-image-13\" title=\"caro\" src=\"http:\/\/www.la-tete-de-mule.fr\/wp-content\/uploads\/2012\/09\/caro.jpg\" alt=\"\" width=\"99\" height=\"149\" \/><\/a><strong><strong><strong>Caroline FIGUIERA <\/strong><\/strong><\/strong>Responsable des ateliers enfants et adolescents.<\/td>\n<\/tr>\n<tr class=\"row-4 even\">\n<td class=\"column-1\"><\/td>\n<\/tr>\n<tr class=\"row-5 odd\">\n<td class=\"column-1\"><a href=\"http:\/\/www.la-tete-de-mule.fr\/wp-content\/uploads\/2012\/09\/jjmich.jpg\"><img loading=\"lazy\" decoding=\"async\" class=\"alignleft size-full wp-image-15\" title=\"jjmich\" src=\"http:\/\/www.la-tete-de-mule.fr\/wp-content\/uploads\/2012\/09\/jjmich.jpg\" alt=\"\" width=\"99\" height=\"149\" \/><\/a><strong><strong><strong>Jean-Jacques MICHELET <\/strong><\/strong><\/strong>Auteur, administrateur, com\u00e9dien. Cr\u00e9ateur de la compagnie et pr\u00e9sent dans quarante-trois spectacles mont\u00e9s depuis <strong>MAI 1984<\/strong> ! De plus en plus tourn\u00e9 vers l&rsquo;\u00e9criture, une cinquantaine de ses textes a \u00e9t\u00e9 publi\u00e9e dans diff\u00e9rentes maisons d&rsquo;\u00e9dition plus ou moins prestigieuses.<\/td>\n<\/tr>\n<tr class=\"row-6 even\">\n<td class=\"column-1\"><a href=\"http:\/\/www.la-tete-de-mule.fr\/wp-content\/uploads\/2012\/09\/delphine.jpg\"><img loading=\"lazy\" decoding=\"async\" class=\"alignleft size-full wp-image-16\" title=\"delphine\" src=\"http:\/\/www.la-tete-de-mule.fr\/wp-content\/uploads\/2012\/09\/delphine.jpg\" alt=\"\" width=\"99\" height=\"149\" \/><\/a><strong><strong><strong>Delphine RIBEIRO <\/strong><\/strong><\/strong>Chanteuse, com\u00e9dienne. Depuis son arriv\u00e9e en 2003 dans <em><strong>\u00ab\u00a0Chat d\u00e9m\u00e9nage\u00a0\u00bb<\/strong><\/em>, elle a particip\u00e9 \u00e0 deux autres cr\u00e9ations de la compagnie <em><strong>\u00ab\u00a0Fleur a disparu !\u00a0\u00bb<\/strong><\/em> (2011) et <em><strong>\u00ab\u00a0De mal en pie&#8230;\u00a0\u00bb<\/strong><\/em> (2013).<\/td>\n<\/tr>\n<tr class=\"row-7 odd\">\n<td class=\"column-1\"><a href=\"http:\/\/www.la-tete-de-mule.fr\/wp-content\/uploads\/2024\/01\/Photo-Lison-enfant-1.png\"><img loading=\"lazy\" decoding=\"async\" class=\"size-full wp-image-3539 alignleft\" src=\"http:\/\/www.la-tete-de-mule.fr\/wp-content\/uploads\/2024\/01\/Photo-Lison-enfant-1.png\" alt=\"\" width=\"120\" height=\"169\" \/><\/a><strong>Lison GOILLOT<\/strong><\/p>\n<p style=\"text-align: left;\">Apr\u00e8s un bac litt\u00e9raire option th\u00e9\u00e2tre au Lyc\u00e9e de Semur-en-Auxois, Lison int\u00e8gre la classe d\u2019Art Dramatique du conservatoire de Dijon en 2007. Au cours de son cursus au conservatoire, Lison fait la connaissance d\u2019Alexandra Lucchesi avec laquelle elle s&rsquo;associe pour faire \u00e9merger des cr\u00e9ations au sein de la compagnie L\u2019Oiseau Monde, fond\u00e9e en janvier 2009. Ensemble, elles mettent \u00e0 jour leur premi\u00e8re cr\u00e9ation, Joie, une r\u00eaverie po\u00e9tique sur Camille Claudel ; ce spectacle scellera une collaboration de longue haleine qui oscille entre cr\u00e9ations et actions culturelles.En parall\u00e8le, depuis 2016, elle a rejoint la compagnie Le Rocher des Doms pour trois cr\u00e9ations (\u00ab\u00a0Une fille bien gard\u00e9e\u00a0\u00bb d&rsquo;Eug\u00e8ne Labiche, \u00ab\u00a0Poil de Carotte\u00a0\u00bb de Jules Renard et \u00ab\u00a0Le songe d\u2019une nuit d\u2019\u00e9t\u00e9\u00a0\u00bb de William Shakespeare). En 2023 elle rejoint la compagnie la T\u00eate de Mule pour leur nouvelle cr\u00e9ation <em><strong>\u00ab\u00a0Trahisons et beaux de bananes !\u00a0\u00bb <\/strong><\/em>Lison enrichit son parcours de com\u00e9dienne en tenant r\u00e9guli\u00e8rement des r\u00f4les au cin\u00e9ma et \u00e0 la t\u00e9l\u00e9vision.<\/p>\n<\/td>\n<\/tr>\n<tr class=\"row-8 even\">\n<td class=\"column-1\"><\/td>\n<\/tr>\n<tr class=\"row-9 odd\">\n<td class=\"column-1\"><\/td>\n<\/tr>\n<tr class=\"row-8 even\">\n<td class=\"column-1\"><a href=\"http:\/\/www.la-tete-de-mule.fr\/wp-content\/uploads\/2012\/09\/yoann.jpg\"><img loading=\"lazy\" decoding=\"async\" class=\"alignleft size-full wp-image-19\" title=\"yoann\" src=\"http:\/\/www.la-tete-de-mule.fr\/wp-content\/uploads\/2012\/09\/yoann.jpg\" alt=\"\" width=\"99\" height=\"149\" \/><\/a><strong><strong><strong>Yoann VOISIN <\/strong><\/strong><\/strong>Com\u00e9dien, musicien, chanteur. Arriv\u00e9 au sein de la T\u00eate de Mule en juillet 2001 comme r\u00e9gisseur son dans le spectacle total <em><strong>\u00ab\u00a0L&rsquo;enfant de Pluton\u00a0\u00bb<\/strong><\/em>, il s&rsquo;est tourn\u00e9 peu \u00e0 peu vers le jeu pour n&rsquo;\u00eatre d\u00e9sormais plus que com\u00e9dien dans huit spectacles. Il fait en outre partie de l&rsquo;\u00e9quipe d&rsquo;organisation du festival humoristique <em><strong>\u00ab\u00a0La Fontaine Du Rire\u00a0\u00bb<\/strong><\/em>, qui f\u00eatera en 2024 sa 36\u00e8me \u00e9dition !<\/td>\n<\/tr>\n<\/tbody>\n<\/table>\n","protected":false},"excerpt":{"rendered":"<p>Compagnie professionnelle cr\u00e9\u00e9e en novembre 1983 \u00e0 Dijon, la T\u00eate de Mule a regroup\u00e9 une grosse trentaine d\u2019artistes : com\u00e9diens, auteurs, musiciens, metteurs en sc\u00e8ne, d\u00e9corateurs, costumi\u00e8res, vid\u00e9astes, dessinateurs, marionnettistes\u2026 Elle compte \u00e0 ce jour plus de 6 000 repr\u00e9sentations \u00e0 travers l&rsquo;Europe. Elle f\u00eatera ses 40 ans en grande pompe en 2024, avec la reprise de quelques-unes de ses pi\u00e8ces mythiques cr\u00e9\u00e9es depuis quatre d\u00e9cennies ! Elle organise en outre depuis 1989 \u00ab\u00a0La Fontaine Du Rire\u00a0\u00bb, festival d&rsquo;humour regroupant&#8230;<\/p>\n<p class=\"read-more\"><a class=\"btn btn-default\" href=\"https:\/\/www.la-tete-de-mule.fr\/?page_id=2\">Lire la suite<span class=\"screen-reader-text\"> Lire la suite<\/span><\/a><\/p>\n","protected":false},"author":5,"featured_media":3082,"parent":0,"menu_order":0,"comment_status":"closed","ping_status":"open","template":"","meta":{"footnotes":""},"class_list":["post-2","page","type-page","status-publish","has-post-thumbnail","hentry"],"_links":{"self":[{"href":"https:\/\/www.la-tete-de-mule.fr\/index.php?rest_route=\/wp\/v2\/pages\/2","targetHints":{"allow":["GET"]}}],"collection":[{"href":"https:\/\/www.la-tete-de-mule.fr\/index.php?rest_route=\/wp\/v2\/pages"}],"about":[{"href":"https:\/\/www.la-tete-de-mule.fr\/index.php?rest_route=\/wp\/v2\/types\/page"}],"author":[{"embeddable":true,"href":"https:\/\/www.la-tete-de-mule.fr\/index.php?rest_route=\/wp\/v2\/users\/5"}],"replies":[{"embeddable":true,"href":"https:\/\/www.la-tete-de-mule.fr\/index.php?rest_route=%2Fwp%2Fv2%2Fcomments&post=2"}],"version-history":[{"count":83,"href":"https:\/\/www.la-tete-de-mule.fr\/index.php?rest_route=\/wp\/v2\/pages\/2\/revisions"}],"predecessor-version":[{"id":3574,"href":"https:\/\/www.la-tete-de-mule.fr\/index.php?rest_route=\/wp\/v2\/pages\/2\/revisions\/3574"}],"wp:featuredmedia":[{"embeddable":true,"href":"https:\/\/www.la-tete-de-mule.fr\/index.php?rest_route=\/wp\/v2\/media\/3082"}],"wp:attachment":[{"href":"https:\/\/www.la-tete-de-mule.fr\/index.php?rest_route=%2Fwp%2Fv2%2Fmedia&parent=2"}],"curies":[{"name":"wp","href":"https:\/\/api.w.org\/{rel}","templated":true}]}}