{"id":2420,"date":"2018-10-30T11:53:41","date_gmt":"2018-10-30T10:53:41","guid":{"rendered":"http:\/\/www.la-tete-de-mule.fr\/?page_id=2420"},"modified":"2019-11-09T08:47:44","modified_gmt":"2019-11-09T07:47:44","slug":"programme-2019","status":"publish","type":"page","link":"https:\/\/www.la-tete-de-mule.fr\/?page_id=2420","title":{"rendered":"\u00c9dition 2019"},"content":{"rendered":"<h3>Tous les spectacles ont lieu \u00e0 20 h.<\/h3>\n<table width=\"100%\" border=\"0\">\n<tbody>\n<tr>\n<td>\n<h1><a href=\"http:\/\/www.la-tete-de-mule.fr\/?attachment_id=2421\" rel=\"attachment wp-att-2421\"><img loading=\"lazy\" decoding=\"async\" class=\"size-full wp-image-2421 aligncenter\" src=\"http:\/\/www.la-tete-de-mule.fr\/wp-content\/uploads\/2018\/10\/Brothers2108.jpg\" alt=\"\" width=\"415\" height=\"321\" srcset=\"https:\/\/www.la-tete-de-mule.fr\/wp-content\/uploads\/2018\/10\/Brothers2108.jpg 415w, https:\/\/www.la-tete-de-mule.fr\/wp-content\/uploads\/2018\/10\/Brothers2108-300x232.jpg 300w, https:\/\/www.la-tete-de-mule.fr\/wp-content\/uploads\/2018\/10\/Brothers2108-349x270.jpg 349w\" sizes=\"auto, (max-width: 415px) 100vw, 415px\" \/><\/a><\/h1>\n<\/td>\n<\/tr>\n<tr>\n<td>\n<h1>11 et 12 janvier &#8211; Back to les zanimos<\/h1>\n<p>Avec : Mathieu Ben Hassen, Vincent Charnay, Jean Christophe Charnay et Manu Martin<\/p>\n<p>Depuis 20 ans les Fr\u00e8res Brothers entendent leur public leur demander telle ou telle ancienne chanson. A l\u2019\u00e9coute de leurs spectateurs ils ont d\u00e9cid\u00e9 de profiter de cet \u00ab alibiniversaire \u00bb des 20 ans pour acc\u00e9der \u00e0 leur d\u00e9sir et proposent un nouveau spectacle dans lequel ils chantent une s\u00e9lection de leurs in\u00e9narrables \u00abtubes\u00bb. Ce n\u2019est pas un \u00ab Best of \u00bb mais une revisite des sketches et des chansons les plus m\u00e9morables pour le plus grand plaisir de leurs publics. Et il y a bien s\u00fbr de nouvelles chansons car les Fr\u00e8res Brothers ne se reposent jamais et ont toujours quelques morceaux dans leur sac !<\/p>\n<p><em>Enfants naturels de Coluche et de Desproges nourris aux Fr\u00e8res Jacques, les Fr\u00e8res Brothers, quatre fous chantants, ont de qui tenir. Le cocktail se r\u00e9v\u00e8le d\u00e9tonnant! &#8230;<\/em> <strong>Le Parisien<\/strong><\/td>\n<\/tr>\n<tr>\n<td>\n<h1><a href=\"http:\/\/www.la-tete-de-mule.fr\/?attachment_id=2428\" rel=\"attachment wp-att-2428\"><img loading=\"lazy\" decoding=\"async\" class=\"size-full wp-image-2428 aligncenter\" src=\"http:\/\/www.la-tete-de-mule.fr\/wp-content\/uploads\/2018\/10\/aventuriersZ-2.jpg\" alt=\"\" width=\"415\" height=\"321\" srcset=\"https:\/\/www.la-tete-de-mule.fr\/wp-content\/uploads\/2018\/10\/aventuriersZ-2.jpg 415w, https:\/\/www.la-tete-de-mule.fr\/wp-content\/uploads\/2018\/10\/aventuriersZ-2-300x232.jpg 300w, https:\/\/www.la-tete-de-mule.fr\/wp-content\/uploads\/2018\/10\/aventuriersZ-2-349x270.jpg 349w\" sizes=\"auto, (max-width: 415px) 100vw, 415px\" \/><\/a><\/h1>\n<\/td>\n<\/tr>\n<tr>\n<td>\n<h1>18 et 19 janvier &#8211; Les aventuriers de la cit\u00e9 Z<\/h1>\n<p>Avec : Cyril Gourbet, Sara Lepage, Aymeric de Nadaillac, Lo\u00efc Trehin<br \/>\nMise en sc\u00e8ne : Aymeric de Nadaillac<\/p>\n<p>1925, Le c\u00e9l\u00e8bre explorateur anglais Percival Harrison FAWCETT dispara\u00eet myst\u00e9rieusement dans la jungle amazonienne alors qu\u2019il tentait de d\u00e9couvrir la cit\u00e9 \u00ab Z \u00bb, ultime vestige du mythique Eldorado. Dix ans plus tard, sa fille Joan, part \u00e0 sa recherche en compagnie de Jack Beauregard, un aventurier fran\u00e7ais un brin mythomane, tout autant int\u00e9ress\u00e9 par l\u2019or des incas que par le charme de la jeune femme&#8230;<\/p>\n<p>S\u2019<em>il est un spectacle \u00e0 voir en famille, avec des enfants en \u00e2ge de saisir le comique de l\u2019absurde, c\u2019est Les Aventuriers de la cit\u00e9 Z.<\/em> <strong>Le Parisien<\/strong><\/td>\n<\/tr>\n<tr>\n<td>\n<h1 style=\"text-align: center;\"><a href=\"http:\/\/www.la-tete-de-mule.fr\/?attachment_id=2426\" rel=\"attachment wp-att-2426\"><img loading=\"lazy\" decoding=\"async\" class=\"size-full wp-image-2426 aligncenter\" src=\"http:\/\/www.la-tete-de-mule.fr\/wp-content\/uploads\/2018\/10\/enfinvieille.jpg\" alt=\"\" width=\"397\" height=\"307\" srcset=\"https:\/\/www.la-tete-de-mule.fr\/wp-content\/uploads\/2018\/10\/enfinvieille.jpg 397w, https:\/\/www.la-tete-de-mule.fr\/wp-content\/uploads\/2018\/10\/enfinvieille-300x232.jpg 300w, https:\/\/www.la-tete-de-mule.fr\/wp-content\/uploads\/2018\/10\/enfinvieille-349x270.jpg 349w\" sizes=\"auto, (max-width: 397px) 100vw, 397px\" \/><\/a><\/h1>\n<\/td>\n<\/tr>\n<tr>\n<td>\n<h1>25 et 26 janvier &#8211; Enfin vieille<\/h1>\n<p>De et avec Laura Elko<br \/>\nMise en sc\u00e8ne : Trinidad<\/p>\n<p>Laura a tout ce qu\u2019il faut pour \u00eatre heureuse : un bon m\u00e9tier, un futur \u00e9poux parfait&#8230; Mais une nuit, elle est r\u00e9veill\u00e9e par sa petite conscience qui du bout de son museau de marionnette vient la titiller et bousculer ses certitudes. A-t-elle vraiment choisi cette vie ou s\u2019est-elle juste content\u00e9e de r\u00e9pondre aux attentes des autres ?<br \/>\nSeule en sc\u00e8ne, mais polymorphe, Laura raconte, ventriloque, chante avec une virtuosit\u00e9 joyeuse et nous encourage \u00e0 revisiter nos vies en r\u00e9veillant notre \u00e2me d\u2019enfant.<\/p>\n<p><em>Laura Elko est brillante. Laura Elko est tr\u00e8s dr\u00f4le. Elle a une immense \u00e9nergie communicative. Com\u00e9dienne aux multiples talents, chanteuse, musicienne et ventriloque, elle nous offre un spectacle dr\u00f4le et \u00e9mouvant.<\/em> <strong>Toute la culture<\/strong><\/td>\n<\/tr>\n<tr>\n<td>&nbsp;<a href=\"http:\/\/www.la-tete-de-mule.fr\/?attachment_id=2429\" rel=\"attachment wp-att-2429\"><img loading=\"lazy\" decoding=\"async\" class=\"size-full wp-image-2429 aligncenter\" src=\"http:\/\/www.la-tete-de-mule.fr\/wp-content\/uploads\/2018\/10\/dieu.jpg\" alt=\"\" width=\"414\" height=\"321\" srcset=\"https:\/\/www.la-tete-de-mule.fr\/wp-content\/uploads\/2018\/10\/dieu.jpg 414w, https:\/\/www.la-tete-de-mule.fr\/wp-content\/uploads\/2018\/10\/dieu-300x233.jpg 300w, https:\/\/www.la-tete-de-mule.fr\/wp-content\/uploads\/2018\/10\/dieu-348x270.jpg 348w\" sizes=\"auto, (max-width: 414px) 100vw, 414px\" \/><\/a><\/td>\n<\/tr>\n<tr>\n<td>\n<h1>1 et 2 f\u00e9vrier &#8211; Dieu est mort<br \/>\nEt moi non plus, j\u2019me sens pas tr\u00e8s bien !<\/h1>\n<p>Avec R\u00e9gis Vlachos et Charlotte Zotto<br \/>\nMise en sc\u00e8ne : Christophe Luthringer &#8211; Franck Gervais<\/p>\n<p>C\u2019est l\u2019histoire de la mort de Dieu &#8211; de tous les dieux &#8211; par un petit gar\u00e7on qui grandit et qui n\u2019est pas content&nbsp;: avec un souvenir f\u00e9minin qui le hante \u00e0 la gui\u00adtare \u00e9lectrique. C\u2019est une gen\u00e8se qui foire, des souvenirs d\u2019enfance po\u00e9tiques et d\u00e9cal\u00e9s, des r\u00e8glements de compte aux h\u00e9ritages de spermatozo\u00efdes. Un bras d\u2019honneur \u00e0 I\u2019\u00ab \u00c9ternel \u00bb, un cours de philo qui d\u00e9g\u00e9n\u00e8re&#8230;<\/p>\n<p><em>R\u00e9gis Vlachos forme avec la charmante Charlotte Zotto un joyeux tandem et dans leur cour de r\u00e9cr\u00e9ation, l\u2019arbre de vie jubile de plaisir!<\/em> <strong>Le Monde<\/strong><\/td>\n<\/tr>\n<tr>\n<td>&nbsp;<a href=\"http:\/\/www.la-tete-de-mule.fr\/?attachment_id=2431\" rel=\"attachment wp-att-2431\"><img loading=\"lazy\" decoding=\"async\" class=\"size-full wp-image-2431 aligncenter\" src=\"http:\/\/www.la-tete-de-mule.fr\/wp-content\/uploads\/2018\/10\/claques-1.jpg\" alt=\"\" width=\"415\" height=\"321\" srcset=\"https:\/\/www.la-tete-de-mule.fr\/wp-content\/uploads\/2018\/10\/claques-1.jpg 415w, https:\/\/www.la-tete-de-mule.fr\/wp-content\/uploads\/2018\/10\/claques-1-300x232.jpg 300w, https:\/\/www.la-tete-de-mule.fr\/wp-content\/uploads\/2018\/10\/claques-1-349x270.jpg 349w\" sizes=\"auto, (max-width: 415px) 100vw, 415px\" \/><\/a><\/td>\n<\/tr>\n<tr>\n<td>\n<h1>8 &amp; 9 f\u00e9vrier &#8211; Une paire de gifles et quelques claques<\/h1>\n<p>Compagnie de la p\u00e9pini\u00e8re<br \/>\nMise en sc\u00e8ne : David Bottet<br \/>\nAvec : Mathilde Bourbin, David Bottet et Xavier Clion<br \/>\nD\u2019apr\u00e8s Sacha Guitry<\/p>\n<p>Pour Marthe et Albert, \u00ab le mariage, c\u2019est r\u00e9soudre \u00e0 deux des probl\u00e8mes que l\u2019on n\u2019aurait jamais eus tout seul ! \u00bb. Pour Jacques, \u00ab les femmes sont faites pour \u00eatre mari\u00e9es et les hommes, c\u00e9libataires\u2026 De l\u00e0 viendrait tout le mal ! \u00bb\u2026 Bref, comme disait Guitry, \u00ab Les trois font la paire \u00bb\u2026<\/p>\n<p>L<em>\u2019\u00e9l\u00e9gance m\u00e8ne la danse\u2026 Les mots de Guitry retentissent avec gourmandise\u2026<\/em> <strong>La Provence<\/strong><\/td>\n<\/tr>\n<tr>\n<td>&nbsp;<a href=\"http:\/\/www.la-tete-de-mule.fr\/?attachment_id=2432\" rel=\"attachment wp-att-2432\"><img loading=\"lazy\" decoding=\"async\" class=\"size-full wp-image-2432 aligncenter\" src=\"http:\/\/www.la-tete-de-mule.fr\/wp-content\/uploads\/2018\/10\/desaccordsparfaits.jpg\" alt=\"\" width=\"372\" height=\"288\" srcset=\"https:\/\/www.la-tete-de-mule.fr\/wp-content\/uploads\/2018\/10\/desaccordsparfaits.jpg 372w, https:\/\/www.la-tete-de-mule.fr\/wp-content\/uploads\/2018\/10\/desaccordsparfaits-300x232.jpg 300w, https:\/\/www.la-tete-de-mule.fr\/wp-content\/uploads\/2018\/10\/desaccordsparfaits-349x270.jpg 349w\" sizes=\"auto, (max-width: 372px) 100vw, 372px\" \/><\/a><\/td>\n<\/tr>\n<tr>\n<td>\n<h1>15 et 16 f\u00e9vrier &#8211; D\u00e9saccords parfaits<\/h1>\n<p>Un ensemble \u00e0 deux solos<br \/>\n\u00c9criture sc\u00e9nique : Ami Hattab<br \/>\nAvec Audrey Castagn\u00e9 et No\u00e9mie Capron<\/p>\n<p>Barbara Gilberte, \u00ab grande cantatriste lyrique et violonique de ronom\u00e9e inter-mondiale \u00bb a accept\u00e9 l\u2019invitation d\u2019Aline rocket, violoncelliste pour ce \u00ab gala exeptionnel, couronn\u00e9 par cette soir\u00e9e exeptionnelle ! \u00bb.<br \/>\nAline v\u00e9n\u00e8re Madame Gilberte et a la chance de l\u2019accompagner sur sc\u00e8ne. Son seul probl\u00e8me sera celui de pouvoir rester concentr\u00e9e, et ne pas se laisser emporter par sa fougue\u2026<\/p>\n<p><em>Avec D\u00e9saccords parfaits, la barri\u00e8re entre les diff\u00e9rents styles de musique se retrouve occult\u00e9e pour le meilleur et pour le rire.<\/em> <strong>Le Journal de Sa\u00f4ne et Loire<\/strong><\/td>\n<\/tr>\n<tr>\n<td>&nbsp;<a href=\"http:\/\/www.la-tete-de-mule.fr\/?attachment_id=2433\" rel=\"attachment wp-att-2433\"><img loading=\"lazy\" decoding=\"async\" class=\"size-full wp-image-2433 aligncenter\" src=\"http:\/\/www.la-tete-de-mule.fr\/wp-content\/uploads\/2018\/10\/JulesMarcel.jpg\" alt=\"\" width=\"415\" height=\"321\" srcset=\"https:\/\/www.la-tete-de-mule.fr\/wp-content\/uploads\/2018\/10\/JulesMarcel.jpg 415w, https:\/\/www.la-tete-de-mule.fr\/wp-content\/uploads\/2018\/10\/JulesMarcel-300x232.jpg 300w, https:\/\/www.la-tete-de-mule.fr\/wp-content\/uploads\/2018\/10\/JulesMarcel-349x270.jpg 349w\" sizes=\"auto, (max-width: 415px) 100vw, 415px\" \/><\/a><\/td>\n<\/tr>\n<tr>\n<td>\n<h1>8 et 9 mars &#8211; Jules et Marcel<\/h1>\n<p>Mise en sc\u00e8ne : Nicolas Pagnol<br \/>\nAvec : Frederic Achard, Christian Gu\u00e9rin, Gilles Azzopardi<\/p>\n<p>\u00ab Mon cher Jules, il faut que tu sois bougrement f\u00e2ch\u00e9 avec moi pour ne pas r\u00e9pondre \u00e0 une lettre injurieuse qui n\u2019avait d\u2019autre but que de commencer une<br \/>\ndispute\u2026 \u00bb. Ces correspondances entre Raimu et Marcel Pagnol tissent la toile de leur \u00e9ternelle amiti\u00e9 baign\u00e9e par de savoureuses envol\u00e9es, dr\u00f4les, fra\u00eeches et vives comme l\u2019eau des sources de leur Provence. Pagnol et Raimu, deux grands noms du cin\u00e9ma, deux amis ind\u00e9fectibles. Le cin\u00e9ma, la passion commune de ces deux personnages hors du commun, est le fil conducteur de leurs \u00e9changes \u00ab color\u00e9s \u00bb.<\/p>\n<p><em>Spectacle original au jeu remarquable.<\/em> <strong>La Provence<\/strong><\/td>\n<\/tr>\n<tr>\n<td>&nbsp;<a href=\"http:\/\/www.la-tete-de-mule.fr\/?attachment_id=2435\" rel=\"attachment wp-att-2435\"><img loading=\"lazy\" decoding=\"async\" class=\"size-full wp-image-2435 aligncenter\" src=\"http:\/\/www.la-tete-de-mule.fr\/wp-content\/uploads\/2018\/10\/succesreprise.jpg\" alt=\"\" width=\"415\" height=\"321\" srcset=\"https:\/\/www.la-tete-de-mule.fr\/wp-content\/uploads\/2018\/10\/succesreprise.jpg 415w, https:\/\/www.la-tete-de-mule.fr\/wp-content\/uploads\/2018\/10\/succesreprise-300x232.jpg 300w, https:\/\/www.la-tete-de-mule.fr\/wp-content\/uploads\/2018\/10\/succesreprise-349x270.jpg 349w\" sizes=\"auto, (max-width: 415px) 100vw, 415px\" \/><\/a><\/td>\n<\/tr>\n<tr>\n<td>\n<h1>15 et 16 mars &#8211; Succ\u00e8s reprise<\/h1>\n<p>Texte et mise en sc\u00e8ne: Herv\u00e9 Devolder<br \/>\nAvec : Michel Lalibert\u00e9, Agathe Quelquejay et Herv\u00e9 Devolder<\/p>\n<p>L\u2019\u00e9ternel trio amoureux. Tandis que le personnage f\u00e9minin quitte progressivement son mari pour son amant, la com\u00e9dienne, dans sa vraie vie, quitte l\u2019homme qui incarne l\u2019amant pour celui qui joue le mari. Dans un contexte de vaches maigres, on assiste \u00e0 des r\u00e9p\u00e9titions qui deviennent progressivement des repr\u00e9sentations<br \/>\net dont la poursuite est une question de survie p\u00e9cuniaire pour tous les protagonistes.<\/p>\n<p><em>C\u2019est dr\u00f4le, original, dynamique et impr\u00e9visible jusqu\u2019au bout. Comme la vie ! Bravo !<\/em> <strong>Vaucluse Matin<\/strong><\/td>\n<\/tr>\n<tr>\n<td>&nbsp;<a href=\"http:\/\/www.la-tete-de-mule.fr\/?attachment_id=2437\" rel=\"attachment wp-att-2437\"><img loading=\"lazy\" decoding=\"async\" class=\"size-full wp-image-2437 aligncenter\" src=\"http:\/\/www.la-tete-de-mule.fr\/wp-content\/uploads\/2018\/10\/topick-1.jpg\" alt=\"\" width=\"415\" height=\"321\" srcset=\"https:\/\/www.la-tete-de-mule.fr\/wp-content\/uploads\/2018\/10\/topick-1.jpg 415w, https:\/\/www.la-tete-de-mule.fr\/wp-content\/uploads\/2018\/10\/topick-1-300x232.jpg 300w, https:\/\/www.la-tete-de-mule.fr\/wp-content\/uploads\/2018\/10\/topick-1-349x270.jpg 349w\" sizes=\"auto, (max-width: 415px) 100vw, 415px\" \/><\/a><\/td>\n<\/tr>\n<tr>\n<td>\n<h1>22 et 23 mars &#8211; Fou normal<\/h1>\n<p>De et avec Topick<\/p>\n<p>D\u2019un cours de ski sans neige au record du monde de vitesse sur place, Topick chamboule la soci\u00e9t\u00e9 en d\u00e9tournant les indicateurs de r\u00e9ussite. Alliant humour visuel et verbe espi\u00e8gle, ce fou normal vous embarque dans son spectacle atypique et d\u00e9jant\u00e9 o\u00f9 une action, m\u00eame anodine, devient un v\u00e9ritable d\u00e9fi ! Un spectacle haut en couleurs o\u00f9 vous verrez que vous n\u00b4avez pas encore tout vu.<\/p>\n<p><em>Topick installe sur sc\u00e8ne une folie surr\u00e9aliste, litt\u00e9ralement unique en son genre.<\/em> <strong>Le Progr\u00e8s<\/strong><\/td>\n<\/tr>\n<tr>\n<td>&nbsp;<a href=\"http:\/\/www.la-tete-de-mule.fr\/?attachment_id=2439\" rel=\"attachment wp-att-2439\"><img loading=\"lazy\" decoding=\"async\" class=\"size-full wp-image-2439 aligncenter\" src=\"http:\/\/www.la-tete-de-mule.fr\/wp-content\/uploads\/2018\/10\/samuel-1.jpg\" alt=\"\" width=\"415\" height=\"321\" srcset=\"https:\/\/www.la-tete-de-mule.fr\/wp-content\/uploads\/2018\/10\/samuel-1.jpg 415w, https:\/\/www.la-tete-de-mule.fr\/wp-content\/uploads\/2018\/10\/samuel-1-300x232.jpg 300w, https:\/\/www.la-tete-de-mule.fr\/wp-content\/uploads\/2018\/10\/samuel-1-349x270.jpg 349w\" sizes=\"auto, (max-width: 415px) 100vw, 415px\" \/><\/a><\/td>\n<\/tr>\n<tr>\n<td>\n<h1>29 et 30 mars &#8211; Samuel<\/h1>\n<p>Texte et jeu : Sandrine Gelin<br \/>\nTexte et mise en sc\u00e8ne : Jean-Luc Bosc<br \/>\nSous le regard complice de Marie-Emilie Nayrand<br \/>\nMusique originale : Monsieur Orange<br \/>\nVoix off et t\u00e9moignages : Corentin Beaugrand<br \/>\nCr\u00e9ation lumi\u00e8res : Mika\u00ebl Gorce<\/p>\n<p>Moi, je m\u2019appelle Samuel.<br \/>\nJe suis diff\u00e9rent, je suis trisomique.<br \/>\nQuand je vais arriver, \u00e7a va pas \u00eatre facile.<br \/>\nPas de champagne\u2026<br \/>\nC\u2019est la vie ?<br \/>\nBen oui c\u2019est la vie\u2026<\/p>\n<p><em>Le texte de Jean-Luc Bosc et Sandrine Gelin, va-et-vient po\u00e9tique entre dialogues imaginaires et pens\u00e9es d\u2019Anne-Marie, est original et d\u00e9licat.<\/em> <strong>La petite revue \u2013 Chroniques d\u2019Avignon<\/strong><\/td>\n<\/tr>\n<tr>\n<td>&nbsp;<a href=\"http:\/\/www.la-tete-de-mule.fr\/?attachment_id=2440\" rel=\"attachment wp-att-2440\"><img loading=\"lazy\" decoding=\"async\" class=\"size-full wp-image-2440 aligncenter\" src=\"http:\/\/www.la-tete-de-mule.fr\/wp-content\/uploads\/2018\/10\/grassemat.jpg\" alt=\"\" width=\"367\" height=\"284\" srcset=\"https:\/\/www.la-tete-de-mule.fr\/wp-content\/uploads\/2018\/10\/grassemat.jpg 367w, https:\/\/www.la-tete-de-mule.fr\/wp-content\/uploads\/2018\/10\/grassemat-300x232.jpg 300w, https:\/\/www.la-tete-de-mule.fr\/wp-content\/uploads\/2018\/10\/grassemat-349x270.jpg 349w\" sizes=\"auto, (max-width: 367px) 100vw, 367px\" \/><\/a><\/td>\n<\/tr>\n<tr>\n<td>\n<h1>5 et 6 avril &#8211; Grasse matin\u00e9e<\/h1>\n<p>Avec Frank Sixdenier et Jean-Jacques Michelet<br \/>\nMise en sc\u00e8ne : Frank Sixdenier<br \/>\nDe Ren\u00e9 de Obaldia<\/p>\n<p>Tourn\u00e9e d\u2019adieu \u00e0 mourir de rire !<br \/>\nDepuis bient\u00f4t 30 ans, notre \u00ab Grasse matin\u00e9e \u00bb \u00e9cume l\u2019Europe \u00e0 tombeau ouvert et compte plus de 1000 repr\u00e9sentations \u00e0 ce jour !<br \/>\nM\u00eame s\u2019il s\u2019agit d\u2019un spectacle increvable, nous avons d\u00e9cid\u00e9 d\u2019entamer notre tourn\u00e9e d\u2019adieu.<br \/>\nSi vous souhaitez voir ou revoir Art\u00e9mise et Babeth surgir une derni\u00e8re fois de leurs cercueils, c\u2019est maintenant !<\/p>\n<p><em>Une des meilleures pi\u00e8ces de Ren\u00e9 de Obaldia !<\/em> <strong>T\u00e9l\u00e9rama<\/strong><\/td>\n<\/tr>\n<tr>\n<td>&nbsp;<a href=\"http:\/\/www.la-tete-de-mule.fr\/?attachment_id=2441\" rel=\"attachment wp-att-2441\"><img loading=\"lazy\" decoding=\"async\" class=\"size-full wp-image-2441 aligncenter\" src=\"http:\/\/www.la-tete-de-mule.fr\/wp-content\/uploads\/2018\/10\/pompiers.jpg\" alt=\"\" width=\"334\" height=\"259\" srcset=\"https:\/\/www.la-tete-de-mule.fr\/wp-content\/uploads\/2018\/10\/pompiers.jpg 334w, https:\/\/www.la-tete-de-mule.fr\/wp-content\/uploads\/2018\/10\/pompiers-300x233.jpg 300w\" sizes=\"auto, (max-width: 334px) 100vw, 334px\" \/><\/a><\/td>\n<\/tr>\n<tr>\n<td>\n<h1>12 et 13 avril &#8211; Le bal des pompiers<\/h1>\n<p>De et avec Franck Migeon et Mohamed Bounouara<\/p>\n<p>Dans ce spectacle burlesque, alliant comique visuel et comique textuel, on retrouve N\u00e9n\u00e9 et Bichoko dans une nouvelle aventure o\u00f9 nos deux Glandeurs Nature d\u00e9cident de r\u00e9aliser leur r\u00eave : Devenir Sapeurs Pompiers dans une \u00e9quipe d\u2019intervention avec le casque, le blouson et le camion qui fait Pin Pon ! Ils commencent par encha\u00eener les \u00e9preuves physiques et les tests psychotechniques pour \u00e9valuer leurs aptitudes et, comme ils n\u2019en ont aucune, ils ratent tout avec le plus grand soin&#8230;<\/p>\n<p><em>Ils n\u2019\u00e9teignent pas le feu, mais ils allument les rires.<\/em> <strong>La Montagne<\/strong><\/td>\n<\/tr>\n<\/tbody>\n<\/table>\n","protected":false},"excerpt":{"rendered":"<p>Tous les spectacles ont lieu \u00e0 20 h. 11 et 12 janvier &#8211; Back to les zanimos Avec : Mathieu Ben Hassen, Vincent Charnay, Jean Christophe Charnay et Manu Martin Depuis 20 ans les Fr\u00e8res Brothers entendent leur public leur demander telle ou telle ancienne chanson. A l\u2019\u00e9coute de leurs spectateurs ils ont d\u00e9cid\u00e9 de profiter de cet \u00ab alibiniversaire \u00bb des 20 ans pour acc\u00e9der \u00e0 leur d\u00e9sir et proposent un nouveau spectacle dans lequel ils chantent une s\u00e9lection&#8230;<\/p>\n<p class=\"read-more\"><a class=\"btn btn-default\" href=\"https:\/\/www.la-tete-de-mule.fr\/?page_id=2420\">Lire la suite<span class=\"screen-reader-text\"> Lire la suite<\/span><\/a><\/p>\n","protected":false},"author":5,"featured_media":0,"parent":77,"menu_order":0,"comment_status":"closed","ping_status":"closed","template":"","meta":{"footnotes":""},"class_list":["post-2420","page","type-page","status-publish","hentry"],"_links":{"self":[{"href":"https:\/\/www.la-tete-de-mule.fr\/index.php?rest_route=\/wp\/v2\/pages\/2420","targetHints":{"allow":["GET"]}}],"collection":[{"href":"https:\/\/www.la-tete-de-mule.fr\/index.php?rest_route=\/wp\/v2\/pages"}],"about":[{"href":"https:\/\/www.la-tete-de-mule.fr\/index.php?rest_route=\/wp\/v2\/types\/page"}],"author":[{"embeddable":true,"href":"https:\/\/www.la-tete-de-mule.fr\/index.php?rest_route=\/wp\/v2\/users\/5"}],"replies":[{"embeddable":true,"href":"https:\/\/www.la-tete-de-mule.fr\/index.php?rest_route=%2Fwp%2Fv2%2Fcomments&post=2420"}],"version-history":[{"count":8,"href":"https:\/\/www.la-tete-de-mule.fr\/index.php?rest_route=\/wp\/v2\/pages\/2420\/revisions"}],"predecessor-version":[{"id":2560,"href":"https:\/\/www.la-tete-de-mule.fr\/index.php?rest_route=\/wp\/v2\/pages\/2420\/revisions\/2560"}],"up":[{"embeddable":true,"href":"https:\/\/www.la-tete-de-mule.fr\/index.php?rest_route=\/wp\/v2\/pages\/77"}],"wp:attachment":[{"href":"https:\/\/www.la-tete-de-mule.fr\/index.php?rest_route=%2Fwp%2Fv2%2Fmedia&parent=2420"}],"curies":[{"name":"wp","href":"https:\/\/api.w.org\/{rel}","templated":true}]}}