{"id":2561,"date":"2019-10-16T15:28:08","date_gmt":"2019-10-16T13:28:08","guid":{"rendered":"http:\/\/www.la-tete-de-mule.fr\/?page_id=2561"},"modified":"2025-11-03T17:27:54","modified_gmt":"2025-11-03T16:27:54","slug":"programme-2020","status":"publish","type":"page","link":"https:\/\/www.la-tete-de-mule.fr\/?page_id=2561","title":{"rendered":"Programme 2026"},"content":{"rendered":"<p class=\"has-vivid-purple-color has-text-color has-link-color has-large-font-size wp-elements-c6d8f8c6d2dfd2a0b91bf81077e54aaf\">#38<sup>\u00e8me<\/sup> \u00e9dition<\/p><div data-wp-interactive=\"core\/file\" class=\"wp-block-file\"><object data-wp-bind--hidden=\"!state.hasPdfPreview\" hidden class=\"wp-block-file__embed\" data=\"https:\/\/www.la-tete-de-mule.fr\/wp-content\/uploads\/2025\/11\/FDR-prog-TDM-38eme-2026-1.pdf\" type=\"application\/pdf\" style=\"width:100%;height:600px\" aria-label=\"Contenu embarqu\u00e9 FDR prog TDM 38eme 2026-1.\"><\/object><a id=\"wp-block-file--media-4af26222-5d2b-4a61-9a62-8a97aadfa44c\" href=\"https:\/\/www.la-tete-de-mule.fr\/wp-content\/uploads\/2025\/11\/FDR-prog-TDM-38eme-2026-1.pdf\">FDR prog TDM 38eme 2026-1<\/a><a href=\"https:\/\/www.la-tete-de-mule.fr\/wp-content\/uploads\/2025\/11\/FDR-prog-TDM-38eme-2026-1.pdf\" class=\"wp-block-file__button wp-element-button\" download aria-describedby=\"wp-block-file--media-4af26222-5d2b-4a61-9a62-8a97aadfa44c\">T\u00e9l\u00e9charger<\/a><\/div><figure class=\"wp-block-image size-full\"><a href=\"https:\/\/www.la-tete-de-mule.fr\/wp-content\/uploads\/2025\/11\/3.jpg\"><img loading=\"lazy\" decoding=\"async\" width=\"532\" height=\"336\" src=\"https:\/\/www.la-tete-de-mule.fr\/wp-content\/uploads\/2025\/11\/3.jpg\" alt=\"\" class=\"wp-image-3799\" srcset=\"https:\/\/www.la-tete-de-mule.fr\/wp-content\/uploads\/2025\/11\/3.jpg 532w, https:\/\/www.la-tete-de-mule.fr\/wp-content\/uploads\/2025\/11\/3-300x189.jpg 300w, https:\/\/www.la-tete-de-mule.fr\/wp-content\/uploads\/2025\/11\/3-428x270.jpg 428w\" sizes=\"auto, (max-width: 532px) 100vw, 532px\" \/><\/a><\/figure><p class=\"has-vivid-cyan-blue-color has-text-color has-link-color wp-elements-cf0a3bcf3960d8d71c34435bfeba5842\"><strong>09 et 10 Janvier<\/strong><\/p><p class=\"has-vivid-cyan-blue-color has-text-color has-link-color has-large-font-size wp-elements-67fd4d9f6941b5a90c65c5d090fbe594\">Fr\u00e9d\u00e9ric Fromet se tient \u00e0 carreau<\/p><p>De et par Fr\u00e9d\u00e9ric Fromet<br>Accord\u00e9on et clavier : Fran\u00e7ois Marnier<\/p><p>Les carreaux, c\u2019est seulement pour la chemise et le<br>papier peint !<br>Sur de nouvelles compositions originales joyeusement<br>orchestr\u00e9es, Fr\u00e9d\u00e9ric Fromet s\u2019empare gaiement des<br>sujets de soci\u00e9t\u00e9 pour mieux les encaisser (le monde<br>du travail, les r\u00e9seaux asociaux, l\u2019\u00e9cologie, les violences<br>faites aux femmes, la religion, les extr\u00e9mistes de tout<br>poil, etc). Coiffure et costume \u00e0 budget limit\u00e9 mais<br>spectacle bienfaisant et proche des gens.<br>Avec une plume railleuse et fac\u00e9tieuse, Fr\u00e9d\u00e9ric Fromet<br>rend un hommage vibrant \u00e0 l\u2019Abb\u00e9 Pierre et autres<br>h\u00e9ros de notre \u00e9poque.<\/p><figure class=\"wp-block-image size-full is-resized\"><a href=\"https:\/\/www.la-tete-de-mule.fr\/wp-content\/uploads\/2025\/11\/20.jpg\"><img loading=\"lazy\" decoding=\"async\" width=\"894\" height=\"596\" src=\"https:\/\/www.la-tete-de-mule.fr\/wp-content\/uploads\/2025\/11\/20.jpg\" alt=\"\" class=\"wp-image-3800\" style=\"width:510px;height:auto\" srcset=\"https:\/\/www.la-tete-de-mule.fr\/wp-content\/uploads\/2025\/11\/20.jpg 894w, https:\/\/www.la-tete-de-mule.fr\/wp-content\/uploads\/2025\/11\/20-300x200.jpg 300w, https:\/\/www.la-tete-de-mule.fr\/wp-content\/uploads\/2025\/11\/20-768x512.jpg 768w, https:\/\/www.la-tete-de-mule.fr\/wp-content\/uploads\/2025\/11\/20-405x270.jpg 405w, https:\/\/www.la-tete-de-mule.fr\/wp-content\/uploads\/2025\/11\/20-600x400.jpg 600w\" sizes=\"auto, (max-width: 894px) 100vw, 894px\" \/><\/a><\/figure><p class=\"has-vivid-cyan-blue-color has-text-color has-link-color has-medium-font-size wp-elements-0f8c22af8599b3a17f927354d521015f\"><strong>16 et 17 Janvier<\/strong><\/p><p class=\"has-vivid-cyan-blue-color has-text-color has-link-color has-large-font-size wp-elements-c4bcd5fe7299754c63387823c4914223\"><strong>Le nectar des dieux<\/strong><\/p><p>De et par Fran\u00e7ois Piel-Flamme et Hugo Klein<br>Mise en sc\u00e8ne Lucas Gonzalez<\/p><p>Deux hommes nous racontent le Vin et ce qu\u2019il raconte<br>de nous, le tout sur un ton l\u00e9ger et plein d\u2019humour.<br>Au cours de cette v\u00e9ritable performance d\u2019acteurs,<br>on croisera plusieurs dizaines de personnages qui ont<br>fait la grande Histoire du Vin : C\u00e9sar, Dom P\u00e9rignon<br>ou encore Marie-Antoinette viendront ainsi \u00e9gayer<br>cette travers\u00e9e de 10 000 ans d\u2019histoire, si bien que le<br>spectateur n\u2019aura plus qu\u2019une envie : d\u00e9boucher une<br>bouteille et refaire le monde.<\/p><figure class=\"wp-block-image size-full is-resized\"><a href=\"https:\/\/www.la-tete-de-mule.fr\/wp-content\/uploads\/2025\/11\/21.jpg\"><img loading=\"lazy\" decoding=\"async\" width=\"750\" height=\"500\" src=\"https:\/\/www.la-tete-de-mule.fr\/wp-content\/uploads\/2025\/11\/21.jpg\" alt=\"\" class=\"wp-image-3801\" style=\"width:510px;height:auto\" srcset=\"https:\/\/www.la-tete-de-mule.fr\/wp-content\/uploads\/2025\/11\/21.jpg 750w, https:\/\/www.la-tete-de-mule.fr\/wp-content\/uploads\/2025\/11\/21-300x200.jpg 300w, https:\/\/www.la-tete-de-mule.fr\/wp-content\/uploads\/2025\/11\/21-405x270.jpg 405w, https:\/\/www.la-tete-de-mule.fr\/wp-content\/uploads\/2025\/11\/21-600x400.jpg 600w\" sizes=\"auto, (max-width: 750px) 100vw, 750px\" \/><\/a><\/figure><p class=\"has-vivid-cyan-blue-color has-text-color has-link-color wp-elements-9bad4f83a1be2e8d908be65e9f0804df\"><strong>23 et 24 Janvier<\/strong><\/p><p class=\"has-vivid-cyan-blue-color has-text-color has-link-color has-large-font-size wp-elements-58c38ea0b2cade0dc24505fcb158c97e\">Quelle diff\u00e9rence \u00e7a fait ?<\/p><p>De et par Baptiste Defrance<br>Mise en sc\u00e8ne Philippe D\u2019Avilla<\/p><p>Il y a trois choses que j\u2019aime particuli\u00e8rement dans la<br>vie : raconter des histoires, apprendre et partager, faire<br>rire les gens.<br>L\u2019histoire que je raconte sur sc\u00e8ne est la mienne. L\u2019histoire<br>d\u2019un cam\u00e9l\u00e9on, cherchant constamment \u00e0 s\u2019adapter car<br>il n\u2019arrive \u00e0 rien dans ses relations avec autrui\u2026<br>C\u2019est gr\u00e2ce au th\u00e9\u00e2tre que j\u2019ai pu accepter ma propre<br>diff\u00e9rence, une diff\u00e9rence invisible. Si vous n\u2019avez pas<br>encore vu le spectacle, je vous laisse le soin de d\u00e9couvrir<br>ma propre singularit\u00e9\u2026<br>Car notre diff\u00e9rence est notre plus grande force ! Alors,<br>soyons en fiers !<\/p><figure class=\"wp-block-image size-full is-resized\"><a href=\"https:\/\/www.la-tete-de-mule.fr\/wp-content\/uploads\/2025\/11\/22.jpg\"><img loading=\"lazy\" decoding=\"async\" width=\"847\" height=\"500\" src=\"https:\/\/www.la-tete-de-mule.fr\/wp-content\/uploads\/2025\/11\/22.jpg\" alt=\"\" class=\"wp-image-3802\" style=\"width:530px;height:auto\" srcset=\"https:\/\/www.la-tete-de-mule.fr\/wp-content\/uploads\/2025\/11\/22.jpg 847w, https:\/\/www.la-tete-de-mule.fr\/wp-content\/uploads\/2025\/11\/22-300x177.jpg 300w, https:\/\/www.la-tete-de-mule.fr\/wp-content\/uploads\/2025\/11\/22-768x453.jpg 768w, https:\/\/www.la-tete-de-mule.fr\/wp-content\/uploads\/2025\/11\/22-457x270.jpg 457w, https:\/\/www.la-tete-de-mule.fr\/wp-content\/uploads\/2025\/11\/22-600x354.jpg 600w\" sizes=\"auto, (max-width: 847px) 100vw, 847px\" \/><\/a><\/figure><p class=\"has-vivid-cyan-blue-color has-text-color has-link-color wp-elements-2d7f258de05440381bdc5c5dc5856465\"><strong>30 et 31 Janvier<\/strong><\/p><p class=\"has-vivid-cyan-blue-color has-text-color has-link-color has-large-font-size wp-elements-09acd144b01285744a223bf932e67089\">Sans g\u00eane &#8211; Je d\u00e9range ? Et alors ?<\/p><p>Un one-woman-show co\u00e9crit par Sofia Syko et Marc Andr\u00e9ini<br>Mise en sc\u00e8ne Marc Andr\u00e9ini<br>Avec Sofia Syko<\/p><p><br>Sofia jette un regard critique et sans tabou sur cette<br>\u00e9poque qui la d\u00e9passe.<br>Entre les r\u00e9seaux sociaux, ses enfants, ses choix et<br>d\u00e9sillusions amoureux, se trouvant encore trop sexy<br>pour devenir mamy, elle ne sait plus du tout comment se<br>situer sur cette ligne du temps qui passe si vite.<br>Tiraill\u00e9e entre le \u00ab c\u2019\u00e9tait mieux avant \u00bb et le \u00ab faut bien<br>faire avec \u00bb, avec ce quotidien qui est aussi certainement<br>le v\u00f4tre, elle n\u2019oublie pas sa grecquitude et dresse le<br>portrait authentique d\u2019une femme de son \u00e9poque.<br>Piquante et r\u00e9solument sans g\u00eane, elle n\u2019\u00e9pargne personne,<br>pas m\u00eame elle-m\u00eame.<\/p><figure class=\"wp-block-image size-full is-resized\"><a href=\"https:\/\/www.la-tete-de-mule.fr\/wp-content\/uploads\/2025\/11\/23.jpg\"><img loading=\"lazy\" decoding=\"async\" width=\"808\" height=\"467\" src=\"https:\/\/www.la-tete-de-mule.fr\/wp-content\/uploads\/2025\/11\/23.jpg\" alt=\"\" class=\"wp-image-3803\" style=\"width:556px;height:auto\" srcset=\"https:\/\/www.la-tete-de-mule.fr\/wp-content\/uploads\/2025\/11\/23.jpg 808w, https:\/\/www.la-tete-de-mule.fr\/wp-content\/uploads\/2025\/11\/23-300x173.jpg 300w, https:\/\/www.la-tete-de-mule.fr\/wp-content\/uploads\/2025\/11\/23-768x444.jpg 768w, https:\/\/www.la-tete-de-mule.fr\/wp-content\/uploads\/2025\/11\/23-467x270.jpg 467w, https:\/\/www.la-tete-de-mule.fr\/wp-content\/uploads\/2025\/11\/23-600x347.jpg 600w\" sizes=\"auto, (max-width: 808px) 100vw, 808px\" \/><\/a><\/figure><p class=\"has-vivid-cyan-blue-color has-text-color has-link-color wp-elements-1b825123effd07a1a20a27c864a9b0ba\"><strong>06 et 07 F\u00e9vrier<\/strong><\/p><p class=\"has-vivid-cyan-blue-color has-text-color has-link-color has-large-font-size wp-elements-dc31af6a24f54fce3443db862dc9cff0\">5 jours pour te s\u00e9duire<\/p><p>Une com\u00e9die \u00e9crite et mise en sc\u00e8ne par Mathieu Oliver<br>Avec Mathilde Martinez et Mathieu Oliver<\/p><p><br>Lorsque Laura annonce \u00e0 Arthur qu\u2019elle veut le quitter,<br>il lui demande de lui accorder 5 jours pour la<br>convaincre de ne pas le faire.<br>Ils vont alors suivre un programme cens\u00e9 sauver leur<br>couple, avec une mission diff\u00e9rente chaque jour :<br>utiliser la communication non-violente, casser la routine,<br>revivre leur rencontre\u2026<br>Ce programme permettra-t-il de raviver la flamme ?<br>R\u00e9ponse dans 5 jours !<\/p><figure class=\"wp-block-image size-full is-resized\"><a href=\"https:\/\/www.la-tete-de-mule.fr\/wp-content\/uploads\/2025\/11\/14.jpg\"><img loading=\"lazy\" decoding=\"async\" width=\"403\" height=\"203\" src=\"https:\/\/www.la-tete-de-mule.fr\/wp-content\/uploads\/2025\/11\/14.jpg\" alt=\"\" class=\"wp-image-3804\" style=\"width:532px;height:auto\" srcset=\"https:\/\/www.la-tete-de-mule.fr\/wp-content\/uploads\/2025\/11\/14.jpg 403w, https:\/\/www.la-tete-de-mule.fr\/wp-content\/uploads\/2025\/11\/14-300x151.jpg 300w\" sizes=\"auto, (max-width: 403px) 100vw, 403px\" \/><\/a><\/figure><p class=\"has-vivid-cyan-blue-color has-text-color has-link-color wp-elements-1c4bd39868f7e234dc078ea993f996b1\"><strong>27 et 28 F\u00e9vrier<\/strong><\/p><p class=\"has-vivid-cyan-blue-color has-text-color has-link-color has-large-font-size wp-elements-ed9e37fd802c4f4345106829bce3bf42\">Un ciel bas saupoudr\u00e9 de corbeaux<\/p><p>De et par Gildas Lefaix et Jean-Jacques Michelet<br>Mise en sc\u00e8ne Pascale Binnert<\/p><p><br>Tout le monde finit par d\u00e9visser son billard pour rejoindre<br>un jour le grand jardin des claqu\u00e9s. Cela arrive un matin<br>bl\u00eame \u00e0 l\u2019infortun\u00e9 Jean-Michel, paysan bourru dans la<br>force de l\u2019\u00e2ge !<br>Il continue pourtant \u00e0 ressentir tout ce qui se d\u00e9roule autour<br>de lui, jusqu\u2019aux portes du cimeti\u00e8re et m\u00eame au-del\u00e0.<br>Malgr\u00e9 les jeux de mots d\u2019un texte souvent l\u00e9ger, le<br>protagoniste en profite aussi pour r\u00e9gler ses comptes<br>avec les politiques, religieux, industriels ou banquiers qui<br>\u00e9crasent les campagnes.<br>Plus g\u00e9n\u00e9ralement, il \u00e9pingle les c\u00f4t\u00e9s sombres de la Nature<br>Humaine\u2026<\/p><figure class=\"wp-block-image size-full is-resized\"><a href=\"https:\/\/www.la-tete-de-mule.fr\/wp-content\/uploads\/2025\/11\/8.jpg\"><img loading=\"lazy\" decoding=\"async\" width=\"278\" height=\"417\" src=\"https:\/\/www.la-tete-de-mule.fr\/wp-content\/uploads\/2025\/11\/8.jpg\" alt=\"\" class=\"wp-image-3805\" style=\"width:281px;height:auto\" srcset=\"https:\/\/www.la-tete-de-mule.fr\/wp-content\/uploads\/2025\/11\/8.jpg 278w, https:\/\/www.la-tete-de-mule.fr\/wp-content\/uploads\/2025\/11\/8-200x300.jpg 200w, https:\/\/www.la-tete-de-mule.fr\/wp-content\/uploads\/2025\/11\/8-180x270.jpg 180w\" sizes=\"auto, (max-width: 278px) 100vw, 278px\" \/><\/a><\/figure><p class=\"has-vivid-cyan-blue-color has-text-color has-link-color wp-elements-adac4fcab9e1ecfd91c882767e453fc2\"><strong>06 et 07 Mars<\/strong><\/p><p class=\"has-vivid-cyan-blue-color has-text-color has-link-color has-large-font-size wp-elements-f7274ba2741c88627a4d676fcfe0aac0\">Je buterais bien ma m\u00e8re<br>un dimanche !<\/p><p>De et par Julie Villers<br>Mise en sc\u00e8ne Johanna Boy\u00e9<\/p><p><br>Que celui qui n\u2019a jamais eu envie de tuer sa m\u00e8re lui<br>jette la premi\u00e8re pierre.<br>Trois femmes, trois g\u00e9n\u00e9rations, une histoire peu<br>banale. De la grand-m\u00e8re collabo mais amoureuse \u00e0 la<br>fille d\u00e9jant\u00e9e et attachante, Julie propose l\u2019exp\u00e9rience<br>unique d\u2019un voyage th\u00e9rapeutique loin de l\u2019univers girly<br>et des clich\u00e9s habituels.<br>Vous allez la d\u00e9tester un peu, vous allez l\u2019aimer beaucoup !<br>Plus efficace qu\u2019une s\u00e9ance de psy, plus dr\u00f4le que<br>l\u2019int\u00e9grale de Freud, plus n\u00e9vros\u00e9e qu\u2019une conversation<br>avec Woody<\/p><figure class=\"wp-block-image size-full is-resized\"><a href=\"https:\/\/www.la-tete-de-mule.fr\/wp-content\/uploads\/2025\/11\/26.jpg\"><img loading=\"lazy\" decoding=\"async\" width=\"1024\" height=\"683\" src=\"https:\/\/www.la-tete-de-mule.fr\/wp-content\/uploads\/2025\/11\/26.jpg\" alt=\"\" class=\"wp-image-3807\" style=\"width:535px;height:auto\" srcset=\"https:\/\/www.la-tete-de-mule.fr\/wp-content\/uploads\/2025\/11\/26.jpg 1024w, https:\/\/www.la-tete-de-mule.fr\/wp-content\/uploads\/2025\/11\/26-300x200.jpg 300w, https:\/\/www.la-tete-de-mule.fr\/wp-content\/uploads\/2025\/11\/26-768x512.jpg 768w, https:\/\/www.la-tete-de-mule.fr\/wp-content\/uploads\/2025\/11\/26-405x270.jpg 405w, https:\/\/www.la-tete-de-mule.fr\/wp-content\/uploads\/2025\/11\/26-600x400.jpg 600w\" sizes=\"auto, (max-width: 1024px) 100vw, 1024px\" \/><\/a><\/figure><p class=\"has-vivid-cyan-blue-color has-text-color has-link-color wp-elements-1ed687020910dff9529f2b8a673ebbf0\"><strong>13 et 14 Mars<\/strong><\/p><p class=\"has-vivid-cyan-blue-color has-text-color has-link-color has-large-font-size wp-elements-db149e8e677a7cf4d0821cfff9299796\">R\u00eavolutions<\/p><p>De et par Violaine Soulier, Manon Petit et Marianne Girard<br>Mise en sc\u00e8ne Elisabeth Von Buxhoeveden<\/p><p><br>Voici que d\u00e9boule le troisi\u00e8me spectacle des Swingirls.<br>Fort en gueule et tout tendre.<br>Des banderoles o\u00f9 seraient \u00e9crits leurs rages, leurs<br>r\u00eaves, leurs espoirs. Ceux qui nichent dans le tout petit<br>quotidien comme dans les grands moments. Ceux qui<br>font rire, rire aux larmes m\u00eame, quand il n\u2019y a plus que<br>\u00e7a \u00e0 faire pour r\u00e9sister et avancer.<br>Qu\u2019est-ce qu\u2019on vous chante ?<br>Pas simple de compiler tous les th\u00e8mes que leurs nouvelles<br>chansons abordent. D\u2019autant plus que tout est \u00e9crit \u00e0<br>trois voix, trois plumes, pour quatorze cordes.<br>Allez, c\u2019est parti et dans le d\u00e9sordre !<\/p><figure class=\"wp-block-image size-full is-resized\"><a href=\"https:\/\/www.la-tete-de-mule.fr\/wp-content\/uploads\/2025\/11\/27.jpg\"><img loading=\"lazy\" decoding=\"async\" width=\"798\" height=\"530\" src=\"https:\/\/www.la-tete-de-mule.fr\/wp-content\/uploads\/2025\/11\/27.jpg\" alt=\"\" class=\"wp-image-3808\" style=\"width:499px;height:auto\" srcset=\"https:\/\/www.la-tete-de-mule.fr\/wp-content\/uploads\/2025\/11\/27.jpg 798w, https:\/\/www.la-tete-de-mule.fr\/wp-content\/uploads\/2025\/11\/27-300x199.jpg 300w, https:\/\/www.la-tete-de-mule.fr\/wp-content\/uploads\/2025\/11\/27-768x510.jpg 768w, https:\/\/www.la-tete-de-mule.fr\/wp-content\/uploads\/2025\/11\/27-407x270.jpg 407w, https:\/\/www.la-tete-de-mule.fr\/wp-content\/uploads\/2025\/11\/27-600x398.jpg 600w\" sizes=\"auto, (max-width: 798px) 100vw, 798px\" \/><\/a><\/figure><p class=\"has-vivid-cyan-blue-color has-text-color has-link-color wp-elements-46e733bc565c17266682272b3f1447c8\"><strong>20 et 21 Mars<\/strong><\/p><p class=\"has-vivid-cyan-blue-color has-text-color has-link-color has-large-font-size wp-elements-48114dd76343ee6ab68fc5259792a19a\">La cigale a le tournis<\/p><p>De et par Louise Bouriff\u00e9<\/p><p><br>Apr\u00e8s plusieurs tours de France en s\u2019arr\u00eatant au th\u00e9\u00e2tre<br>du petit Gymnase \u00e0 Paris, Louise Bouriff\u00e9 nous revient<br>dans de nouvelles aventures et va nous emporter pour<br>notre plus grand plaisir dans son univers d\u00e9jant\u00e9.<br>Avec une galerie impressionnante de personnages,<br>elle se balade en Am\u00e9rique, revisite aussi bien la<br>mythologie grecque, tout en exploitant les situations<br>les plus banales qui deviennent \u00e9tonnamment<br>farfelues\u2026<\/p><figure class=\"wp-block-image size-large is-resized\"><a href=\"https:\/\/www.la-tete-de-mule.fr\/wp-content\/uploads\/2025\/11\/28.jpg\"><img loading=\"lazy\" decoding=\"async\" width=\"1024\" height=\"684\" src=\"https:\/\/www.la-tete-de-mule.fr\/wp-content\/uploads\/2025\/11\/28-1024x684.jpg\" alt=\"\" class=\"wp-image-3809\" style=\"width:546px;height:auto\" srcset=\"https:\/\/www.la-tete-de-mule.fr\/wp-content\/uploads\/2025\/11\/28-1024x684.jpg 1024w, https:\/\/www.la-tete-de-mule.fr\/wp-content\/uploads\/2025\/11\/28-300x200.jpg 300w, https:\/\/www.la-tete-de-mule.fr\/wp-content\/uploads\/2025\/11\/28-768x513.jpg 768w, https:\/\/www.la-tete-de-mule.fr\/wp-content\/uploads\/2025\/11\/28-404x270.jpg 404w, https:\/\/www.la-tete-de-mule.fr\/wp-content\/uploads\/2025\/11\/28-600x401.jpg 600w, https:\/\/www.la-tete-de-mule.fr\/wp-content\/uploads\/2025\/11\/28.jpg 1155w\" sizes=\"auto, (max-width: 1024px) 100vw, 1024px\" \/><\/a><\/figure><p class=\"has-vivid-cyan-blue-color has-text-color has-link-color wp-elements-a722876a1e9d7f5b96f7c9757bd81cd5\"><strong>27 et 28 Mars<\/strong><\/p><p class=\"has-vivid-cyan-blue-color has-text-color has-link-color has-large-font-size wp-elements-657d68378e4269626e89243ce86952d5\">D\u00e9tenus \u00e0 tout prix<\/p><p>De et par Val\u00e9rian Moutaw\u00e9 et Thomas Giraud<br>Mise en sc\u00e8ne Antoine Giraud<\/p><p><br>Eddy et Max ne se connaissent pas et leurs vies sont<br>loin d\u2019\u00eatre semblables. Leur seul point commun : avoir<br>eu l\u2019id\u00e9e g\u00e9niale de se faire volontairement incarc\u00e9rer<br>pour trouver des amis.<br>Et maintenant, ils vont devoir cohabiter dans une<br>cellule de 6m2<br>. Entre mensonges inutiles et situations<br>absurdes ; d\u00e9bordant de folie, de r\u00e9f\u00e9rences pop et de<br>g\u00e9n\u00e9rosit\u00e9, cette com\u00e9die de la Compagnie du Bistanclac<br>vous propose de vous \u00e9vader le temps d\u20191h15 dans ce<br>huis clos irr\u00e9sistible et surprenant.<\/p><figure class=\"wp-block-image size-full is-resized\"><a href=\"https:\/\/www.la-tete-de-mule.fr\/wp-content\/uploads\/2025\/11\/30.jpg\"><img loading=\"lazy\" decoding=\"async\" width=\"769\" height=\"488\" src=\"https:\/\/www.la-tete-de-mule.fr\/wp-content\/uploads\/2025\/11\/30.jpg\" alt=\"\" class=\"wp-image-3810\" style=\"width:518px;height:auto\" srcset=\"https:\/\/www.la-tete-de-mule.fr\/wp-content\/uploads\/2025\/11\/30.jpg 769w, https:\/\/www.la-tete-de-mule.fr\/wp-content\/uploads\/2025\/11\/30-300x190.jpg 300w, https:\/\/www.la-tete-de-mule.fr\/wp-content\/uploads\/2025\/11\/30-425x270.jpg 425w, https:\/\/www.la-tete-de-mule.fr\/wp-content\/uploads\/2025\/11\/30-600x381.jpg 600w\" sizes=\"auto, (max-width: 769px) 100vw, 769px\" \/><\/a><\/figure><p class=\"has-vivid-cyan-blue-color has-text-color has-link-color wp-elements-6739ae2735b5bd2fbfb056403edda606\"><strong>03 et 04 Avril<\/strong><\/p><p class=\"has-vivid-cyan-blue-color has-text-color has-link-color has-large-font-size wp-elements-581a52d8f23de7cabbc50510c918af53\">#Daron<\/p><p>De et par Basclo<\/p><p><br>Comment \u00e9lever un ado de la g\u00e9n\u00e9ration \u00ab Tiktok et<br>4DX \u00bb quand soi-m\u00eame, on a grandi avec le minitel et<br>les cassettes VHS ?<br>Un peu r\u00e9ac et franchement d\u00e9pass\u00e9 par cette soci\u00e9t\u00e9<br>qui va trop vite pour lui, Basclo tente d\u2019\u00eatre un bon<br>papa et de transmettre \u00e0 son fils des valeurs qui lui<br>sont ch\u00e8res.<br>\u00ab Genre en gros, mon daron, il est trop en PLS avec<br>moi. Miskine, \u00e7a swipe trop vite pour lui. C\u2019est trop un<br>boomer avec ses conseils \u00e9clat\u00e9s au sol ; genre il se<br>prend trop pour un coach de vie, c\u2019est abus\u00e9, \u00e7a se fait<br>trop pas de ouf ! \u00bb<\/p><figure class=\"wp-block-image size-full is-resized\"><a href=\"https:\/\/www.la-tete-de-mule.fr\/wp-content\/uploads\/2025\/11\/31.jpg\"><img loading=\"lazy\" decoding=\"async\" width=\"656\" height=\"980\" src=\"https:\/\/www.la-tete-de-mule.fr\/wp-content\/uploads\/2025\/11\/31.jpg\" alt=\"\" class=\"wp-image-3812\" style=\"width:324px;height:auto\" srcset=\"https:\/\/www.la-tete-de-mule.fr\/wp-content\/uploads\/2025\/11\/31.jpg 656w, https:\/\/www.la-tete-de-mule.fr\/wp-content\/uploads\/2025\/11\/31-201x300.jpg 201w, https:\/\/www.la-tete-de-mule.fr\/wp-content\/uploads\/2025\/11\/31-181x270.jpg 181w, https:\/\/www.la-tete-de-mule.fr\/wp-content\/uploads\/2025\/11\/31-600x896.jpg 600w\" sizes=\"auto, (max-width: 656px) 100vw, 656px\" \/><\/a><\/figure><p class=\"has-vivid-cyan-blue-color has-text-color has-link-color wp-elements-ff192e4a51d2a7ee0ec96b1f9d442bb1\"><strong>17 et 18 Avril<\/strong><\/p><p class=\"has-vivid-cyan-blue-color has-text-color has-link-color has-large-font-size wp-elements-3e791c8f3bec7ce8f8d36f02a8682248\">Tel un ph\u00e9nix<\/p><p>De et par Amaia<\/p><p><br>Pourquoi on a tous l\u2019impression d\u2019avoir la plus bizarre<br>des familles ?<br>Amaia vous embarque pour un road-trip familial dans<br>les ann\u00e9es 90 sur les routes de Pologne, comme un<br>Little Miss Shunshine au pays de la patate.<br>Avec sa g\u00e9n\u00e9rosit\u00e9 et sa folie, Amaia interpr\u00e8te une<br>histoire sinc\u00e8re et donne vie \u00e0 des personnages dr\u00f4les<br>et attachants. \u00c7a parle de la vie, de la famille, de ses<br>hauts et de ses bas.<br>Une cr\u00e9ation originale, juste et dr\u00f4le ou juste dr\u00f4le,<br>\u00e0 vous de voir.<\/p><figure class=\"wp-block-image size-full is-resized\"><a href=\"https:\/\/www.la-tete-de-mule.fr\/wp-content\/uploads\/2025\/11\/32.jpg\"><img loading=\"lazy\" decoding=\"async\" width=\"906\" height=\"504\" src=\"https:\/\/www.la-tete-de-mule.fr\/wp-content\/uploads\/2025\/11\/32.jpg\" alt=\"\" class=\"wp-image-3813\" style=\"width:529px;height:auto\" srcset=\"https:\/\/www.la-tete-de-mule.fr\/wp-content\/uploads\/2025\/11\/32.jpg 906w, https:\/\/www.la-tete-de-mule.fr\/wp-content\/uploads\/2025\/11\/32-300x167.jpg 300w, https:\/\/www.la-tete-de-mule.fr\/wp-content\/uploads\/2025\/11\/32-768x427.jpg 768w, https:\/\/www.la-tete-de-mule.fr\/wp-content\/uploads\/2025\/11\/32-485x270.jpg 485w, https:\/\/www.la-tete-de-mule.fr\/wp-content\/uploads\/2025\/11\/32-600x334.jpg 600w\" sizes=\"auto, (max-width: 906px) 100vw, 906px\" \/><\/a><\/figure><p class=\"has-vivid-cyan-blue-color has-text-color has-link-color wp-elements-c305182e495f424c32984ce2a6dd50e3\"><strong>24 et 25 Avril<\/strong><\/p><p class=\"has-vivid-cyan-blue-color has-text-color has-link-color has-large-font-size wp-elements-347bd88358f65968bb8640f7564e869d\">Sten et Chardon<\/p><p>De et par Nicolas Vezzoni et Lucas Lemauff<\/p><p><br>Les artistes de vari\u00e9t\u00e9s sont notre patrimoine culturel.<br>Et pourtant, les connaissez-vous bien ?<br>Dick Rivers comprenait-il l\u2019anglais ? Brassens est-il<br>vraiment mort et Ferrat repass\u00e9 ? Carlos \u00e9tait-il le<br>chanteur d\u2019Oasis ? Et Goldman\u2026sax ?<br>Avec la rigueur scientifique qui les caract\u00e9rise et \u00e0 travers<br>des d\u00e9monstrations th\u00e9oriques ou musicales, les<br>enqu\u00eateurs d\u2019\u00e9lite de la Sacem, Mickael Sten et David<br>Chardon font la lumi\u00e8re sur la plus grande manipulation<br>de masse de l\u2019histoire de l\u2019humanit\u00e9 : la vari\u00e9t\u00e9.<br>Un spectacle \u00e0 voir avant qu\u2019il soit interdit !<\/p>","protected":false},"excerpt":{"rendered":"<p>#38\u00e8me \u00e9dition 09 et 10 Janvier Fr\u00e9d\u00e9ric Fromet se tient \u00e0 carreau De et par Fr\u00e9d\u00e9ric FrometAccord\u00e9on et clavier : Fran\u00e7ois Marnier Les carreaux, c\u2019est seulement pour la chemise et lepapier peint !Sur de nouvelles compositions originales joyeusementorchestr\u00e9es, Fr\u00e9d\u00e9ric Fromet s\u2019empare gaiement dessujets de soci\u00e9t\u00e9 pour mieux les encaisser (le mondedu travail, les r\u00e9seaux asociaux, l\u2019\u00e9cologie, les violencesfaites aux femmes, la religion, les extr\u00e9mistes de toutpoil, etc). Coiffure et costume \u00e0 budget limit\u00e9 maisspectacle bienfaisant et proche des gens.Avec une&#8230;<\/p>\n<p class=\"read-more\"><a class=\"btn btn-default\" href=\"https:\/\/www.la-tete-de-mule.fr\/?page_id=2561\">Lire la suite<span class=\"screen-reader-text\"> Lire la suite<\/span><\/a><\/p>\n","protected":false},"author":5,"featured_media":0,"parent":26,"menu_order":1,"comment_status":"closed","ping_status":"closed","template":"","meta":{"footnotes":""},"class_list":["post-2561","page","type-page","status-publish","hentry"],"_links":{"self":[{"href":"https:\/\/www.la-tete-de-mule.fr\/index.php?rest_route=\/wp\/v2\/pages\/2561","targetHints":{"allow":["GET"]}}],"collection":[{"href":"https:\/\/www.la-tete-de-mule.fr\/index.php?rest_route=\/wp\/v2\/pages"}],"about":[{"href":"https:\/\/www.la-tete-de-mule.fr\/index.php?rest_route=\/wp\/v2\/types\/page"}],"author":[{"embeddable":true,"href":"https:\/\/www.la-tete-de-mule.fr\/index.php?rest_route=\/wp\/v2\/users\/5"}],"replies":[{"embeddable":true,"href":"https:\/\/www.la-tete-de-mule.fr\/index.php?rest_route=%2Fwp%2Fv2%2Fcomments&post=2561"}],"version-history":[{"count":33,"href":"https:\/\/www.la-tete-de-mule.fr\/index.php?rest_route=\/wp\/v2\/pages\/2561\/revisions"}],"predecessor-version":[{"id":3820,"href":"https:\/\/www.la-tete-de-mule.fr\/index.php?rest_route=\/wp\/v2\/pages\/2561\/revisions\/3820"}],"up":[{"embeddable":true,"href":"https:\/\/www.la-tete-de-mule.fr\/index.php?rest_route=\/wp\/v2\/pages\/26"}],"wp:attachment":[{"href":"https:\/\/www.la-tete-de-mule.fr\/index.php?rest_route=%2Fwp%2Fv2%2Fmedia&parent=2561"}],"curies":[{"name":"wp","href":"https:\/\/api.w.org\/{rel}","templated":true}]}}