{"id":2941,"date":"2021-11-09T02:11:14","date_gmt":"2021-11-09T01:11:14","guid":{"rendered":"http:\/\/www.la-tete-de-mule.fr\/?page_id=2941"},"modified":"2024-02-07T17:40:36","modified_gmt":"2024-02-07T16:40:36","slug":"walter-a-terre","status":"publish","type":"page","link":"https:\/\/www.la-tete-de-mule.fr\/?page_id=2941","title":{"rendered":"Walter \u00e0 Terre ?"},"content":{"rendered":"<p><strong>Cr\u00e9ation 27 octobre 2020<\/strong><\/p><p>(La veille du deuxi\u00e8me \u00ab\u00a0Grand Confinement\u00a0\u00bb&#8230;)<\/p><p>(37 repr\u00e9sentations)<\/p><figure class=\"wp-block-gallery has-nested-images columns-default is-cropped wp-block-gallery-1 is-layout-flex wp-block-gallery-is-layout-flex\"><figure class=\"wp-block-image size-large\"><a href=\"http:\/\/www.la-tete-de-mule.fr\/wp-content\/uploads\/2021\/11\/IMG_20211115_165600.jpg\"><img loading=\"lazy\" decoding=\"async\" width=\"1024\" height=\"600\" data-id=\"3096\" src=\"http:\/\/www.la-tete-de-mule.fr\/wp-content\/uploads\/2021\/11\/IMG_20211115_165600-1024x600.jpg\" alt=\"\" class=\"wp-image-3096\" srcset=\"https:\/\/www.la-tete-de-mule.fr\/wp-content\/uploads\/2021\/11\/IMG_20211115_165600-1024x600.jpg 1024w, https:\/\/www.la-tete-de-mule.fr\/wp-content\/uploads\/2021\/11\/IMG_20211115_165600-600x351.jpg 600w, https:\/\/www.la-tete-de-mule.fr\/wp-content\/uploads\/2021\/11\/IMG_20211115_165600-300x176.jpg 300w, https:\/\/www.la-tete-de-mule.fr\/wp-content\/uploads\/2021\/11\/IMG_20211115_165600-768x450.jpg 768w, https:\/\/www.la-tete-de-mule.fr\/wp-content\/uploads\/2021\/11\/IMG_20211115_165600-1536x900.jpg 1536w, https:\/\/www.la-tete-de-mule.fr\/wp-content\/uploads\/2021\/11\/IMG_20211115_165600-461x270.jpg 461w, https:\/\/www.la-tete-de-mule.fr\/wp-content\/uploads\/2021\/11\/IMG_20211115_165600-1320x773.jpg 1320w, https:\/\/www.la-tete-de-mule.fr\/wp-content\/uploads\/2021\/11\/IMG_20211115_165600.jpg 1600w\" sizes=\"auto, (max-width: 1024px) 100vw, 1024px\" \/><\/a><\/figure>\n\n<figure class=\"wp-block-image size-large\"><a href=\"http:\/\/www.la-tete-de-mule.fr\/wp-content\/uploads\/2021\/11\/IMG_20211115_165531.jpg\"><img loading=\"lazy\" decoding=\"async\" width=\"1024\" height=\"768\" data-id=\"3094\" src=\"http:\/\/www.la-tete-de-mule.fr\/wp-content\/uploads\/2021\/11\/IMG_20211115_165531-1024x768.jpg\" alt=\"\" class=\"wp-image-3094\" srcset=\"https:\/\/www.la-tete-de-mule.fr\/wp-content\/uploads\/2021\/11\/IMG_20211115_165531-1024x768.jpg 1024w, https:\/\/www.la-tete-de-mule.fr\/wp-content\/uploads\/2021\/11\/IMG_20211115_165531-600x450.jpg 600w, https:\/\/www.la-tete-de-mule.fr\/wp-content\/uploads\/2021\/11\/IMG_20211115_165531-300x225.jpg 300w, https:\/\/www.la-tete-de-mule.fr\/wp-content\/uploads\/2021\/11\/IMG_20211115_165531-768x576.jpg 768w, https:\/\/www.la-tete-de-mule.fr\/wp-content\/uploads\/2021\/11\/IMG_20211115_165531-1536x1152.jpg 1536w, https:\/\/www.la-tete-de-mule.fr\/wp-content\/uploads\/2021\/11\/IMG_20211115_165531-360x270.jpg 360w, https:\/\/www.la-tete-de-mule.fr\/wp-content\/uploads\/2021\/11\/IMG_20211115_165531-1320x990.jpg 1320w, https:\/\/www.la-tete-de-mule.fr\/wp-content\/uploads\/2021\/11\/IMG_20211115_165531.jpg 2048w\" sizes=\"auto, (max-width: 1024px) 100vw, 1024px\" \/><\/a><\/figure><\/figure><p>Ne jamais renoncer nous permit une fois encore de monter un spectacle, ce qui franchement n&rsquo;\u00e9tait pas gagn\u00e9 en cette  ann\u00e9e 2020&#8230; D&rsquo;apr\u00e8s les retours des nombreux clients et enfants, nous avons fichtrement bien fait de nous accrocher !<\/p><p>Cette pi\u00e8ce met l&rsquo;accent sur la solidarit\u00e9 entre les diff\u00e9rentes esp\u00e8ces animales, dans un monde qui en manque si cruellement. A l&rsquo;instar de La Fontaine et \u00c9sope avant lui, c&rsquo;est avant tout une mani\u00e8re de d\u00e9caler les points de vue pour d&rsquo;abord parler de nous, humains parfois si inhumains.<\/p><p>Les enfants baignent dans l&rsquo;oc\u00e9an infini de tous les possibles. En grandissant h\u00e9las, ils s&rsquo;engagent dans une direction en occultant toutes les autres&#8230; Ils se convainquent peu \u00e0 peu qu&rsquo;ils doivent devenir adultes. Seuls les adultes et les fous conservent cette innocence qui leur permet d&rsquo;explorer des recoins insoup\u00e7onn\u00e9s. Ce faisant, ils refusent de vieillir ou en tout cas se rabougrissent moins vite !<\/p><p>\u00ab\u00a0Le Bourricot r\u00e9ussit admirablement \u00e0 partager avec petits et grands le simple bonheur d&rsquo;\u00eatre ensemble. C&rsquo;est d\u00e9j\u00e0 \u00e7a, et surtout l&rsquo;essentiel !\u00a0\u00bb <strong>Le Berry R\u00e9publicain<\/strong><\/p><p><\/p><figure class=\"wp-block-image\"><img loading=\"lazy\" decoding=\"async\" width=\"1024\" height=\"717\" src=\"http:\/\/www.la-tete-de-mule.fr\/wp-content\/uploads\/2021\/11\/Bourricot-plq-12p-2020-BD-1-2-1024x717.png\" alt=\"\" class=\"wp-image-2969\" srcset=\"https:\/\/www.la-tete-de-mule.fr\/wp-content\/uploads\/2021\/11\/Bourricot-plq-12p-2020-BD-1-2-1024x717.png 1024w, https:\/\/www.la-tete-de-mule.fr\/wp-content\/uploads\/2021\/11\/Bourricot-plq-12p-2020-BD-1-2-600x420.png 600w, https:\/\/www.la-tete-de-mule.fr\/wp-content\/uploads\/2021\/11\/Bourricot-plq-12p-2020-BD-1-2-300x210.png 300w, https:\/\/www.la-tete-de-mule.fr\/wp-content\/uploads\/2021\/11\/Bourricot-plq-12p-2020-BD-1-2-768x538.png 768w, https:\/\/www.la-tete-de-mule.fr\/wp-content\/uploads\/2021\/11\/Bourricot-plq-12p-2020-BD-1-2-386x270.png 386w, https:\/\/www.la-tete-de-mule.fr\/wp-content\/uploads\/2021\/11\/Bourricot-plq-12p-2020-BD-1-2-1320x924.png 1320w\" sizes=\"auto, (max-width: 1024px) 100vw, 1024px\" \/><\/figure><figure class=\"wp-block-image\"><img loading=\"lazy\" decoding=\"async\" width=\"768\" height=\"1024\" src=\"http:\/\/www.la-tete-de-mule.fr\/wp-content\/uploads\/2021\/11\/6842594036572767609-768x1024.jpg\" alt=\"\" class=\"wp-image-2955\" srcset=\"https:\/\/www.la-tete-de-mule.fr\/wp-content\/uploads\/2021\/11\/6842594036572767609-768x1024.jpg 768w, https:\/\/www.la-tete-de-mule.fr\/wp-content\/uploads\/2021\/11\/6842594036572767609-600x800.jpg 600w, https:\/\/www.la-tete-de-mule.fr\/wp-content\/uploads\/2021\/11\/6842594036572767609-225x300.jpg 225w, https:\/\/www.la-tete-de-mule.fr\/wp-content\/uploads\/2021\/11\/6842594036572767609-203x270.jpg 203w, https:\/\/www.la-tete-de-mule.fr\/wp-content\/uploads\/2021\/11\/6842594036572767609-1320x1760.jpg 1320w, https:\/\/www.la-tete-de-mule.fr\/wp-content\/uploads\/2021\/11\/6842594036572767609.jpg 1440w\" sizes=\"auto, (max-width: 768px) 100vw, 768px\" \/><\/figure><figure class=\"wp-block-image\"><img loading=\"lazy\" decoding=\"async\" width=\"768\" height=\"1024\" src=\"http:\/\/www.la-tete-de-mule.fr\/wp-content\/uploads\/2021\/11\/5543621363854231485-768x1024.jpg\" alt=\"\" class=\"wp-image-2957\" srcset=\"https:\/\/www.la-tete-de-mule.fr\/wp-content\/uploads\/2021\/11\/5543621363854231485-768x1024.jpg 768w, https:\/\/www.la-tete-de-mule.fr\/wp-content\/uploads\/2021\/11\/5543621363854231485-600x800.jpg 600w, https:\/\/www.la-tete-de-mule.fr\/wp-content\/uploads\/2021\/11\/5543621363854231485-225x300.jpg 225w, https:\/\/www.la-tete-de-mule.fr\/wp-content\/uploads\/2021\/11\/5543621363854231485-203x270.jpg 203w, https:\/\/www.la-tete-de-mule.fr\/wp-content\/uploads\/2021\/11\/5543621363854231485-1320x1760.jpg 1320w, https:\/\/www.la-tete-de-mule.fr\/wp-content\/uploads\/2021\/11\/5543621363854231485.jpg 1440w\" sizes=\"auto, (max-width: 768px) 100vw, 768px\" \/><\/figure><figure class=\"wp-block-image\"><img loading=\"lazy\" decoding=\"async\" width=\"768\" height=\"1024\" src=\"http:\/\/www.la-tete-de-mule.fr\/wp-content\/uploads\/2021\/11\/2615482637195998530-768x1024.jpg\" alt=\"\" class=\"wp-image-2958\" srcset=\"https:\/\/www.la-tete-de-mule.fr\/wp-content\/uploads\/2021\/11\/2615482637195998530-768x1024.jpg 768w, https:\/\/www.la-tete-de-mule.fr\/wp-content\/uploads\/2021\/11\/2615482637195998530-600x800.jpg 600w, https:\/\/www.la-tete-de-mule.fr\/wp-content\/uploads\/2021\/11\/2615482637195998530-225x300.jpg 225w, https:\/\/www.la-tete-de-mule.fr\/wp-content\/uploads\/2021\/11\/2615482637195998530-203x270.jpg 203w, https:\/\/www.la-tete-de-mule.fr\/wp-content\/uploads\/2021\/11\/2615482637195998530.jpg 1080w\" sizes=\"auto, (max-width: 768px) 100vw, 768px\" \/><\/figure><figure class=\"wp-block-image\"><img loading=\"lazy\" decoding=\"async\" width=\"1024\" height=\"768\" src=\"http:\/\/www.la-tete-de-mule.fr\/wp-content\/uploads\/2021\/11\/1404388960301495895-1024x768.jpg\" alt=\"\" class=\"wp-image-2959\" srcset=\"https:\/\/www.la-tete-de-mule.fr\/wp-content\/uploads\/2021\/11\/1404388960301495895-1024x768.jpg 1024w, https:\/\/www.la-tete-de-mule.fr\/wp-content\/uploads\/2021\/11\/1404388960301495895-600x450.jpg 600w, https:\/\/www.la-tete-de-mule.fr\/wp-content\/uploads\/2021\/11\/1404388960301495895-300x225.jpg 300w, https:\/\/www.la-tete-de-mule.fr\/wp-content\/uploads\/2021\/11\/1404388960301495895-768x576.jpg 768w, https:\/\/www.la-tete-de-mule.fr\/wp-content\/uploads\/2021\/11\/1404388960301495895-360x270.jpg 360w, https:\/\/www.la-tete-de-mule.fr\/wp-content\/uploads\/2021\/11\/1404388960301495895-1320x990.jpg 1320w, https:\/\/www.la-tete-de-mule.fr\/wp-content\/uploads\/2021\/11\/1404388960301495895.jpg 1440w\" sizes=\"auto, (max-width: 1024px) 100vw, 1024px\" \/><\/figure><figure class=\"wp-block-gallery has-nested-images columns-default is-cropped wp-block-gallery-2 is-layout-flex wp-block-gallery-is-layout-flex\"><figure class=\"wp-block-image size-large\"><a href=\"http:\/\/www.la-tete-de-mule.fr\/wp-content\/uploads\/2024\/02\/7Y5A2053-scaled.jpg\"><img loading=\"lazy\" decoding=\"async\" width=\"1024\" height=\"636\" data-id=\"3604\" src=\"http:\/\/www.la-tete-de-mule.fr\/wp-content\/uploads\/2024\/02\/7Y5A2053-1024x636.jpg\" alt=\"\" class=\"wp-image-3604\" srcset=\"https:\/\/www.la-tete-de-mule.fr\/wp-content\/uploads\/2024\/02\/7Y5A2053-1024x636.jpg 1024w, https:\/\/www.la-tete-de-mule.fr\/wp-content\/uploads\/2024\/02\/7Y5A2053-scaled-600x372.jpg 600w, https:\/\/www.la-tete-de-mule.fr\/wp-content\/uploads\/2024\/02\/7Y5A2053-300x186.jpg 300w, https:\/\/www.la-tete-de-mule.fr\/wp-content\/uploads\/2024\/02\/7Y5A2053-768x477.jpg 768w, https:\/\/www.la-tete-de-mule.fr\/wp-content\/uploads\/2024\/02\/7Y5A2053-1536x953.jpg 1536w, https:\/\/www.la-tete-de-mule.fr\/wp-content\/uploads\/2024\/02\/7Y5A2053-2048x1271.jpg 2048w, https:\/\/www.la-tete-de-mule.fr\/wp-content\/uploads\/2024\/02\/7Y5A2053-435x270.jpg 435w\" sizes=\"auto, (max-width: 1024px) 100vw, 1024px\" \/><\/a><\/figure>\n\n<figure class=\"wp-block-image size-large\"><a href=\"http:\/\/www.la-tete-de-mule.fr\/wp-content\/uploads\/2024\/02\/7Y5A2208.jpg\"><img loading=\"lazy\" decoding=\"async\" width=\"1024\" height=\"826\" data-id=\"3605\" src=\"http:\/\/www.la-tete-de-mule.fr\/wp-content\/uploads\/2024\/02\/7Y5A2208-1024x826.jpg\" alt=\"\" class=\"wp-image-3605\" srcset=\"https:\/\/www.la-tete-de-mule.fr\/wp-content\/uploads\/2024\/02\/7Y5A2208-1024x826.jpg 1024w, https:\/\/www.la-tete-de-mule.fr\/wp-content\/uploads\/2024\/02\/7Y5A2208-600x484.jpg 600w, https:\/\/www.la-tete-de-mule.fr\/wp-content\/uploads\/2024\/02\/7Y5A2208-300x242.jpg 300w, https:\/\/www.la-tete-de-mule.fr\/wp-content\/uploads\/2024\/02\/7Y5A2208-768x620.jpg 768w, https:\/\/www.la-tete-de-mule.fr\/wp-content\/uploads\/2024\/02\/7Y5A2208-335x270.jpg 335w, https:\/\/www.la-tete-de-mule.fr\/wp-content\/uploads\/2024\/02\/7Y5A2208.jpg 1212w\" sizes=\"auto, (max-width: 1024px) 100vw, 1024px\" \/><\/a><\/figure>\n\n<figure class=\"wp-block-image size-large\"><a href=\"http:\/\/www.la-tete-de-mule.fr\/wp-content\/uploads\/2024\/02\/7Y5A2240-scaled.jpg\"><img loading=\"lazy\" decoding=\"async\" width=\"1024\" height=\"693\" data-id=\"3607\" src=\"http:\/\/www.la-tete-de-mule.fr\/wp-content\/uploads\/2024\/02\/7Y5A2240-1024x693.jpg\" alt=\"\" class=\"wp-image-3607\" srcset=\"https:\/\/www.la-tete-de-mule.fr\/wp-content\/uploads\/2024\/02\/7Y5A2240-1024x693.jpg 1024w, https:\/\/www.la-tete-de-mule.fr\/wp-content\/uploads\/2024\/02\/7Y5A2240-scaled-600x406.jpg 600w, https:\/\/www.la-tete-de-mule.fr\/wp-content\/uploads\/2024\/02\/7Y5A2240-300x203.jpg 300w, https:\/\/www.la-tete-de-mule.fr\/wp-content\/uploads\/2024\/02\/7Y5A2240-768x520.jpg 768w, https:\/\/www.la-tete-de-mule.fr\/wp-content\/uploads\/2024\/02\/7Y5A2240-1536x1040.jpg 1536w, https:\/\/www.la-tete-de-mule.fr\/wp-content\/uploads\/2024\/02\/7Y5A2240-2048x1387.jpg 2048w, https:\/\/www.la-tete-de-mule.fr\/wp-content\/uploads\/2024\/02\/7Y5A2240-399x270.jpg 399w\" sizes=\"auto, (max-width: 1024px) 100vw, 1024px\" \/><\/a><\/figure>\n\n<figure class=\"wp-block-image size-large\"><a href=\"http:\/\/www.la-tete-de-mule.fr\/wp-content\/uploads\/2024\/02\/7Y5A2209.jpg\"><img loading=\"lazy\" decoding=\"async\" width=\"1024\" height=\"736\" data-id=\"3608\" src=\"http:\/\/www.la-tete-de-mule.fr\/wp-content\/uploads\/2024\/02\/7Y5A2209-1024x736.jpg\" alt=\"\" class=\"wp-image-3608\" srcset=\"https:\/\/www.la-tete-de-mule.fr\/wp-content\/uploads\/2024\/02\/7Y5A2209-1024x736.jpg 1024w, https:\/\/www.la-tete-de-mule.fr\/wp-content\/uploads\/2024\/02\/7Y5A2209-600x431.jpg 600w, https:\/\/www.la-tete-de-mule.fr\/wp-content\/uploads\/2024\/02\/7Y5A2209-300x216.jpg 300w, https:\/\/www.la-tete-de-mule.fr\/wp-content\/uploads\/2024\/02\/7Y5A2209-768x552.jpg 768w, https:\/\/www.la-tete-de-mule.fr\/wp-content\/uploads\/2024\/02\/7Y5A2209-1536x1104.jpg 1536w, https:\/\/www.la-tete-de-mule.fr\/wp-content\/uploads\/2024\/02\/7Y5A2209-376x270.jpg 376w, https:\/\/www.la-tete-de-mule.fr\/wp-content\/uploads\/2024\/02\/7Y5A2209.jpg 1866w\" sizes=\"auto, (max-width: 1024px) 100vw, 1024px\" \/><\/a><\/figure>\n\n<figure class=\"wp-block-image size-large\"><a href=\"http:\/\/www.la-tete-de-mule.fr\/wp-content\/uploads\/2024\/02\/7Y5A2193-scaled.jpg\"><img loading=\"lazy\" decoding=\"async\" width=\"1024\" height=\"746\" data-id=\"3609\" src=\"http:\/\/www.la-tete-de-mule.fr\/wp-content\/uploads\/2024\/02\/7Y5A2193-1024x746.jpg\" alt=\"\" class=\"wp-image-3609\" srcset=\"https:\/\/www.la-tete-de-mule.fr\/wp-content\/uploads\/2024\/02\/7Y5A2193-1024x746.jpg 1024w, https:\/\/www.la-tete-de-mule.fr\/wp-content\/uploads\/2024\/02\/7Y5A2193-scaled-600x437.jpg 600w, https:\/\/www.la-tete-de-mule.fr\/wp-content\/uploads\/2024\/02\/7Y5A2193-300x219.jpg 300w, https:\/\/www.la-tete-de-mule.fr\/wp-content\/uploads\/2024\/02\/7Y5A2193-768x559.jpg 768w, https:\/\/www.la-tete-de-mule.fr\/wp-content\/uploads\/2024\/02\/7Y5A2193-1536x1119.jpg 1536w, https:\/\/www.la-tete-de-mule.fr\/wp-content\/uploads\/2024\/02\/7Y5A2193-2048x1492.jpg 2048w, https:\/\/www.la-tete-de-mule.fr\/wp-content\/uploads\/2024\/02\/7Y5A2193-371x270.jpg 371w\" sizes=\"auto, (max-width: 1024px) 100vw, 1024px\" \/><\/a><\/figure>\n\n<figure class=\"wp-block-image size-large\"><a href=\"http:\/\/www.la-tete-de-mule.fr\/wp-content\/uploads\/2024\/02\/7Y5A2240-1-scaled.jpg\"><img loading=\"lazy\" decoding=\"async\" width=\"1024\" height=\"693\" data-id=\"3610\" src=\"http:\/\/www.la-tete-de-mule.fr\/wp-content\/uploads\/2024\/02\/7Y5A2240-1-1024x693.jpg\" alt=\"\" class=\"wp-image-3610\" srcset=\"https:\/\/www.la-tete-de-mule.fr\/wp-content\/uploads\/2024\/02\/7Y5A2240-1-1024x693.jpg 1024w, https:\/\/www.la-tete-de-mule.fr\/wp-content\/uploads\/2024\/02\/7Y5A2240-1-scaled-600x406.jpg 600w, https:\/\/www.la-tete-de-mule.fr\/wp-content\/uploads\/2024\/02\/7Y5A2240-1-300x203.jpg 300w, https:\/\/www.la-tete-de-mule.fr\/wp-content\/uploads\/2024\/02\/7Y5A2240-1-768x520.jpg 768w, https:\/\/www.la-tete-de-mule.fr\/wp-content\/uploads\/2024\/02\/7Y5A2240-1-1536x1040.jpg 1536w, https:\/\/www.la-tete-de-mule.fr\/wp-content\/uploads\/2024\/02\/7Y5A2240-1-2048x1387.jpg 2048w, https:\/\/www.la-tete-de-mule.fr\/wp-content\/uploads\/2024\/02\/7Y5A2240-1-399x270.jpg 399w\" sizes=\"auto, (max-width: 1024px) 100vw, 1024px\" \/><\/a><\/figure><\/figure>","protected":false},"excerpt":{"rendered":"<p>Cr\u00e9ation 27 octobre 2020 (La veille du deuxi\u00e8me \u00ab\u00a0Grand Confinement\u00a0\u00bb&#8230;) (37 repr\u00e9sentations) Ne jamais renoncer nous permit une fois encore de monter un spectacle, ce qui franchement n&rsquo;\u00e9tait pas gagn\u00e9 en cette ann\u00e9e 2020&#8230; D&rsquo;apr\u00e8s les retours des nombreux clients et enfants, nous avons fichtrement bien fait de nous accrocher ! Cette pi\u00e8ce met l&rsquo;accent sur la solidarit\u00e9 entre les diff\u00e9rentes esp\u00e8ces animales, dans un monde qui en manque si cruellement. A l&rsquo;instar de La Fontaine et \u00c9sope avant lui,&#8230;<\/p>\n<p class=\"read-more\"><a class=\"btn btn-default\" href=\"https:\/\/www.la-tete-de-mule.fr\/?page_id=2941\">Lire la suite<span class=\"screen-reader-text\"> Lire la suite<\/span><\/a><\/p>\n","protected":false},"author":5,"featured_media":0,"parent":0,"menu_order":0,"comment_status":"closed","ping_status":"closed","template":"","meta":{"footnotes":""},"class_list":["post-2941","page","type-page","status-publish","hentry"],"_links":{"self":[{"href":"https:\/\/www.la-tete-de-mule.fr\/index.php?rest_route=\/wp\/v2\/pages\/2941","targetHints":{"allow":["GET"]}}],"collection":[{"href":"https:\/\/www.la-tete-de-mule.fr\/index.php?rest_route=\/wp\/v2\/pages"}],"about":[{"href":"https:\/\/www.la-tete-de-mule.fr\/index.php?rest_route=\/wp\/v2\/types\/page"}],"author":[{"embeddable":true,"href":"https:\/\/www.la-tete-de-mule.fr\/index.php?rest_route=\/wp\/v2\/users\/5"}],"replies":[{"embeddable":true,"href":"https:\/\/www.la-tete-de-mule.fr\/index.php?rest_route=%2Fwp%2Fv2%2Fcomments&post=2941"}],"version-history":[{"count":11,"href":"https:\/\/www.la-tete-de-mule.fr\/index.php?rest_route=\/wp\/v2\/pages\/2941\/revisions"}],"predecessor-version":[{"id":3611,"href":"https:\/\/www.la-tete-de-mule.fr\/index.php?rest_route=\/wp\/v2\/pages\/2941\/revisions\/3611"}],"wp:attachment":[{"href":"https:\/\/www.la-tete-de-mule.fr\/index.php?rest_route=%2Fwp%2Fv2%2Fmedia&parent=2941"}],"curies":[{"name":"wp","href":"https:\/\/api.w.org\/{rel}","templated":true}]}}