{"id":2947,"date":"2021-11-09T02:14:39","date_gmt":"2021-11-09T01:14:39","guid":{"rendered":"http:\/\/www.la-tete-de-mule.fr\/?page_id=2947"},"modified":"2024-02-07T17:37:29","modified_gmt":"2024-02-07T16:37:29","slug":"les-singeries-de-seraphin","status":"publish","type":"page","link":"https:\/\/www.la-tete-de-mule.fr\/?page_id=2947","title":{"rendered":"Les singeries de S\u00e9raphin"},"content":{"rendered":"\n<p><strong>Cr\u00e9ation 05 mai 2018<\/strong><\/p>\n\n\n\n<p>(31 repr\u00e9sentations)<\/p>\n\n\n\n<p>Apr\u00e8s <strong><em>\u00ab\u00a0C&rsquo;est inuit !\u00a0\u00bb<\/em><\/strong> cr\u00e9\u00e9 avec succ\u00e8s en ao\u00fbt 2016, nous voulions insister sur les probl\u00e8mes environnementaux terrifiants que connait notre petite plan\u00e8te, du point de vue cette fois de la d\u00e9forestation massive que subit le dernier sanctuaire des orangs-outans. Le tout bien s\u00fbr sans nous d\u00e9partir de l&rsquo;humour qui reste la marque de fabrique du Bourricot et de La T\u00eate De Mule&#8230;<\/p>\n\n\n\n<p>A l&rsquo;issue des repr\u00e9sentations, nous organisons en outre des d\u00e9bats passionnants avec les \u00e9l\u00e8ves sur d&rsquo;autres mani\u00e8res de concevoir le monde, avant que notre petite plan\u00e8te s&rsquo;effondre sur elle-m\u00eame ! <\/p>\n\n\n\n<p>Le texte int\u00e9gral de la pi\u00e8ce est publi\u00e9 aux \u00c9ditions L&rsquo;Harmattan et nous en offrons avec plaisir un exemplaire \u00e0 chaque client qui ach\u00e8te le spectacle. <\/p>\n\n\n\n<p>\u00ab\u00a0Tous sont repartis avec au fond des yeux cette petite \u00e9tincelle qui en dit long sur la magie d&rsquo;une rencontre unique !\u00a0\u00bb <strong><em>La Montagne<\/em><\/strong>  <\/p>\n\n\n\n<figure class=\"wp-block-image is-resized\"><img loading=\"lazy\" decoding=\"async\" width=\"1024\" height=\"717\" src=\"http:\/\/www.la-tete-de-mule.fr\/wp-content\/uploads\/2021\/11\/Bourricot-plq-12p-2020-BD-1-3-1024x717.png\" alt=\"\" class=\"wp-image-2967\" style=\"width:883px;height:618px\" srcset=\"https:\/\/www.la-tete-de-mule.fr\/wp-content\/uploads\/2021\/11\/Bourricot-plq-12p-2020-BD-1-3-1024x717.png 1024w, https:\/\/www.la-tete-de-mule.fr\/wp-content\/uploads\/2021\/11\/Bourricot-plq-12p-2020-BD-1-3-600x420.png 600w, https:\/\/www.la-tete-de-mule.fr\/wp-content\/uploads\/2021\/11\/Bourricot-plq-12p-2020-BD-1-3-300x210.png 300w, https:\/\/www.la-tete-de-mule.fr\/wp-content\/uploads\/2021\/11\/Bourricot-plq-12p-2020-BD-1-3-768x538.png 768w, https:\/\/www.la-tete-de-mule.fr\/wp-content\/uploads\/2021\/11\/Bourricot-plq-12p-2020-BD-1-3-386x270.png 386w, https:\/\/www.la-tete-de-mule.fr\/wp-content\/uploads\/2021\/11\/Bourricot-plq-12p-2020-BD-1-3-1320x924.png 1320w\" sizes=\"auto, (max-width: 1024px) 100vw, 1024px\" \/><\/figure>\n\n\n\n<figure class=\"wp-block-image size-large\"><a href=\"http:\/\/www.la-tete-de-mule.fr\/wp-content\/uploads\/2021\/11\/IMG_20211115_165449.jpg\"><img loading=\"lazy\" decoding=\"async\" width=\"1006\" height=\"1024\" src=\"http:\/\/www.la-tete-de-mule.fr\/wp-content\/uploads\/2021\/11\/IMG_20211115_165449-1006x1024.jpg\" alt=\"\" class=\"wp-image-3092\" srcset=\"https:\/\/www.la-tete-de-mule.fr\/wp-content\/uploads\/2021\/11\/IMG_20211115_165449-1006x1024.jpg 1006w, https:\/\/www.la-tete-de-mule.fr\/wp-content\/uploads\/2021\/11\/IMG_20211115_165449-600x611.jpg 600w, https:\/\/www.la-tete-de-mule.fr\/wp-content\/uploads\/2021\/11\/IMG_20211115_165449-295x300.jpg 295w, https:\/\/www.la-tete-de-mule.fr\/wp-content\/uploads\/2021\/11\/IMG_20211115_165449-768x782.jpg 768w, https:\/\/www.la-tete-de-mule.fr\/wp-content\/uploads\/2021\/11\/IMG_20211115_165449-1508x1536.jpg 1508w, https:\/\/www.la-tete-de-mule.fr\/wp-content\/uploads\/2021\/11\/IMG_20211115_165449-265x270.jpg 265w, https:\/\/www.la-tete-de-mule.fr\/wp-content\/uploads\/2021\/11\/IMG_20211115_165449-1320x1344.jpg 1320w, https:\/\/www.la-tete-de-mule.fr\/wp-content\/uploads\/2021\/11\/IMG_20211115_165449.jpg 2011w\" sizes=\"auto, (max-width: 1006px) 100vw, 1006px\" \/><\/a><\/figure>\n\n\n\n<figure class=\"wp-block-image size-large\"><a href=\"http:\/\/www.la-tete-de-mule.fr\/wp-content\/uploads\/2021\/11\/IMG_20211115_165455.jpg\"><img loading=\"lazy\" decoding=\"async\" width=\"1024\" height=\"768\" src=\"http:\/\/www.la-tete-de-mule.fr\/wp-content\/uploads\/2021\/11\/IMG_20211115_165455-1024x768.jpg\" alt=\"\" class=\"wp-image-3093\" srcset=\"https:\/\/www.la-tete-de-mule.fr\/wp-content\/uploads\/2021\/11\/IMG_20211115_165455-1024x768.jpg 1024w, https:\/\/www.la-tete-de-mule.fr\/wp-content\/uploads\/2021\/11\/IMG_20211115_165455-600x450.jpg 600w, https:\/\/www.la-tete-de-mule.fr\/wp-content\/uploads\/2021\/11\/IMG_20211115_165455-300x225.jpg 300w, https:\/\/www.la-tete-de-mule.fr\/wp-content\/uploads\/2021\/11\/IMG_20211115_165455-768x576.jpg 768w, https:\/\/www.la-tete-de-mule.fr\/wp-content\/uploads\/2021\/11\/IMG_20211115_165455-360x270.jpg 360w, https:\/\/www.la-tete-de-mule.fr\/wp-content\/uploads\/2021\/11\/IMG_20211115_165455-1320x990.jpg 1320w, https:\/\/www.la-tete-de-mule.fr\/wp-content\/uploads\/2021\/11\/IMG_20211115_165455.jpg 1440w\" sizes=\"auto, (max-width: 1024px) 100vw, 1024px\" \/><\/a><\/figure>\n\n\n\n<figure class=\"wp-block-image\"><img loading=\"lazy\" decoding=\"async\" width=\"993\" height=\"1024\" src=\"http:\/\/www.la-tete-de-mule.fr\/wp-content\/uploads\/2021\/11\/031-993x1024.jpg\" alt=\"\" class=\"wp-image-2953\" srcset=\"https:\/\/www.la-tete-de-mule.fr\/wp-content\/uploads\/2021\/11\/031-993x1024.jpg 993w, https:\/\/www.la-tete-de-mule.fr\/wp-content\/uploads\/2021\/11\/031-600x619.jpg 600w, https:\/\/www.la-tete-de-mule.fr\/wp-content\/uploads\/2021\/11\/031-291x300.jpg 291w, https:\/\/www.la-tete-de-mule.fr\/wp-content\/uploads\/2021\/11\/031-768x792.jpg 768w, https:\/\/www.la-tete-de-mule.fr\/wp-content\/uploads\/2021\/11\/031-262x270.jpg 262w, https:\/\/www.la-tete-de-mule.fr\/wp-content\/uploads\/2021\/11\/031-1320x1361.jpg 1320w\" sizes=\"auto, (max-width: 993px) 100vw, 993px\" \/><\/figure>\n\n\n\n<p><\/p>\n\n\n\n<figure class=\"wp-block-gallery has-nested-images columns-default is-cropped wp-block-gallery-1 is-layout-flex wp-block-gallery-is-layout-flex\">\n<figure class=\"wp-block-image size-large\"><a href=\"http:\/\/www.la-tete-de-mule.fr\/wp-content\/uploads\/2024\/02\/ALEX-YO-PLAN-MAX-scaled.jpg\"><img loading=\"lazy\" decoding=\"async\" width=\"1024\" height=\"683\" data-id=\"3600\" src=\"http:\/\/www.la-tete-de-mule.fr\/wp-content\/uploads\/2024\/02\/ALEX-YO-PLAN-MAX-1024x683.jpg\" alt=\"\" class=\"wp-image-3600\" srcset=\"https:\/\/www.la-tete-de-mule.fr\/wp-content\/uploads\/2024\/02\/ALEX-YO-PLAN-MAX-1024x683.jpg 1024w, https:\/\/www.la-tete-de-mule.fr\/wp-content\/uploads\/2024\/02\/ALEX-YO-PLAN-MAX-scaled-600x400.jpg 600w, https:\/\/www.la-tete-de-mule.fr\/wp-content\/uploads\/2024\/02\/ALEX-YO-PLAN-MAX-300x200.jpg 300w, https:\/\/www.la-tete-de-mule.fr\/wp-content\/uploads\/2024\/02\/ALEX-YO-PLAN-MAX-768x512.jpg 768w, https:\/\/www.la-tete-de-mule.fr\/wp-content\/uploads\/2024\/02\/ALEX-YO-PLAN-MAX-1536x1024.jpg 1536w, https:\/\/www.la-tete-de-mule.fr\/wp-content\/uploads\/2024\/02\/ALEX-YO-PLAN-MAX-2048x1365.jpg 2048w, https:\/\/www.la-tete-de-mule.fr\/wp-content\/uploads\/2024\/02\/ALEX-YO-PLAN-MAX-405x270.jpg 405w\" sizes=\"auto, (max-width: 1024px) 100vw, 1024px\" \/><\/a><\/figure>\n\n\n\n<figure class=\"wp-block-image size-large\"><a href=\"http:\/\/www.la-tete-de-mule.fr\/wp-content\/uploads\/2024\/02\/IMG_9493-scaled.jpg\"><img loading=\"lazy\" decoding=\"async\" width=\"1024\" height=\"768\" data-id=\"3602\" src=\"http:\/\/www.la-tete-de-mule.fr\/wp-content\/uploads\/2024\/02\/IMG_9493-1024x768.jpg\" alt=\"\" class=\"wp-image-3602\" srcset=\"https:\/\/www.la-tete-de-mule.fr\/wp-content\/uploads\/2024\/02\/IMG_9493-1024x768.jpg 1024w, https:\/\/www.la-tete-de-mule.fr\/wp-content\/uploads\/2024\/02\/IMG_9493-scaled-600x450.jpg 600w, https:\/\/www.la-tete-de-mule.fr\/wp-content\/uploads\/2024\/02\/IMG_9493-300x225.jpg 300w, https:\/\/www.la-tete-de-mule.fr\/wp-content\/uploads\/2024\/02\/IMG_9493-768x576.jpg 768w, https:\/\/www.la-tete-de-mule.fr\/wp-content\/uploads\/2024\/02\/IMG_9493-1536x1152.jpg 1536w, https:\/\/www.la-tete-de-mule.fr\/wp-content\/uploads\/2024\/02\/IMG_9493-2048x1536.jpg 2048w, https:\/\/www.la-tete-de-mule.fr\/wp-content\/uploads\/2024\/02\/IMG_9493-360x270.jpg 360w\" sizes=\"auto, (max-width: 1024px) 100vw, 1024px\" \/><\/a><\/figure>\n\n\n\n<figure class=\"wp-block-image size-large\"><a href=\"http:\/\/www.la-tete-de-mule.fr\/wp-content\/uploads\/2023\/05\/Les-singeries-de-seraphin-scaled.jpg\"><img loading=\"lazy\" decoding=\"async\" width=\"1024\" height=\"768\" data-id=\"3384\" src=\"http:\/\/www.la-tete-de-mule.fr\/wp-content\/uploads\/2023\/05\/Les-singeries-de-seraphin-1024x768.jpg\" alt=\"\" class=\"wp-image-3384\" srcset=\"https:\/\/www.la-tete-de-mule.fr\/wp-content\/uploads\/2023\/05\/Les-singeries-de-seraphin-1024x768.jpg 1024w, https:\/\/www.la-tete-de-mule.fr\/wp-content\/uploads\/2023\/05\/Les-singeries-de-seraphin-scaled-600x450.jpg 600w, https:\/\/www.la-tete-de-mule.fr\/wp-content\/uploads\/2023\/05\/Les-singeries-de-seraphin-300x225.jpg 300w, https:\/\/www.la-tete-de-mule.fr\/wp-content\/uploads\/2023\/05\/Les-singeries-de-seraphin-768x576.jpg 768w, https:\/\/www.la-tete-de-mule.fr\/wp-content\/uploads\/2023\/05\/Les-singeries-de-seraphin-1536x1152.jpg 1536w, https:\/\/www.la-tete-de-mule.fr\/wp-content\/uploads\/2023\/05\/Les-singeries-de-seraphin-2048x1536.jpg 2048w, https:\/\/www.la-tete-de-mule.fr\/wp-content\/uploads\/2023\/05\/Les-singeries-de-seraphin-360x270.jpg 360w\" sizes=\"auto, (max-width: 1024px) 100vw, 1024px\" \/><\/a><\/figure>\n\n\n\n<figure class=\"wp-block-image size-large\"><a href=\"http:\/\/www.la-tete-de-mule.fr\/wp-content\/uploads\/2021\/11\/IMG_20211115_165549.jpg\"><img loading=\"lazy\" decoding=\"async\" width=\"1024\" height=\"768\" data-id=\"3095\" src=\"http:\/\/www.la-tete-de-mule.fr\/wp-content\/uploads\/2021\/11\/IMG_20211115_165549-1024x768.jpg\" alt=\"\" class=\"wp-image-3095\" srcset=\"https:\/\/www.la-tete-de-mule.fr\/wp-content\/uploads\/2021\/11\/IMG_20211115_165549-1024x768.jpg 1024w, https:\/\/www.la-tete-de-mule.fr\/wp-content\/uploads\/2021\/11\/IMG_20211115_165549-600x450.jpg 600w, https:\/\/www.la-tete-de-mule.fr\/wp-content\/uploads\/2021\/11\/IMG_20211115_165549-300x225.jpg 300w, https:\/\/www.la-tete-de-mule.fr\/wp-content\/uploads\/2021\/11\/IMG_20211115_165549-768x576.jpg 768w, https:\/\/www.la-tete-de-mule.fr\/wp-content\/uploads\/2021\/11\/IMG_20211115_165549-1536x1152.jpg 1536w, https:\/\/www.la-tete-de-mule.fr\/wp-content\/uploads\/2021\/11\/IMG_20211115_165549-360x270.jpg 360w, https:\/\/www.la-tete-de-mule.fr\/wp-content\/uploads\/2021\/11\/IMG_20211115_165549-1320x990.jpg 1320w, https:\/\/www.la-tete-de-mule.fr\/wp-content\/uploads\/2021\/11\/IMG_20211115_165549.jpg 2048w\" sizes=\"auto, (max-width: 1024px) 100vw, 1024px\" \/><\/a><\/figure>\n\n\n\n<figure class=\"wp-block-image size-large\"><a href=\"http:\/\/www.la-tete-de-mule.fr\/wp-content\/uploads\/2021\/11\/photo-jj.jpg\"><img loading=\"lazy\" decoding=\"async\" width=\"764\" height=\"1024\" data-id=\"2952\" src=\"http:\/\/www.la-tete-de-mule.fr\/wp-content\/uploads\/2021\/11\/photo-jj-764x1024.jpg\" alt=\"\" class=\"wp-image-2952\" srcset=\"https:\/\/www.la-tete-de-mule.fr\/wp-content\/uploads\/2021\/11\/photo-jj-764x1024.jpg 764w, https:\/\/www.la-tete-de-mule.fr\/wp-content\/uploads\/2021\/11\/photo-jj-600x804.jpg 600w, https:\/\/www.la-tete-de-mule.fr\/wp-content\/uploads\/2021\/11\/photo-jj-224x300.jpg 224w, https:\/\/www.la-tete-de-mule.fr\/wp-content\/uploads\/2021\/11\/photo-jj-768x1029.jpg 768w, https:\/\/www.la-tete-de-mule.fr\/wp-content\/uploads\/2021\/11\/photo-jj-201x270.jpg 201w, https:\/\/www.la-tete-de-mule.fr\/wp-content\/uploads\/2021\/11\/photo-jj-1320x1769.jpg 1320w, https:\/\/www.la-tete-de-mule.fr\/wp-content\/uploads\/2021\/11\/photo-jj.jpg 1504w\" sizes=\"auto, (max-width: 764px) 100vw, 764px\" \/><\/a><\/figure>\n<\/figure>\n","protected":false},"excerpt":{"rendered":"<p>Cr\u00e9ation 05 mai 2018 (31 repr\u00e9sentations) Apr\u00e8s \u00ab\u00a0C&rsquo;est inuit !\u00a0\u00bb cr\u00e9\u00e9 avec succ\u00e8s en ao\u00fbt 2016, nous voulions insister sur les probl\u00e8mes environnementaux terrifiants que connait notre petite plan\u00e8te, du point de vue cette fois de la d\u00e9forestation massive que subit le dernier sanctuaire des orangs-outans. Le tout bien s\u00fbr sans nous d\u00e9partir de l&rsquo;humour qui reste la marque de fabrique du Bourricot et de La T\u00eate De Mule&#8230; A l&rsquo;issue des repr\u00e9sentations, nous organisons en outre des d\u00e9bats passionnants&#8230;<\/p>\n<p class=\"read-more\"><a class=\"btn btn-default\" href=\"https:\/\/www.la-tete-de-mule.fr\/?page_id=2947\">Lire la suite<span class=\"screen-reader-text\"> Lire la suite<\/span><\/a><\/p>\n","protected":false},"author":5,"featured_media":0,"parent":0,"menu_order":0,"comment_status":"closed","ping_status":"closed","template":"","meta":{"footnotes":""},"class_list":["post-2947","page","type-page","status-publish","hentry"],"_links":{"self":[{"href":"https:\/\/www.la-tete-de-mule.fr\/index.php?rest_route=\/wp\/v2\/pages\/2947","targetHints":{"allow":["GET"]}}],"collection":[{"href":"https:\/\/www.la-tete-de-mule.fr\/index.php?rest_route=\/wp\/v2\/pages"}],"about":[{"href":"https:\/\/www.la-tete-de-mule.fr\/index.php?rest_route=\/wp\/v2\/types\/page"}],"author":[{"embeddable":true,"href":"https:\/\/www.la-tete-de-mule.fr\/index.php?rest_route=\/wp\/v2\/users\/5"}],"replies":[{"embeddable":true,"href":"https:\/\/www.la-tete-de-mule.fr\/index.php?rest_route=%2Fwp%2Fv2%2Fcomments&post=2947"}],"version-history":[{"count":10,"href":"https:\/\/www.la-tete-de-mule.fr\/index.php?rest_route=\/wp\/v2\/pages\/2947\/revisions"}],"predecessor-version":[{"id":3603,"href":"https:\/\/www.la-tete-de-mule.fr\/index.php?rest_route=\/wp\/v2\/pages\/2947\/revisions\/3603"}],"wp:attachment":[{"href":"https:\/\/www.la-tete-de-mule.fr\/index.php?rest_route=%2Fwp%2Fv2%2Fmedia&parent=2947"}],"curies":[{"name":"wp","href":"https:\/\/api.w.org\/{rel}","templated":true}]}}