{"id":30,"date":"2012-09-03T14:00:33","date_gmt":"2012-09-03T13:00:33","guid":{"rendered":"http:\/\/localhost:8888\/tetedemule\/?page_id=30"},"modified":"2021-11-15T17:50:16","modified_gmt":"2021-11-15T16:50:16","slug":"spectacles-jeune-public","status":"publish","type":"page","link":"https:\/\/www.la-tete-de-mule.fr\/?page_id=30","title":{"rendered":"Spectacles Jeune Public"},"content":{"rendered":"<p><a href=\"http:\/\/www.la-tete-de-mule.fr\/wp-content\/uploads\/2012\/09\/18-mai-2014-0051.jpg\"><img loading=\"lazy\" decoding=\"async\" class=\"alignnone size-medium wp-image-1715\" src=\"http:\/\/www.la-tete-de-mule.fr\/wp-content\/uploads\/2012\/09\/18-mai-2014-0051-e1400408764508-300x225.jpg\" alt=\"18 mai 2014 005\" width=\"300\" height=\"225\" srcset=\"https:\/\/www.la-tete-de-mule.fr\/wp-content\/uploads\/2012\/09\/18-mai-2014-0051-e1400408764508-300x225.jpg 300w, https:\/\/www.la-tete-de-mule.fr\/wp-content\/uploads\/2012\/09\/18-mai-2014-0051-e1400408764508-1024x768.jpg 1024w\" sizes=\"auto, (max-width: 300px) 100vw, 300px\" \/><\/a><a href=\"http:\/\/www.la-tete-de-mule.fr\/wp-content\/uploads\/2012\/09\/14-mai-2014-002-e1400274077198.jpg\"><img loading=\"lazy\" decoding=\"async\" class=\"alignnone  wp-image-1594\" src=\"http:\/\/www.la-tete-de-mule.fr\/wp-content\/uploads\/2012\/09\/14-mai-2014-002-e1400274077198-300x225.jpg\" alt=\"14 mai 2014 002\" width=\"240\" height=\"180\" srcset=\"https:\/\/www.la-tete-de-mule.fr\/wp-content\/uploads\/2012\/09\/14-mai-2014-002-e1400274077198-300x225.jpg 300w, https:\/\/www.la-tete-de-mule.fr\/wp-content\/uploads\/2012\/09\/14-mai-2014-002-e1400274077198-1024x768.jpg 1024w\" sizes=\"auto, (max-width: 240px) 100vw, 240px\" \/><\/a><a href=\"http:\/\/www.la-tete-de-mule.fr\/wp-content\/uploads\/2012\/09\/22-avril-2014-007.jpg\"><img loading=\"lazy\" decoding=\"async\" class=\"alignnone size-medium wp-image-1552\" src=\"http:\/\/www.la-tete-de-mule.fr\/wp-content\/uploads\/2012\/09\/22-avril-2014-007-e1399797374688-300x225.jpg\" alt=\"22 avril 2014 007\" width=\"300\" height=\"225\" srcset=\"https:\/\/www.la-tete-de-mule.fr\/wp-content\/uploads\/2012\/09\/22-avril-2014-007-e1399797374688-300x225.jpg 300w, https:\/\/www.la-tete-de-mule.fr\/wp-content\/uploads\/2012\/09\/22-avril-2014-007-e1399797374688-1024x768.jpg 1024w\" sizes=\"auto, (max-width: 300px) 100vw, 300px\" \/><\/a><\/p><p><\/p><div data-wp-interactive=\"core\/file\" class=\"wp-block-file\"><object data-wp-bind--hidden=\"!state.hasPdfPreview\" hidden class=\"wp-block-file__embed\" data=\"http:\/\/www.la-tete-de-mule.fr\/wp-content\/uploads\/2021\/11\/TDM-FDR-plq-28p-2019-BD-2.pdf\" type=\"application\/pdf\" style=\"width:100%;height:600px\" aria-label=\"Contenu embarqu\u00e9 Contenu embarqu\u00e9 Brochure &quot;La t\u00eate de mule&quot;..\"><\/object><a href=\"http:\/\/www.la-tete-de-mule.fr\/wp-content\/uploads\/2021\/11\/TDM-FDR-plq-28p-2019-BD-2.pdf\">Brochure \u00ab\u00a0La t\u00eate de mule\u00a0\u00bb<\/a><a href=\"http:\/\/www.la-tete-de-mule.fr\/wp-content\/uploads\/2021\/11\/TDM-FDR-plq-28p-2019-BD-2.pdf\" class=\"wp-block-file__button\" download>T\u00e9l\u00e9charger<\/a><\/div><div data-wp-interactive=\"core\/file\" class=\"wp-block-file\"><object data-wp-bind--hidden=\"!state.hasPdfPreview\" hidden class=\"wp-block-file__embed\" data=\"http:\/\/www.la-tete-de-mule.fr\/wp-content\/uploads\/2021\/11\/Bourricot-plq-12p-2020-BD-1.pdf\" type=\"application\/pdf\" style=\"width:100%;height:600px\" aria-label=\"Contenu embarqu\u00e9 Contenu embarqu\u00e9 Brochure &quot;Le Bourricot&quot;..\"><\/object><a href=\"http:\/\/www.la-tete-de-mule.fr\/wp-content\/uploads\/2021\/11\/Bourricot-plq-12p-2020-BD-1.pdf\">Brochure \u00ab\u00a0Le Bourricot\u00a0\u00bb<\/a><a href=\"http:\/\/www.la-tete-de-mule.fr\/wp-content\/uploads\/2021\/11\/Bourricot-plq-12p-2020-BD-1.pdf\" class=\"wp-block-file__button\" download>T\u00e9l\u00e9charger<\/a><\/div><p><\/p>","protected":false},"excerpt":{"rendered":"","protected":false},"author":5,"featured_media":0,"parent":0,"menu_order":0,"comment_status":"closed","ping_status":"open","template":"","meta":{"footnotes":""},"class_list":["post-30","page","type-page","status-publish","hentry"],"_links":{"self":[{"href":"https:\/\/www.la-tete-de-mule.fr\/index.php?rest_route=\/wp\/v2\/pages\/30","targetHints":{"allow":["GET"]}}],"collection":[{"href":"https:\/\/www.la-tete-de-mule.fr\/index.php?rest_route=\/wp\/v2\/pages"}],"about":[{"href":"https:\/\/www.la-tete-de-mule.fr\/index.php?rest_route=\/wp\/v2\/types\/page"}],"author":[{"embeddable":true,"href":"https:\/\/www.la-tete-de-mule.fr\/index.php?rest_route=\/wp\/v2\/users\/5"}],"replies":[{"embeddable":true,"href":"https:\/\/www.la-tete-de-mule.fr\/index.php?rest_route=%2Fwp%2Fv2%2Fcomments&post=30"}],"version-history":[{"count":12,"href":"https:\/\/www.la-tete-de-mule.fr\/index.php?rest_route=\/wp\/v2\/pages\/30\/revisions"}],"predecessor-version":[{"id":3081,"href":"https:\/\/www.la-tete-de-mule.fr\/index.php?rest_route=\/wp\/v2\/pages\/30\/revisions\/3081"}],"wp:attachment":[{"href":"https:\/\/www.la-tete-de-mule.fr\/index.php?rest_route=%2Fwp%2Fv2%2Fmedia&parent=30"}],"curies":[{"name":"wp","href":"https:\/\/api.w.org\/{rel}","templated":true}]}}