{"id":32,"date":"2012-09-03T14:10:51","date_gmt":"2012-09-03T13:10:51","guid":{"rendered":"http:\/\/localhost:8888\/tetedemule\/?page_id=32"},"modified":"2024-02-07T17:45:43","modified_gmt":"2024-02-07T16:45:43","slug":"haida","status":"publish","type":"page","link":"https:\/\/www.la-tete-de-mule.fr\/?page_id=32","title":{"rendered":"\u00c7a coule de source"},"content":{"rendered":"<div class=\"wp-block-image\"><figure class=\"aligncenter size-large is-resized\"><a href=\"http:\/\/www.la-tete-de-mule.fr\/wp-content\/uploads\/2022\/09\/299330444_5425868290826818_3464500977406982350_n.jpg\"><img loading=\"lazy\" decoding=\"async\" width=\"683\" height=\"1024\" src=\"http:\/\/www.la-tete-de-mule.fr\/wp-content\/uploads\/2022\/09\/299330444_5425868290826818_3464500977406982350_n-683x1024.jpg\" alt=\"\" class=\"wp-image-3265\" style=\"width:348px;height:522px\" srcset=\"https:\/\/www.la-tete-de-mule.fr\/wp-content\/uploads\/2022\/09\/299330444_5425868290826818_3464500977406982350_n-683x1024.jpg 683w, https:\/\/www.la-tete-de-mule.fr\/wp-content\/uploads\/2022\/09\/299330444_5425868290826818_3464500977406982350_n-600x900.jpg 600w, https:\/\/www.la-tete-de-mule.fr\/wp-content\/uploads\/2022\/09\/299330444_5425868290826818_3464500977406982350_n-200x300.jpg 200w, https:\/\/www.la-tete-de-mule.fr\/wp-content\/uploads\/2022\/09\/299330444_5425868290826818_3464500977406982350_n-768x1152.jpg 768w, https:\/\/www.la-tete-de-mule.fr\/wp-content\/uploads\/2022\/09\/299330444_5425868290826818_3464500977406982350_n-1024x1536.jpg 1024w, https:\/\/www.la-tete-de-mule.fr\/wp-content\/uploads\/2022\/09\/299330444_5425868290826818_3464500977406982350_n-180x270.jpg 180w, https:\/\/www.la-tete-de-mule.fr\/wp-content\/uploads\/2022\/09\/299330444_5425868290826818_3464500977406982350_n.jpg 1365w\" sizes=\"auto, (max-width: 683px) 100vw, 683px\" \/><\/a><figcaption class=\"wp-element-caption\">Cr\u00e9dit : lange vert<\/figcaption><\/figure><\/div><p style=\"text-align: justify;\">\n<h3><strong><span style=\"color: #ff0000;\">Cr\u00e9ation 03 juillet 2022<br \/><\/span><\/strong><\/h3>\n<p>(23 repr\u00e9sentations)<\/p>\n<p style=\"text-align: justify;\">Seule fille d&rsquo;une famille nombreuse tr\u00e8s pauvre de Madagascar, la petite Zeuend aurait connu une enfance heureuse et brillante si elle \u00e9tait n\u00e9e par hasard dans une r\u00e9gion davantage privil\u00e9gi\u00e9e du monde.<\/p>\n<p>H\u00e9las ses parents mis\u00e9reux ou malades, las de ne manger que des galettes de terre, ne voient plus d&rsquo;autre choix que de la vendre pour tenter de survivre.<\/p>\n<p>Refusant ce destin tragique\u00a0 gr\u00e2ce a l&rsquo;aide d&rsquo;un vieux griot encore alerte qui la fera beaucoup voyager, elle finira par d\u00e9couvrir un don \u00e9tonnant qui lui permettra de prendre sa vie en main, sauver son village et peut \u00eatre m\u00eame l&rsquo;Afrique enchant\u00e9e&#8230;<\/p>\n<\/p>\n<p><strong>Texte : Jean Jacques Michelet<\/strong><\/p>\n<p><b>Mise en sc\u00e8ne : Jean Jacques Michelet<\/b><\/p>\n<p><strong>Com\u00e9diens : <\/strong><\/p>\n<p><strong>\u00a0\u00a0\u00a0\u00a0\u00a0\u00a0\u00a0\u00a0\u00a0\u00a0\u00a0\u00a0\u00a0\u00a0\u00a0\u00a0\u00a0\u00a0\u00a0\u00a0 Alexandra Fr\u00e9bault<\/strong><\/p>\n<p><strong>\u00a0\u00a0\u00a0\u00a0\u00a0\u00a0\u00a0\u00a0\u00a0\u00a0\u00a0\u00a0\u00a0\u00a0\u00a0\u00a0\u00a0\u00a0\u00a0\u00a0 Jean Jacques Michelet<\/strong><\/p>\n<p><strong>\u00a0 \u00a0 \u00a0 \u00a0 \u00a0 \u00a0 \u00a0 \u00a0 \u00a0 \u00a0 \u00a0Yoann Voisin<\/strong><\/p>\n<p><strong>Cr\u00e9ation lumi\u00e8re : Eric Souverain<\/strong><\/p>\n<p><strong>D\u00e9cors <\/strong>: <strong>Eric Souverain<\/strong><\/p>\n<p>Le texte int\u00e9gral de <em><strong>\u00ab\u00a0\u00c7a coule de source !\u00a0\u00bb<\/strong><\/em> a paru en juin 2022 aux \u00c9ditions L&rsquo;Harmattan.<\/p>\n<p>Vous pouvez en commander chez l\u2019\u00c9diteur ou directement aupr\u00e8s de La T\u00eate De Mule (0613513887) qui se fera comme d&rsquo;habitude une joie de vous offrir les frais de port !<\/p><figure class=\"wp-block-gallery has-nested-images columns-default is-cropped wp-block-gallery-1 is-layout-flex wp-block-gallery-is-layout-flex\"><figure class=\"wp-block-image size-large\"><a href=\"http:\/\/www.la-tete-de-mule.fr\/wp-content\/uploads\/2024\/02\/CCDS-scaled.jpg\"><img loading=\"lazy\" decoding=\"async\" width=\"1024\" height=\"741\" data-id=\"3612\" src=\"http:\/\/www.la-tete-de-mule.fr\/wp-content\/uploads\/2024\/02\/CCDS-1024x741.jpg\" alt=\"\" class=\"wp-image-3612\" srcset=\"https:\/\/www.la-tete-de-mule.fr\/wp-content\/uploads\/2024\/02\/CCDS-1024x741.jpg 1024w, https:\/\/www.la-tete-de-mule.fr\/wp-content\/uploads\/2024\/02\/CCDS-scaled-600x434.jpg 600w, https:\/\/www.la-tete-de-mule.fr\/wp-content\/uploads\/2024\/02\/CCDS-300x217.jpg 300w, https:\/\/www.la-tete-de-mule.fr\/wp-content\/uploads\/2024\/02\/CCDS-768x555.jpg 768w, https:\/\/www.la-tete-de-mule.fr\/wp-content\/uploads\/2024\/02\/CCDS-1536x1111.jpg 1536w, https:\/\/www.la-tete-de-mule.fr\/wp-content\/uploads\/2024\/02\/CCDS-2048x1481.jpg 2048w, https:\/\/www.la-tete-de-mule.fr\/wp-content\/uploads\/2024\/02\/CCDS-373x270.jpg 373w\" sizes=\"auto, (max-width: 1024px) 100vw, 1024px\" \/><\/a><figcaption class=\"wp-element-caption\">IMG_9205<\/figcaption><\/figure>\n\n<figure class=\"wp-block-image size-large\"><a href=\"http:\/\/www.la-tete-de-mule.fr\/wp-content\/uploads\/2023\/05\/image.png\"><img loading=\"lazy\" decoding=\"async\" width=\"965\" height=\"1024\" data-id=\"3396\" src=\"http:\/\/www.la-tete-de-mule.fr\/wp-content\/uploads\/2023\/05\/image-965x1024.png\" alt=\"\" class=\"wp-image-3396\" srcset=\"https:\/\/www.la-tete-de-mule.fr\/wp-content\/uploads\/2023\/05\/image-965x1024.png 965w, https:\/\/www.la-tete-de-mule.fr\/wp-content\/uploads\/2023\/05\/image-600x637.png 600w, https:\/\/www.la-tete-de-mule.fr\/wp-content\/uploads\/2023\/05\/image-283x300.png 283w, https:\/\/www.la-tete-de-mule.fr\/wp-content\/uploads\/2023\/05\/image-768x815.png 768w, https:\/\/www.la-tete-de-mule.fr\/wp-content\/uploads\/2023\/05\/image-254x270.png 254w, https:\/\/www.la-tete-de-mule.fr\/wp-content\/uploads\/2023\/05\/image.png 1169w\" sizes=\"auto, (max-width: 965px) 100vw, 965px\" \/><\/a><\/figure>\n\n<figure class=\"wp-block-image size-large\"><a href=\"http:\/\/www.la-tete-de-mule.fr\/wp-content\/uploads\/2021\/11\/cropped-tamponbourricot.jpg\"><img loading=\"lazy\" decoding=\"async\" width=\"512\" height=\"512\" data-id=\"3172\" src=\"http:\/\/www.la-tete-de-mule.fr\/wp-content\/uploads\/2021\/11\/cropped-tamponbourricot.jpg\" alt=\"\" class=\"wp-image-3172\" srcset=\"https:\/\/www.la-tete-de-mule.fr\/wp-content\/uploads\/2021\/11\/cropped-tamponbourricot.jpg 512w, https:\/\/www.la-tete-de-mule.fr\/wp-content\/uploads\/2021\/11\/cropped-tamponbourricot-300x300.jpg 300w, https:\/\/www.la-tete-de-mule.fr\/wp-content\/uploads\/2021\/11\/cropped-tamponbourricot-150x150.jpg 150w, https:\/\/www.la-tete-de-mule.fr\/wp-content\/uploads\/2021\/11\/cropped-tamponbourricot-270x270.jpg 270w, https:\/\/www.la-tete-de-mule.fr\/wp-content\/uploads\/2021\/11\/cropped-tamponbourricot-192x192.jpg 192w, https:\/\/www.la-tete-de-mule.fr\/wp-content\/uploads\/2021\/11\/cropped-tamponbourricot-180x180.jpg 180w, https:\/\/www.la-tete-de-mule.fr\/wp-content\/uploads\/2021\/11\/cropped-tamponbourricot-32x32.jpg 32w\" sizes=\"auto, (max-width: 512px) 100vw, 512px\" \/><\/a><\/figure>\n\n<figure class=\"wp-block-image size-large\"><a href=\"http:\/\/www.la-tete-de-mule.fr\/wp-content\/uploads\/2012\/09\/30-mars-2014-005-e1399795021621.jpg\"><img loading=\"lazy\" decoding=\"async\" width=\"1024\" height=\"768\" data-id=\"1516\" src=\"http:\/\/www.la-tete-de-mule.fr\/wp-content\/uploads\/2012\/09\/30-mars-2014-005-e1399795021621-1024x768.jpg\" alt=\"\" class=\"wp-image-1516\" srcset=\"https:\/\/www.la-tete-de-mule.fr\/wp-content\/uploads\/2012\/09\/30-mars-2014-005-e1399795021621-1024x768.jpg 1024w, https:\/\/www.la-tete-de-mule.fr\/wp-content\/uploads\/2012\/09\/30-mars-2014-005-e1399795021621-300x225.jpg 300w\" sizes=\"auto, (max-width: 1024px) 100vw, 1024px\" \/><\/a><\/figure><\/figure>","protected":false},"excerpt":{"rendered":"<p>Cr\u00e9ation 03 juillet 2022 (23 repr\u00e9sentations) Seule fille d&rsquo;une famille nombreuse tr\u00e8s pauvre de Madagascar, la petite Zeuend aurait connu une enfance heureuse et brillante si elle \u00e9tait n\u00e9e par hasard dans une r\u00e9gion davantage privil\u00e9gi\u00e9e du monde. H\u00e9las ses parents mis\u00e9reux ou malades, las de ne manger que des galettes de terre, ne voient plus d&rsquo;autre choix que de la vendre pour tenter de survivre. Refusant ce destin tragique\u00a0 gr\u00e2ce a l&rsquo;aide d&rsquo;un vieux griot encore alerte qui la&#8230;<\/p>\n<p class=\"read-more\"><a class=\"btn btn-default\" href=\"https:\/\/www.la-tete-de-mule.fr\/?page_id=32\">Lire la suite<span class=\"screen-reader-text\"> Lire la suite<\/span><\/a><\/p>\n","protected":false},"author":5,"featured_media":0,"parent":30,"menu_order":0,"comment_status":"closed","ping_status":"open","template":"","meta":{"footnotes":""},"class_list":["post-32","page","type-page","status-publish","hentry"],"_links":{"self":[{"href":"https:\/\/www.la-tete-de-mule.fr\/index.php?rest_route=\/wp\/v2\/pages\/32","targetHints":{"allow":["GET"]}}],"collection":[{"href":"https:\/\/www.la-tete-de-mule.fr\/index.php?rest_route=\/wp\/v2\/pages"}],"about":[{"href":"https:\/\/www.la-tete-de-mule.fr\/index.php?rest_route=\/wp\/v2\/types\/page"}],"author":[{"embeddable":true,"href":"https:\/\/www.la-tete-de-mule.fr\/index.php?rest_route=\/wp\/v2\/users\/5"}],"replies":[{"embeddable":true,"href":"https:\/\/www.la-tete-de-mule.fr\/index.php?rest_route=%2Fwp%2Fv2%2Fcomments&post=32"}],"version-history":[{"count":26,"href":"https:\/\/www.la-tete-de-mule.fr\/index.php?rest_route=\/wp\/v2\/pages\/32\/revisions"}],"predecessor-version":[{"id":3614,"href":"https:\/\/www.la-tete-de-mule.fr\/index.php?rest_route=\/wp\/v2\/pages\/32\/revisions\/3614"}],"up":[{"embeddable":true,"href":"https:\/\/www.la-tete-de-mule.fr\/index.php?rest_route=\/wp\/v2\/pages\/30"}],"wp:attachment":[{"href":"https:\/\/www.la-tete-de-mule.fr\/index.php?rest_route=%2Fwp%2Fv2%2Fmedia&parent=32"}],"curies":[{"name":"wp","href":"https:\/\/api.w.org\/{rel}","templated":true}]}}