{"id":3278,"date":"2022-09-28T17:20:27","date_gmt":"2022-09-28T15:20:27","guid":{"rendered":"http:\/\/www.la-tete-de-mule.fr\/?page_id=3278"},"modified":"2023-04-30T16:36:57","modified_gmt":"2023-04-30T14:36:57","slug":"le-programme-de-2023","status":"publish","type":"page","link":"https:\/\/www.la-tete-de-mule.fr\/?page_id=3278","title":{"rendered":"\u00c9dition 2023"},"content":{"rendered":"<blockquote class=\"wp-block-quote has-vivid-red-color has-text-color is-layout-flow wp-block-quote-is-layout-flow\"><p><strong>35<sup>\u00e8me<\/sup> \u00c9dition<\/strong><\/p><\/blockquote><div data-wp-interactive=\"core\/file\" class=\"wp-block-file\"><object data-wp-bind--hidden=\"!state.hasPdfPreview\" hidden class=\"wp-block-file__embed\" data=\"http:\/\/www.la-tete-de-mule.fr\/wp-content\/uploads\/2022\/09\/1-1ere-de-couv-2023-2-combine_1_compressed.pdf\" type=\"application\/pdf\" style=\"width:100%;height:600px\" aria-label=\"Contenu embarqu\u00e9 T\u00e9l\u00e9chargez le programme.\"><\/object><a id=\"wp-block-file--media-7a4a42d2-72cf-4d86-bd72-204d4a51f5c7\" href=\"http:\/\/www.la-tete-de-mule.fr\/wp-content\/uploads\/2022\/09\/1-1ere-de-couv-2023-2-combine_1_compressed.pdf\">T\u00e9l\u00e9chargez le programme<\/a><a href=\"http:\/\/www.la-tete-de-mule.fr\/wp-content\/uploads\/2022\/09\/1-1ere-de-couv-2023-2-combine_1_compressed.pdf\" class=\"wp-block-file__button wp-element-button\" download aria-describedby=\"wp-block-file--media-7a4a42d2-72cf-4d86-bd72-204d4a51f5c7\">T\u00e9l\u00e9charger<\/a><\/div><p><\/p><p><\/p><p><\/p><figure class=\"wp-block-image size-large\"><a href=\"http:\/\/www.la-tete-de-mule.fr\/wp-content\/uploads\/2022\/09\/1-1ere-de-couv-2023-2-combine_1_compressed_page-0004.jpg\"><img loading=\"lazy\" decoding=\"async\" width=\"600\" height=\"1024\" src=\"http:\/\/www.la-tete-de-mule.fr\/wp-content\/uploads\/2022\/09\/1-1ere-de-couv-2023-2-combine_1_compressed_page-0004-600x1024.jpg\" alt=\"\" class=\"wp-image-3282\" srcset=\"https:\/\/www.la-tete-de-mule.fr\/wp-content\/uploads\/2022\/09\/1-1ere-de-couv-2023-2-combine_1_compressed_page-0004-600x1024.jpg 600w, https:\/\/www.la-tete-de-mule.fr\/wp-content\/uploads\/2022\/09\/1-1ere-de-couv-2023-2-combine_1_compressed_page-0004-176x300.jpg 176w, https:\/\/www.la-tete-de-mule.fr\/wp-content\/uploads\/2022\/09\/1-1ere-de-couv-2023-2-combine_1_compressed_page-0004-158x270.jpg 158w, https:\/\/www.la-tete-de-mule.fr\/wp-content\/uploads\/2022\/09\/1-1ere-de-couv-2023-2-combine_1_compressed_page-0004.jpg 678w\" sizes=\"auto, (max-width: 600px) 100vw, 600px\" \/><\/a><\/figure><p><\/p><p><\/p><figure class=\"wp-block-image size-large\"><a href=\"http:\/\/www.la-tete-de-mule.fr\/wp-content\/uploads\/2022\/09\/1-1ere-de-couv-2023-2-combine_1_compressed_page-0005.jpg\"><img loading=\"lazy\" decoding=\"async\" width=\"600\" height=\"1024\" src=\"http:\/\/www.la-tete-de-mule.fr\/wp-content\/uploads\/2022\/09\/1-1ere-de-couv-2023-2-combine_1_compressed_page-0005-600x1024.jpg\" alt=\"\" class=\"wp-image-3283\" srcset=\"https:\/\/www.la-tete-de-mule.fr\/wp-content\/uploads\/2022\/09\/1-1ere-de-couv-2023-2-combine_1_compressed_page-0005-600x1024.jpg 600w, https:\/\/www.la-tete-de-mule.fr\/wp-content\/uploads\/2022\/09\/1-1ere-de-couv-2023-2-combine_1_compressed_page-0005-176x300.jpg 176w, https:\/\/www.la-tete-de-mule.fr\/wp-content\/uploads\/2022\/09\/1-1ere-de-couv-2023-2-combine_1_compressed_page-0005-158x270.jpg 158w, https:\/\/www.la-tete-de-mule.fr\/wp-content\/uploads\/2022\/09\/1-1ere-de-couv-2023-2-combine_1_compressed_page-0005.jpg 678w\" sizes=\"auto, (max-width: 600px) 100vw, 600px\" \/><\/a><\/figure><figure class=\"wp-block-image size-large\"><a href=\"http:\/\/www.la-tete-de-mule.fr\/wp-content\/uploads\/2022\/09\/1-1ere-de-couv-2023-2-combine_1_compressed_page-0006.jpg\"><img loading=\"lazy\" decoding=\"async\" width=\"600\" height=\"1024\" src=\"http:\/\/www.la-tete-de-mule.fr\/wp-content\/uploads\/2022\/09\/1-1ere-de-couv-2023-2-combine_1_compressed_page-0006-600x1024.jpg\" alt=\"\" class=\"wp-image-3284\" srcset=\"https:\/\/www.la-tete-de-mule.fr\/wp-content\/uploads\/2022\/09\/1-1ere-de-couv-2023-2-combine_1_compressed_page-0006-600x1024.jpg 600w, https:\/\/www.la-tete-de-mule.fr\/wp-content\/uploads\/2022\/09\/1-1ere-de-couv-2023-2-combine_1_compressed_page-0006-176x300.jpg 176w, https:\/\/www.la-tete-de-mule.fr\/wp-content\/uploads\/2022\/09\/1-1ere-de-couv-2023-2-combine_1_compressed_page-0006-158x270.jpg 158w, https:\/\/www.la-tete-de-mule.fr\/wp-content\/uploads\/2022\/09\/1-1ere-de-couv-2023-2-combine_1_compressed_page-0006.jpg 678w\" sizes=\"auto, (max-width: 600px) 100vw, 600px\" \/><\/a><\/figure><figure class=\"wp-block-image size-large\"><a href=\"http:\/\/www.la-tete-de-mule.fr\/wp-content\/uploads\/2022\/09\/1-1ere-de-couv-2023-2-combine_1_compressed_page-0007.jpg\"><img loading=\"lazy\" decoding=\"async\" width=\"600\" height=\"1024\" src=\"http:\/\/www.la-tete-de-mule.fr\/wp-content\/uploads\/2022\/09\/1-1ere-de-couv-2023-2-combine_1_compressed_page-0007-600x1024.jpg\" alt=\"\" class=\"wp-image-3285\" srcset=\"https:\/\/www.la-tete-de-mule.fr\/wp-content\/uploads\/2022\/09\/1-1ere-de-couv-2023-2-combine_1_compressed_page-0007-600x1024.jpg 600w, https:\/\/www.la-tete-de-mule.fr\/wp-content\/uploads\/2022\/09\/1-1ere-de-couv-2023-2-combine_1_compressed_page-0007-176x300.jpg 176w, https:\/\/www.la-tete-de-mule.fr\/wp-content\/uploads\/2022\/09\/1-1ere-de-couv-2023-2-combine_1_compressed_page-0007-158x270.jpg 158w, https:\/\/www.la-tete-de-mule.fr\/wp-content\/uploads\/2022\/09\/1-1ere-de-couv-2023-2-combine_1_compressed_page-0007.jpg 678w\" sizes=\"auto, (max-width: 600px) 100vw, 600px\" \/><\/a><\/figure><figure class=\"wp-block-image size-large\"><a href=\"http:\/\/www.la-tete-de-mule.fr\/wp-content\/uploads\/2022\/09\/1-1ere-de-couv-2023-2-combine_1_compressed_page-0008.jpg\"><img loading=\"lazy\" decoding=\"async\" width=\"600\" height=\"1024\" src=\"http:\/\/www.la-tete-de-mule.fr\/wp-content\/uploads\/2022\/09\/1-1ere-de-couv-2023-2-combine_1_compressed_page-0008-600x1024.jpg\" alt=\"\" class=\"wp-image-3286\" srcset=\"https:\/\/www.la-tete-de-mule.fr\/wp-content\/uploads\/2022\/09\/1-1ere-de-couv-2023-2-combine_1_compressed_page-0008-600x1024.jpg 600w, https:\/\/www.la-tete-de-mule.fr\/wp-content\/uploads\/2022\/09\/1-1ere-de-couv-2023-2-combine_1_compressed_page-0008-176x300.jpg 176w, https:\/\/www.la-tete-de-mule.fr\/wp-content\/uploads\/2022\/09\/1-1ere-de-couv-2023-2-combine_1_compressed_page-0008-158x270.jpg 158w, https:\/\/www.la-tete-de-mule.fr\/wp-content\/uploads\/2022\/09\/1-1ere-de-couv-2023-2-combine_1_compressed_page-0008.jpg 678w\" sizes=\"auto, (max-width: 600px) 100vw, 600px\" \/><\/a><\/figure><figure class=\"wp-block-image size-large\"><a href=\"http:\/\/www.la-tete-de-mule.fr\/wp-content\/uploads\/2022\/09\/1-1ere-de-couv-2023-2-combine_1_compressed_page-0009.jpg\"><img loading=\"lazy\" decoding=\"async\" width=\"600\" height=\"1024\" src=\"http:\/\/www.la-tete-de-mule.fr\/wp-content\/uploads\/2022\/09\/1-1ere-de-couv-2023-2-combine_1_compressed_page-0009-600x1024.jpg\" alt=\"\" class=\"wp-image-3287\" srcset=\"https:\/\/www.la-tete-de-mule.fr\/wp-content\/uploads\/2022\/09\/1-1ere-de-couv-2023-2-combine_1_compressed_page-0009-600x1024.jpg 600w, https:\/\/www.la-tete-de-mule.fr\/wp-content\/uploads\/2022\/09\/1-1ere-de-couv-2023-2-combine_1_compressed_page-0009-176x300.jpg 176w, https:\/\/www.la-tete-de-mule.fr\/wp-content\/uploads\/2022\/09\/1-1ere-de-couv-2023-2-combine_1_compressed_page-0009-158x270.jpg 158w, https:\/\/www.la-tete-de-mule.fr\/wp-content\/uploads\/2022\/09\/1-1ere-de-couv-2023-2-combine_1_compressed_page-0009.jpg 678w\" sizes=\"auto, (max-width: 600px) 100vw, 600px\" \/><\/a><\/figure><figure class=\"wp-block-image size-large\"><a href=\"http:\/\/www.la-tete-de-mule.fr\/wp-content\/uploads\/2022\/09\/1-1ere-de-couv-2023-2-combine_1_compressed_page-0010.jpg\"><img loading=\"lazy\" decoding=\"async\" width=\"600\" height=\"1024\" src=\"http:\/\/www.la-tete-de-mule.fr\/wp-content\/uploads\/2022\/09\/1-1ere-de-couv-2023-2-combine_1_compressed_page-0010-600x1024.jpg\" alt=\"\" class=\"wp-image-3288\" srcset=\"https:\/\/www.la-tete-de-mule.fr\/wp-content\/uploads\/2022\/09\/1-1ere-de-couv-2023-2-combine_1_compressed_page-0010-600x1024.jpg 600w, https:\/\/www.la-tete-de-mule.fr\/wp-content\/uploads\/2022\/09\/1-1ere-de-couv-2023-2-combine_1_compressed_page-0010-176x300.jpg 176w, https:\/\/www.la-tete-de-mule.fr\/wp-content\/uploads\/2022\/09\/1-1ere-de-couv-2023-2-combine_1_compressed_page-0010-158x270.jpg 158w, https:\/\/www.la-tete-de-mule.fr\/wp-content\/uploads\/2022\/09\/1-1ere-de-couv-2023-2-combine_1_compressed_page-0010.jpg 678w\" sizes=\"auto, (max-width: 600px) 100vw, 600px\" \/><\/a><\/figure><figure class=\"wp-block-image size-large\"><a href=\"http:\/\/www.la-tete-de-mule.fr\/wp-content\/uploads\/2022\/09\/1-1ere-de-couv-2023-2-combine_1_compressed_page-0011.jpg\"><img loading=\"lazy\" decoding=\"async\" width=\"600\" height=\"1024\" src=\"http:\/\/www.la-tete-de-mule.fr\/wp-content\/uploads\/2022\/09\/1-1ere-de-couv-2023-2-combine_1_compressed_page-0011-600x1024.jpg\" alt=\"\" class=\"wp-image-3289\" srcset=\"https:\/\/www.la-tete-de-mule.fr\/wp-content\/uploads\/2022\/09\/1-1ere-de-couv-2023-2-combine_1_compressed_page-0011-600x1024.jpg 600w, https:\/\/www.la-tete-de-mule.fr\/wp-content\/uploads\/2022\/09\/1-1ere-de-couv-2023-2-combine_1_compressed_page-0011-176x300.jpg 176w, https:\/\/www.la-tete-de-mule.fr\/wp-content\/uploads\/2022\/09\/1-1ere-de-couv-2023-2-combine_1_compressed_page-0011-158x270.jpg 158w, https:\/\/www.la-tete-de-mule.fr\/wp-content\/uploads\/2022\/09\/1-1ere-de-couv-2023-2-combine_1_compressed_page-0011.jpg 678w\" sizes=\"auto, (max-width: 600px) 100vw, 600px\" \/><\/a><\/figure><figure class=\"wp-block-image size-large\"><a href=\"http:\/\/www.la-tete-de-mule.fr\/wp-content\/uploads\/2022\/09\/1-1ere-de-couv-2023-2-combine_1_compressed_page-0012.jpg\"><img loading=\"lazy\" decoding=\"async\" width=\"600\" height=\"1024\" src=\"http:\/\/www.la-tete-de-mule.fr\/wp-content\/uploads\/2022\/09\/1-1ere-de-couv-2023-2-combine_1_compressed_page-0012-600x1024.jpg\" alt=\"\" class=\"wp-image-3290\" srcset=\"https:\/\/www.la-tete-de-mule.fr\/wp-content\/uploads\/2022\/09\/1-1ere-de-couv-2023-2-combine_1_compressed_page-0012-600x1024.jpg 600w, https:\/\/www.la-tete-de-mule.fr\/wp-content\/uploads\/2022\/09\/1-1ere-de-couv-2023-2-combine_1_compressed_page-0012-176x300.jpg 176w, https:\/\/www.la-tete-de-mule.fr\/wp-content\/uploads\/2022\/09\/1-1ere-de-couv-2023-2-combine_1_compressed_page-0012-158x270.jpg 158w, https:\/\/www.la-tete-de-mule.fr\/wp-content\/uploads\/2022\/09\/1-1ere-de-couv-2023-2-combine_1_compressed_page-0012.jpg 678w\" sizes=\"auto, (max-width: 600px) 100vw, 600px\" \/><\/a><\/figure><figure class=\"wp-block-image size-large\"><a href=\"http:\/\/www.la-tete-de-mule.fr\/wp-content\/uploads\/2022\/09\/1-1ere-de-couv-2023-2-combine_1_compressed_page-0013.jpg\"><img loading=\"lazy\" decoding=\"async\" width=\"600\" height=\"1024\" src=\"http:\/\/www.la-tete-de-mule.fr\/wp-content\/uploads\/2022\/09\/1-1ere-de-couv-2023-2-combine_1_compressed_page-0013-600x1024.jpg\" alt=\"\" class=\"wp-image-3291\" srcset=\"https:\/\/www.la-tete-de-mule.fr\/wp-content\/uploads\/2022\/09\/1-1ere-de-couv-2023-2-combine_1_compressed_page-0013-600x1024.jpg 600w, https:\/\/www.la-tete-de-mule.fr\/wp-content\/uploads\/2022\/09\/1-1ere-de-couv-2023-2-combine_1_compressed_page-0013-176x300.jpg 176w, https:\/\/www.la-tete-de-mule.fr\/wp-content\/uploads\/2022\/09\/1-1ere-de-couv-2023-2-combine_1_compressed_page-0013-158x270.jpg 158w, https:\/\/www.la-tete-de-mule.fr\/wp-content\/uploads\/2022\/09\/1-1ere-de-couv-2023-2-combine_1_compressed_page-0013.jpg 678w\" sizes=\"auto, (max-width: 600px) 100vw, 600px\" \/><\/a><\/figure><figure class=\"wp-block-image size-large\"><a href=\"http:\/\/www.la-tete-de-mule.fr\/wp-content\/uploads\/2022\/09\/1-1ere-de-couv-2023-2-combine_1_compressed_page-0014.jpg\"><img loading=\"lazy\" decoding=\"async\" width=\"600\" height=\"1024\" src=\"http:\/\/www.la-tete-de-mule.fr\/wp-content\/uploads\/2022\/09\/1-1ere-de-couv-2023-2-combine_1_compressed_page-0014-600x1024.jpg\" alt=\"\" class=\"wp-image-3292\" srcset=\"https:\/\/www.la-tete-de-mule.fr\/wp-content\/uploads\/2022\/09\/1-1ere-de-couv-2023-2-combine_1_compressed_page-0014-600x1024.jpg 600w, https:\/\/www.la-tete-de-mule.fr\/wp-content\/uploads\/2022\/09\/1-1ere-de-couv-2023-2-combine_1_compressed_page-0014-176x300.jpg 176w, https:\/\/www.la-tete-de-mule.fr\/wp-content\/uploads\/2022\/09\/1-1ere-de-couv-2023-2-combine_1_compressed_page-0014-158x270.jpg 158w, https:\/\/www.la-tete-de-mule.fr\/wp-content\/uploads\/2022\/09\/1-1ere-de-couv-2023-2-combine_1_compressed_page-0014.jpg 678w\" sizes=\"auto, (max-width: 600px) 100vw, 600px\" \/><\/a><\/figure><figure class=\"wp-block-image size-large\"><a href=\"http:\/\/www.la-tete-de-mule.fr\/wp-content\/uploads\/2022\/09\/1-1ere-de-couv-2023-2-combine_1_compressed_page-0015.jpg\"><img loading=\"lazy\" decoding=\"async\" width=\"600\" height=\"1024\" src=\"http:\/\/www.la-tete-de-mule.fr\/wp-content\/uploads\/2022\/09\/1-1ere-de-couv-2023-2-combine_1_compressed_page-0015-600x1024.jpg\" alt=\"\" class=\"wp-image-3293\" srcset=\"https:\/\/www.la-tete-de-mule.fr\/wp-content\/uploads\/2022\/09\/1-1ere-de-couv-2023-2-combine_1_compressed_page-0015-600x1024.jpg 600w, https:\/\/www.la-tete-de-mule.fr\/wp-content\/uploads\/2022\/09\/1-1ere-de-couv-2023-2-combine_1_compressed_page-0015-176x300.jpg 176w, https:\/\/www.la-tete-de-mule.fr\/wp-content\/uploads\/2022\/09\/1-1ere-de-couv-2023-2-combine_1_compressed_page-0015-158x270.jpg 158w, https:\/\/www.la-tete-de-mule.fr\/wp-content\/uploads\/2022\/09\/1-1ere-de-couv-2023-2-combine_1_compressed_page-0015.jpg 678w\" sizes=\"auto, (max-width: 600px) 100vw, 600px\" \/><\/a><\/figure><figure class=\"wp-block-image size-large\"><a href=\"http:\/\/www.la-tete-de-mule.fr\/wp-content\/uploads\/2022\/09\/1-1ere-de-couv-2023-2-combine_1_compressed_page-0016.jpg\"><img loading=\"lazy\" decoding=\"async\" width=\"600\" height=\"1024\" src=\"http:\/\/www.la-tete-de-mule.fr\/wp-content\/uploads\/2022\/09\/1-1ere-de-couv-2023-2-combine_1_compressed_page-0016-600x1024.jpg\" alt=\"\" class=\"wp-image-3294\" srcset=\"https:\/\/www.la-tete-de-mule.fr\/wp-content\/uploads\/2022\/09\/1-1ere-de-couv-2023-2-combine_1_compressed_page-0016-600x1024.jpg 600w, https:\/\/www.la-tete-de-mule.fr\/wp-content\/uploads\/2022\/09\/1-1ere-de-couv-2023-2-combine_1_compressed_page-0016-176x300.jpg 176w, https:\/\/www.la-tete-de-mule.fr\/wp-content\/uploads\/2022\/09\/1-1ere-de-couv-2023-2-combine_1_compressed_page-0016-158x270.jpg 158w, https:\/\/www.la-tete-de-mule.fr\/wp-content\/uploads\/2022\/09\/1-1ere-de-couv-2023-2-combine_1_compressed_page-0016.jpg 678w\" sizes=\"auto, (max-width: 600px) 100vw, 600px\" \/><\/a><\/figure>","protected":false},"excerpt":{"rendered":"<p>35\u00e8me \u00c9dition<\/p>\n","protected":false},"author":7,"featured_media":0,"parent":0,"menu_order":0,"comment_status":"closed","ping_status":"closed","template":"","meta":{"footnotes":""},"class_list":["post-3278","page","type-page","status-publish","hentry"],"_links":{"self":[{"href":"https:\/\/www.la-tete-de-mule.fr\/index.php?rest_route=\/wp\/v2\/pages\/3278","targetHints":{"allow":["GET"]}}],"collection":[{"href":"https:\/\/www.la-tete-de-mule.fr\/index.php?rest_route=\/wp\/v2\/pages"}],"about":[{"href":"https:\/\/www.la-tete-de-mule.fr\/index.php?rest_route=\/wp\/v2\/types\/page"}],"author":[{"embeddable":true,"href":"https:\/\/www.la-tete-de-mule.fr\/index.php?rest_route=\/wp\/v2\/users\/7"}],"replies":[{"embeddable":true,"href":"https:\/\/www.la-tete-de-mule.fr\/index.php?rest_route=%2Fwp%2Fv2%2Fcomments&post=3278"}],"version-history":[{"count":6,"href":"https:\/\/www.la-tete-de-mule.fr\/index.php?rest_route=\/wp\/v2\/pages\/3278\/revisions"}],"predecessor-version":[{"id":3381,"href":"https:\/\/www.la-tete-de-mule.fr\/index.php?rest_route=\/wp\/v2\/pages\/3278\/revisions\/3381"}],"wp:attachment":[{"href":"https:\/\/www.la-tete-de-mule.fr\/index.php?rest_route=%2Fwp%2Fv2%2Fmedia&parent=3278"}],"curies":[{"name":"wp","href":"https:\/\/api.w.org\/{rel}","templated":true}]}}