{"id":3554,"date":"2024-02-06T14:05:48","date_gmt":"2024-02-06T13:05:48","guid":{"rendered":"http:\/\/www.la-tete-de-mule.fr\/?page_id=3554"},"modified":"2024-02-07T17:21:01","modified_gmt":"2024-02-07T16:21:01","slug":"trahisons-et-peaux-de-bananes","status":"publish","type":"page","link":"https:\/\/www.la-tete-de-mule.fr\/?page_id=3554","title":{"rendered":"Trahisons et peaux de bananes !"},"content":{"rendered":"<p>De Jean-Jacques Michelet<\/p><p>Avec Alexandra fr\u00e9bault, Lison Goillot, Noam Voisin, Jean-Jacques Michelet, Yoann Voisin<\/p><p>R\u00e9gie g\u00e9n\u00e9rale Z\u00e9phyrin Capelle<\/p><p><em>Texte publi\u00e9 aux \u00e9ditions parisiennes de L&rsquo;Harmattan en avril 2023.<\/em><\/p><p><strong>Cr\u00e9ation le 26 janvier 2024<\/strong><\/p><p>Maurice Lavil appartient \u00e0 la caste des grands propri\u00e9taires terriens de Martinique. Alors que la vieillesse le gagne et qu&rsquo;il entrevoit le poteau d&rsquo;arriv\u00e9e sortant de la brume, il s&rsquo;aper\u00e7oit que son entourage ne cherche qu&rsquo;\u00e0 le d\u00e9pouiller&#8230;<\/p><p>L&rsquo;irruption interstellaire d&rsquo;un individu aussi \u00e9trange que fonci\u00e8rement bon stoppera un temps les ambitions d\u00e9plac\u00e9es des uns et des autres.<\/p><p>De rebonds en rebondissements, cette com\u00e9die douce-am\u00e8re comme un vieux punch vous entra\u00eenera fort loin !<\/p><p><em>\u00ab\u00a0Cette pi\u00e8ce m\u00ealant fort habilement humour et science-fiction demeurera longtemps un v\u00e9ritable ovni : volez-y !\u00a0\u00bb<\/em> <strong>MARTIEN HEBDO <\/strong><\/p><figure class=\"wp-block-gallery has-nested-images columns-default is-cropped wp-block-gallery-1 is-layout-flex wp-block-gallery-is-layout-flex\"><figure class=\"wp-block-image size-large\"><a href=\"http:\/\/www.la-tete-de-mule.fr\/wp-content\/uploads\/2024\/02\/BAN-5-scaled.jpg\"><img loading=\"lazy\" decoding=\"async\" width=\"1024\" height=\"683\" data-id=\"3577\" src=\"http:\/\/www.la-tete-de-mule.fr\/wp-content\/uploads\/2024\/02\/BAN-5-1024x683.jpg\" alt=\"\" class=\"wp-image-3577\" srcset=\"https:\/\/www.la-tete-de-mule.fr\/wp-content\/uploads\/2024\/02\/BAN-5-1024x683.jpg 1024w, https:\/\/www.la-tete-de-mule.fr\/wp-content\/uploads\/2024\/02\/BAN-5-scaled-600x400.jpg 600w, https:\/\/www.la-tete-de-mule.fr\/wp-content\/uploads\/2024\/02\/BAN-5-300x200.jpg 300w, https:\/\/www.la-tete-de-mule.fr\/wp-content\/uploads\/2024\/02\/BAN-5-768x512.jpg 768w, https:\/\/www.la-tete-de-mule.fr\/wp-content\/uploads\/2024\/02\/BAN-5-1536x1024.jpg 1536w, https:\/\/www.la-tete-de-mule.fr\/wp-content\/uploads\/2024\/02\/BAN-5-2048x1365.jpg 2048w, https:\/\/www.la-tete-de-mule.fr\/wp-content\/uploads\/2024\/02\/BAN-5-405x270.jpg 405w\" sizes=\"auto, (max-width: 1024px) 100vw, 1024px\" \/><\/a><\/figure>\n\n<figure class=\"wp-block-image size-large\"><a href=\"http:\/\/www.la-tete-de-mule.fr\/wp-content\/uploads\/2024\/02\/BAN-6-scaled.jpg\"><img loading=\"lazy\" decoding=\"async\" width=\"1024\" height=\"683\" data-id=\"3579\" src=\"http:\/\/www.la-tete-de-mule.fr\/wp-content\/uploads\/2024\/02\/BAN-6-1024x683.jpg\" alt=\"\" class=\"wp-image-3579\" srcset=\"https:\/\/www.la-tete-de-mule.fr\/wp-content\/uploads\/2024\/02\/BAN-6-1024x683.jpg 1024w, https:\/\/www.la-tete-de-mule.fr\/wp-content\/uploads\/2024\/02\/BAN-6-scaled-600x400.jpg 600w, https:\/\/www.la-tete-de-mule.fr\/wp-content\/uploads\/2024\/02\/BAN-6-300x200.jpg 300w, https:\/\/www.la-tete-de-mule.fr\/wp-content\/uploads\/2024\/02\/BAN-6-768x512.jpg 768w, https:\/\/www.la-tete-de-mule.fr\/wp-content\/uploads\/2024\/02\/BAN-6-1536x1024.jpg 1536w, https:\/\/www.la-tete-de-mule.fr\/wp-content\/uploads\/2024\/02\/BAN-6-2048x1365.jpg 2048w, https:\/\/www.la-tete-de-mule.fr\/wp-content\/uploads\/2024\/02\/BAN-6-405x270.jpg 405w\" sizes=\"auto, (max-width: 1024px) 100vw, 1024px\" \/><\/a><\/figure>\n\n<figure class=\"wp-block-image size-large\"><a href=\"http:\/\/www.la-tete-de-mule.fr\/wp-content\/uploads\/2024\/02\/BAN-8-scaled.jpg\"><img loading=\"lazy\" decoding=\"async\" width=\"781\" height=\"1024\" data-id=\"3580\" src=\"http:\/\/www.la-tete-de-mule.fr\/wp-content\/uploads\/2024\/02\/BAN-8-781x1024.jpg\" alt=\"\" class=\"wp-image-3580\" srcset=\"https:\/\/www.la-tete-de-mule.fr\/wp-content\/uploads\/2024\/02\/BAN-8-781x1024.jpg 781w, https:\/\/www.la-tete-de-mule.fr\/wp-content\/uploads\/2024\/02\/BAN-8-scaled-600x786.jpg 600w, https:\/\/www.la-tete-de-mule.fr\/wp-content\/uploads\/2024\/02\/BAN-8-229x300.jpg 229w, https:\/\/www.la-tete-de-mule.fr\/wp-content\/uploads\/2024\/02\/BAN-8-768x1007.jpg 768w, https:\/\/www.la-tete-de-mule.fr\/wp-content\/uploads\/2024\/02\/BAN-8-1172x1536.jpg 1172w, https:\/\/www.la-tete-de-mule.fr\/wp-content\/uploads\/2024\/02\/BAN-8-1562x2048.jpg 1562w, https:\/\/www.la-tete-de-mule.fr\/wp-content\/uploads\/2024\/02\/BAN-8-206x270.jpg 206w, https:\/\/www.la-tete-de-mule.fr\/wp-content\/uploads\/2024\/02\/BAN-8-scaled.jpg 1953w\" sizes=\"auto, (max-width: 781px) 100vw, 781px\" \/><\/a><\/figure>\n\n<figure class=\"wp-block-image size-large\"><a href=\"http:\/\/www.la-tete-de-mule.fr\/wp-content\/uploads\/2024\/02\/BAN-10-scaled.jpg\"><img loading=\"lazy\" decoding=\"async\" width=\"1024\" height=\"683\" data-id=\"3581\" src=\"http:\/\/www.la-tete-de-mule.fr\/wp-content\/uploads\/2024\/02\/BAN-10-1024x683.jpg\" alt=\"\" class=\"wp-image-3581\" srcset=\"https:\/\/www.la-tete-de-mule.fr\/wp-content\/uploads\/2024\/02\/BAN-10-1024x683.jpg 1024w, https:\/\/www.la-tete-de-mule.fr\/wp-content\/uploads\/2024\/02\/BAN-10-scaled-600x400.jpg 600w, https:\/\/www.la-tete-de-mule.fr\/wp-content\/uploads\/2024\/02\/BAN-10-300x200.jpg 300w, https:\/\/www.la-tete-de-mule.fr\/wp-content\/uploads\/2024\/02\/BAN-10-768x512.jpg 768w, https:\/\/www.la-tete-de-mule.fr\/wp-content\/uploads\/2024\/02\/BAN-10-1536x1024.jpg 1536w, https:\/\/www.la-tete-de-mule.fr\/wp-content\/uploads\/2024\/02\/BAN-10-2048x1365.jpg 2048w, https:\/\/www.la-tete-de-mule.fr\/wp-content\/uploads\/2024\/02\/BAN-10-405x270.jpg 405w\" sizes=\"auto, (max-width: 1024px) 100vw, 1024px\" \/><\/a><\/figure>\n\n<figure class=\"wp-block-image size-large\"><a href=\"http:\/\/www.la-tete-de-mule.fr\/wp-content\/uploads\/2024\/02\/ban-4-2-scaled.jpg\"><img loading=\"lazy\" decoding=\"async\" width=\"1024\" height=\"683\" data-id=\"3582\" src=\"http:\/\/www.la-tete-de-mule.fr\/wp-content\/uploads\/2024\/02\/ban-4-2-1024x683.jpg\" alt=\"\" class=\"wp-image-3582\" srcset=\"https:\/\/www.la-tete-de-mule.fr\/wp-content\/uploads\/2024\/02\/ban-4-2-1024x683.jpg 1024w, https:\/\/www.la-tete-de-mule.fr\/wp-content\/uploads\/2024\/02\/ban-4-2-scaled-600x400.jpg 600w, https:\/\/www.la-tete-de-mule.fr\/wp-content\/uploads\/2024\/02\/ban-4-2-300x200.jpg 300w, https:\/\/www.la-tete-de-mule.fr\/wp-content\/uploads\/2024\/02\/ban-4-2-768x512.jpg 768w, https:\/\/www.la-tete-de-mule.fr\/wp-content\/uploads\/2024\/02\/ban-4-2-1536x1024.jpg 1536w\" sizes=\"auto, (max-width: 1024px) 100vw, 1024px\" \/><\/a><\/figure>\n\n<figure class=\"wp-block-image size-large\"><a href=\"http:\/\/www.la-tete-de-mule.fr\/wp-content\/uploads\/2024\/02\/BAN7-scaled.jpg\"><img loading=\"lazy\" decoding=\"async\" width=\"1024\" height=\"683\" data-id=\"3583\" src=\"http:\/\/www.la-tete-de-mule.fr\/wp-content\/uploads\/2024\/02\/BAN7-1024x683.jpg\" alt=\"\" class=\"wp-image-3583\" srcset=\"https:\/\/www.la-tete-de-mule.fr\/wp-content\/uploads\/2024\/02\/BAN7-1024x683.jpg 1024w, https:\/\/www.la-tete-de-mule.fr\/wp-content\/uploads\/2024\/02\/BAN7-scaled-600x400.jpg 600w, https:\/\/www.la-tete-de-mule.fr\/wp-content\/uploads\/2024\/02\/BAN7-300x200.jpg 300w, https:\/\/www.la-tete-de-mule.fr\/wp-content\/uploads\/2024\/02\/BAN7-768x512.jpg 768w, https:\/\/www.la-tete-de-mule.fr\/wp-content\/uploads\/2024\/02\/BAN7-1536x1024.jpg 1536w\" sizes=\"auto, (max-width: 1024px) 100vw, 1024px\" \/><\/a><\/figure>\n\n<figure class=\"wp-block-image size-large\"><a href=\"http:\/\/www.la-tete-de-mule.fr\/wp-content\/uploads\/2024\/02\/BANA-12-scaled.jpg\"><img decoding=\"async\" data-id=\"3584\" src=\"http:\/\/www.la-tete-de-mule.fr\/wp-content\/uploads\/2024\/02\/BANA-12-1024x683.jpg\" alt=\"\" class=\"wp-image-3584\"\/><\/a><\/figure><\/figure><figure class=\"wp-block-gallery has-nested-images columns-default is-cropped wp-block-gallery-2 is-layout-flex wp-block-gallery-is-layout-flex\"><figure class=\"wp-block-image size-large\"><a href=\"http:\/\/www.la-tete-de-mule.fr\/wp-content\/uploads\/2024\/02\/LES-BA2-scaled.jpg\"><img loading=\"lazy\" decoding=\"async\" width=\"1024\" height=\"683\" data-id=\"3586\" src=\"http:\/\/www.la-tete-de-mule.fr\/wp-content\/uploads\/2024\/02\/LES-BA2-1024x683.jpg\" alt=\"\" class=\"wp-image-3586\" srcset=\"https:\/\/www.la-tete-de-mule.fr\/wp-content\/uploads\/2024\/02\/LES-BA2-1024x683.jpg 1024w, https:\/\/www.la-tete-de-mule.fr\/wp-content\/uploads\/2024\/02\/LES-BA2-scaled-600x400.jpg 600w, https:\/\/www.la-tete-de-mule.fr\/wp-content\/uploads\/2024\/02\/LES-BA2-300x200.jpg 300w, https:\/\/www.la-tete-de-mule.fr\/wp-content\/uploads\/2024\/02\/LES-BA2-768x512.jpg 768w, https:\/\/www.la-tete-de-mule.fr\/wp-content\/uploads\/2024\/02\/LES-BA2-1536x1024.jpg 1536w\" sizes=\"auto, (max-width: 1024px) 100vw, 1024px\" \/><\/a><\/figure>\n\n<figure class=\"wp-block-image size-large\"><a href=\"http:\/\/www.la-tete-de-mule.fr\/wp-content\/uploads\/2024\/02\/LES-BAN3-scaled.jpg\"><img loading=\"lazy\" decoding=\"async\" width=\"1024\" height=\"683\" data-id=\"3588\" src=\"http:\/\/www.la-tete-de-mule.fr\/wp-content\/uploads\/2024\/02\/LES-BAN3-1024x683.jpg\" alt=\"\" class=\"wp-image-3588\" srcset=\"https:\/\/www.la-tete-de-mule.fr\/wp-content\/uploads\/2024\/02\/LES-BAN3-1024x683.jpg 1024w, https:\/\/www.la-tete-de-mule.fr\/wp-content\/uploads\/2024\/02\/LES-BAN3-scaled-600x400.jpg 600w, https:\/\/www.la-tete-de-mule.fr\/wp-content\/uploads\/2024\/02\/LES-BAN3-300x200.jpg 300w, https:\/\/www.la-tete-de-mule.fr\/wp-content\/uploads\/2024\/02\/LES-BAN3-768x512.jpg 768w, https:\/\/www.la-tete-de-mule.fr\/wp-content\/uploads\/2024\/02\/LES-BAN3-1536x1024.jpg 1536w, https:\/\/www.la-tete-de-mule.fr\/wp-content\/uploads\/2024\/02\/LES-BAN3-2048x1365.jpg 2048w, https:\/\/www.la-tete-de-mule.fr\/wp-content\/uploads\/2024\/02\/LES-BAN3-405x270.jpg 405w\" sizes=\"auto, (max-width: 1024px) 100vw, 1024px\" \/><\/a><\/figure>\n\n<figure class=\"wp-block-image size-large\"><a href=\"http:\/\/www.la-tete-de-mule.fr\/wp-content\/uploads\/2024\/02\/LES-BANANES-scaled.jpg\"><img loading=\"lazy\" decoding=\"async\" width=\"1024\" height=\"683\" data-id=\"3589\" src=\"http:\/\/www.la-tete-de-mule.fr\/wp-content\/uploads\/2024\/02\/LES-BANANES-1024x683.jpg\" alt=\"\" class=\"wp-image-3589\" srcset=\"https:\/\/www.la-tete-de-mule.fr\/wp-content\/uploads\/2024\/02\/LES-BANANES-1024x683.jpg 1024w, https:\/\/www.la-tete-de-mule.fr\/wp-content\/uploads\/2024\/02\/LES-BANANES-scaled-600x400.jpg 600w, https:\/\/www.la-tete-de-mule.fr\/wp-content\/uploads\/2024\/02\/LES-BANANES-300x200.jpg 300w, https:\/\/www.la-tete-de-mule.fr\/wp-content\/uploads\/2024\/02\/LES-BANANES-768x512.jpg 768w, https:\/\/www.la-tete-de-mule.fr\/wp-content\/uploads\/2024\/02\/LES-BANANES-1536x1024.jpg 1536w\" sizes=\"auto, (max-width: 1024px) 100vw, 1024px\" \/><\/a><\/figure>\n\n<figure class=\"wp-block-image size-large\"><a href=\"http:\/\/www.la-tete-de-mule.fr\/wp-content\/uploads\/2024\/02\/LES-BAN4-scaled.jpg\"><img loading=\"lazy\" decoding=\"async\" width=\"1024\" height=\"683\" data-id=\"3590\" src=\"http:\/\/www.la-tete-de-mule.fr\/wp-content\/uploads\/2024\/02\/LES-BAN4-1024x683.jpg\" alt=\"\" class=\"wp-image-3590\" srcset=\"https:\/\/www.la-tete-de-mule.fr\/wp-content\/uploads\/2024\/02\/LES-BAN4-1024x683.jpg 1024w, https:\/\/www.la-tete-de-mule.fr\/wp-content\/uploads\/2024\/02\/LES-BAN4-scaled-600x400.jpg 600w, https:\/\/www.la-tete-de-mule.fr\/wp-content\/uploads\/2024\/02\/LES-BAN4-300x200.jpg 300w, https:\/\/www.la-tete-de-mule.fr\/wp-content\/uploads\/2024\/02\/LES-BAN4-768x512.jpg 768w, https:\/\/www.la-tete-de-mule.fr\/wp-content\/uploads\/2024\/02\/LES-BAN4-1536x1024.jpg 1536w\" sizes=\"auto, (max-width: 1024px) 100vw, 1024px\" \/><\/a><\/figure><\/figure>","protected":false},"excerpt":{"rendered":"<p>De Jean-Jacques Michelet Avec Alexandra fr\u00e9bault, Lison Goillot, Noam Voisin, Jean-Jacques Michelet, Yoann Voisin R\u00e9gie g\u00e9n\u00e9rale Z\u00e9phyrin Capelle Texte publi\u00e9 aux \u00e9ditions parisiennes de L&rsquo;Harmattan en avril 2023. Cr\u00e9ation le 26 janvier 2024 Maurice Lavil appartient \u00e0 la caste des grands propri\u00e9taires terriens de Martinique. Alors que la vieillesse le gagne et qu&rsquo;il entrevoit le poteau d&rsquo;arriv\u00e9e sortant de la brume, il s&rsquo;aper\u00e7oit que son entourage ne cherche qu&rsquo;\u00e0 le d\u00e9pouiller&#8230; L&rsquo;irruption interstellaire d&rsquo;un individu aussi \u00e9trange que fonci\u00e8rement bon&#8230;<\/p>\n<p class=\"read-more\"><a class=\"btn btn-default\" href=\"https:\/\/www.la-tete-de-mule.fr\/?page_id=3554\">Lire la suite<span class=\"screen-reader-text\"> Lire la suite<\/span><\/a><\/p>\n","protected":false},"author":5,"featured_media":3553,"parent":0,"menu_order":0,"comment_status":"closed","ping_status":"closed","template":"","meta":{"footnotes":""},"class_list":["post-3554","page","type-page","status-publish","has-post-thumbnail","hentry"],"_links":{"self":[{"href":"https:\/\/www.la-tete-de-mule.fr\/index.php?rest_route=\/wp\/v2\/pages\/3554","targetHints":{"allow":["GET"]}}],"collection":[{"href":"https:\/\/www.la-tete-de-mule.fr\/index.php?rest_route=\/wp\/v2\/pages"}],"about":[{"href":"https:\/\/www.la-tete-de-mule.fr\/index.php?rest_route=\/wp\/v2\/types\/page"}],"author":[{"embeddable":true,"href":"https:\/\/www.la-tete-de-mule.fr\/index.php?rest_route=\/wp\/v2\/users\/5"}],"replies":[{"embeddable":true,"href":"https:\/\/www.la-tete-de-mule.fr\/index.php?rest_route=%2Fwp%2Fv2%2Fcomments&post=3554"}],"version-history":[{"count":3,"href":"https:\/\/www.la-tete-de-mule.fr\/index.php?rest_route=\/wp\/v2\/pages\/3554\/revisions"}],"predecessor-version":[{"id":3591,"href":"https:\/\/www.la-tete-de-mule.fr\/index.php?rest_route=\/wp\/v2\/pages\/3554\/revisions\/3591"}],"wp:featuredmedia":[{"embeddable":true,"href":"https:\/\/www.la-tete-de-mule.fr\/index.php?rest_route=\/wp\/v2\/media\/3553"}],"wp:attachment":[{"href":"https:\/\/www.la-tete-de-mule.fr\/index.php?rest_route=%2Fwp%2Fv2%2Fmedia&parent=3554"}],"curies":[{"name":"wp","href":"https:\/\/api.w.org\/{rel}","templated":true}]}}