{"id":45,"date":"2012-09-03T14:22:27","date_gmt":"2012-09-03T13:22:27","guid":{"rendered":"http:\/\/localhost:8888\/tetedemule\/?page_id=45"},"modified":"2023-12-31T18:25:06","modified_gmt":"2023-12-31T17:25:06","slug":"gregoire-kerdruc-et-le-livre-enchante","status":"publish","type":"page","link":"https:\/\/www.la-tete-de-mule.fr\/?page_id=45","title":{"rendered":"Gr\u00e9goire Kerdruc et le Livre Enchant\u00e9"},"content":{"rendered":"<p align=\"justify\"><strong><a href=\"http:\/\/www.la-tete-de-mule.fr\/wp-content\/uploads\/2012\/09\/14-juin-2014-005-e1402750491693.jpg\"><img loading=\"lazy\" decoding=\"async\" class=\"alignnone size-medium wp-image-1745\" src=\"http:\/\/www.la-tete-de-mule.fr\/wp-content\/uploads\/2012\/09\/14-juin-2014-005-e1402750491693-225x300.jpg\" alt=\"14 juin 2014 005\" width=\"225\" height=\"300\" srcset=\"https:\/\/www.la-tete-de-mule.fr\/wp-content\/uploads\/2012\/09\/14-juin-2014-005-e1402750491693-225x300.jpg 225w, https:\/\/www.la-tete-de-mule.fr\/wp-content\/uploads\/2012\/09\/14-juin-2014-005-e1402750491693-768x1024.jpg 768w, https:\/\/www.la-tete-de-mule.fr\/wp-content\/uploads\/2012\/09\/14-juin-2014-005-e1402750491693-600x800.jpg 600w\" sizes=\"auto, (max-width: 225px) 100vw, 225px\" \/><\/a><a href=\"http:\/\/www.la-tete-de-mule.fr\/wp-content\/uploads\/2021\/11\/le-1-av.jpg\"><img loading=\"lazy\" decoding=\"async\" class=\"alignnone size-medium wp-image-3063\" src=\"http:\/\/www.la-tete-de-mule.fr\/wp-content\/uploads\/2021\/11\/le-1-av-300x200.jpg\" alt=\"\" width=\"300\" height=\"200\" srcset=\"https:\/\/www.la-tete-de-mule.fr\/wp-content\/uploads\/2021\/11\/le-1-av-300x200.jpg 300w, https:\/\/www.la-tete-de-mule.fr\/wp-content\/uploads\/2021\/11\/le-1-av-600x400.jpg 600w, https:\/\/www.la-tete-de-mule.fr\/wp-content\/uploads\/2021\/11\/le-1-av-1024x683.jpg 1024w, https:\/\/www.la-tete-de-mule.fr\/wp-content\/uploads\/2021\/11\/le-1-av-768x512.jpg 768w, https:\/\/www.la-tete-de-mule.fr\/wp-content\/uploads\/2021\/11\/le-1-av-1536x1024.jpg 1536w, https:\/\/www.la-tete-de-mule.fr\/wp-content\/uploads\/2021\/11\/le-1-av-405x270.jpg 405w, https:\/\/www.la-tete-de-mule.fr\/wp-content\/uploads\/2021\/11\/le-1-av-1320x880.jpg 1320w, https:\/\/www.la-tete-de-mule.fr\/wp-content\/uploads\/2021\/11\/le-1-av.jpg 1680w\" sizes=\"auto, (max-width: 300px) 100vw, 300px\" \/><\/a> <a href=\"http:\/\/www.la-tete-de-mule.fr\/wp-content\/uploads\/2021\/11\/le-3-av.jpg\"><img loading=\"lazy\" decoding=\"async\" class=\"alignnone size-medium wp-image-3064\" src=\"http:\/\/www.la-tete-de-mule.fr\/wp-content\/uploads\/2021\/11\/le-3-av-300x200.jpg\" alt=\"\" width=\"300\" height=\"200\" srcset=\"https:\/\/www.la-tete-de-mule.fr\/wp-content\/uploads\/2021\/11\/le-3-av-300x200.jpg 300w, https:\/\/www.la-tete-de-mule.fr\/wp-content\/uploads\/2021\/11\/le-3-av-600x400.jpg 600w, https:\/\/www.la-tete-de-mule.fr\/wp-content\/uploads\/2021\/11\/le-3-av-1024x683.jpg 1024w, https:\/\/www.la-tete-de-mule.fr\/wp-content\/uploads\/2021\/11\/le-3-av-768x512.jpg 768w, https:\/\/www.la-tete-de-mule.fr\/wp-content\/uploads\/2021\/11\/le-3-av-1536x1024.jpg 1536w, https:\/\/www.la-tete-de-mule.fr\/wp-content\/uploads\/2021\/11\/le-3-av-405x270.jpg 405w, https:\/\/www.la-tete-de-mule.fr\/wp-content\/uploads\/2021\/11\/le-3-av-1320x880.jpg 1320w, https:\/\/www.la-tete-de-mule.fr\/wp-content\/uploads\/2021\/11\/le-3-av.jpg 1680w\" sizes=\"auto, (max-width: 300px) 100vw, 300px\" \/><\/a> <a href=\"http:\/\/www.la-tete-de-mule.fr\/wp-content\/uploads\/2021\/11\/le-2-av.jpg\"><img loading=\"lazy\" decoding=\"async\" class=\"alignnone size-medium wp-image-3065\" src=\"http:\/\/www.la-tete-de-mule.fr\/wp-content\/uploads\/2021\/11\/le-2-av-300x200.jpg\" alt=\"\" width=\"300\" height=\"200\" srcset=\"https:\/\/www.la-tete-de-mule.fr\/wp-content\/uploads\/2021\/11\/le-2-av-300x200.jpg 300w, https:\/\/www.la-tete-de-mule.fr\/wp-content\/uploads\/2021\/11\/le-2-av-600x400.jpg 600w, https:\/\/www.la-tete-de-mule.fr\/wp-content\/uploads\/2021\/11\/le-2-av-1024x683.jpg 1024w, https:\/\/www.la-tete-de-mule.fr\/wp-content\/uploads\/2021\/11\/le-2-av-768x512.jpg 768w, https:\/\/www.la-tete-de-mule.fr\/wp-content\/uploads\/2021\/11\/le-2-av-1536x1024.jpg 1536w, https:\/\/www.la-tete-de-mule.fr\/wp-content\/uploads\/2021\/11\/le-2-av-405x270.jpg 405w, https:\/\/www.la-tete-de-mule.fr\/wp-content\/uploads\/2021\/11\/le-2-av-1320x880.jpg 1320w, https:\/\/www.la-tete-de-mule.fr\/wp-content\/uploads\/2021\/11\/le-2-av.jpg 1680w\" sizes=\"auto, (max-width: 300px) 100vw, 300px\" \/><\/a> <a href=\"http:\/\/www.la-tete-de-mule.fr\/wp-content\/uploads\/2021\/11\/le-4-av.jpg\"><img loading=\"lazy\" decoding=\"async\" class=\"alignnone size-medium wp-image-3066\" src=\"http:\/\/www.la-tete-de-mule.fr\/wp-content\/uploads\/2021\/11\/le-4-av-200x300.jpg\" alt=\"\" width=\"200\" height=\"300\" srcset=\"https:\/\/www.la-tete-de-mule.fr\/wp-content\/uploads\/2021\/11\/le-4-av-200x300.jpg 200w, https:\/\/www.la-tete-de-mule.fr\/wp-content\/uploads\/2021\/11\/le-4-av-600x900.jpg 600w, https:\/\/www.la-tete-de-mule.fr\/wp-content\/uploads\/2021\/11\/le-4-av-683x1024.jpg 683w, https:\/\/www.la-tete-de-mule.fr\/wp-content\/uploads\/2021\/11\/le-4-av-768x1152.jpg 768w, https:\/\/www.la-tete-de-mule.fr\/wp-content\/uploads\/2021\/11\/le-4-av-1024x1536.jpg 1024w, https:\/\/www.la-tete-de-mule.fr\/wp-content\/uploads\/2021\/11\/le-4-av-180x270.jpg 180w, https:\/\/www.la-tete-de-mule.fr\/wp-content\/uploads\/2021\/11\/le-4-av.jpg 1120w\" sizes=\"auto, (max-width: 200px) 100vw, 200px\" \/><\/a><\/strong><\/p>\n<p align=\"justify\"><strong>Cr\u00e9ation 30 octobre 1995<\/strong><\/p>\n<p align=\"justify\">(514 repr\u00e9sentations)<\/p>\n<p align=\"justify\"><strong>Avec plus de 500 repr\u00e9sentations au compteur, il s&rsquo;agit de l&rsquo;un des trois plus gros succ\u00e8s de la compagnie !<\/strong><\/p>\n<p align=\"justify\">Gr\u00e9goire est un enfant tr\u00e8s malheureux car son p\u00e8re le force \u00e0 travailler sans rel\u00e2che et \u00e0 dormir le ventre vide dans un grenier venteux\u2026 Une nuit particuli\u00e8rement terrible, le petit gar\u00e7on d\u00e9cide de partir \u00e0 la recherche du Livre Enchant\u00e9, persuad\u00e9 que celui-ci contient dans ses lignes la solution \u00e0 tous les probl\u00e8mes\u2026<\/p>\n<p align=\"justify\"><em>Avec, sortant des recoins obscurs :<\/em><br \/>La souris Sorex.<br \/>La Mitraille, soldat de plomb au c\u0153ur d\u2019or.<br \/>Deux fant\u00f4mes, aux combles de la b\u00eatise.<br \/>Cadabra, magicien fier \u00e0 bras.<br \/>Araigna la cruelle.<br \/>Liber, Le Livre Enchant\u00e9.<br \/>Et de ses pages, la belle Syrielle.<\/p>\n<p>Un album (texte et dessins) est disponible \u00e0 la vente.<\/p>\n<p>\u00a0<\/p><figure class=\"wp-block-image\"><img loading=\"lazy\" decoding=\"async\" width=\"1024\" height=\"809\" src=\"http:\/\/www.la-tete-de-mule.fr\/wp-content\/uploads\/2021\/10\/IMG_E8010-1024x809.jpg\" alt=\"\" class=\"wp-image-2876\" srcset=\"https:\/\/www.la-tete-de-mule.fr\/wp-content\/uploads\/2021\/10\/IMG_E8010-1024x809.jpg 1024w, https:\/\/www.la-tete-de-mule.fr\/wp-content\/uploads\/2021\/10\/IMG_E8010-600x474.jpg 600w, https:\/\/www.la-tete-de-mule.fr\/wp-content\/uploads\/2021\/10\/IMG_E8010-300x237.jpg 300w, https:\/\/www.la-tete-de-mule.fr\/wp-content\/uploads\/2021\/10\/IMG_E8010-768x607.jpg 768w, https:\/\/www.la-tete-de-mule.fr\/wp-content\/uploads\/2021\/10\/IMG_E8010-342x270.jpg 342w, https:\/\/www.la-tete-de-mule.fr\/wp-content\/uploads\/2021\/10\/IMG_E8010-1320x1043.jpg 1320w\" sizes=\"auto, (max-width: 1024px) 100vw, 1024px\" \/><figcaption class=\"wp-element-caption\"><strong>Texte&nbsp;int\u00e9gral&nbsp;paru&nbsp;en&nbsp;ce&nbsp;beau&nbsp;mois&nbsp;d&rsquo;octobre&nbsp;2021&nbsp;!<\/strong><\/figcaption><\/figure>","protected":false},"excerpt":{"rendered":"<p>Cr\u00e9ation 30 octobre 1995 (514 repr\u00e9sentations) Avec plus de 500 repr\u00e9sentations au compteur, il s&rsquo;agit de l&rsquo;un des trois plus gros succ\u00e8s de la compagnie ! Gr\u00e9goire est un enfant tr\u00e8s malheureux car son p\u00e8re le force \u00e0 travailler sans rel\u00e2che et \u00e0 dormir le ventre vide dans un grenier venteux\u2026 Une nuit particuli\u00e8rement terrible, le petit gar\u00e7on d\u00e9cide de partir \u00e0 la recherche du Livre Enchant\u00e9, persuad\u00e9 que celui-ci contient dans ses lignes la solution \u00e0 tous les probl\u00e8mes\u2026&#8230;<\/p>\n<p class=\"read-more\"><a class=\"btn btn-default\" href=\"https:\/\/www.la-tete-de-mule.fr\/?page_id=45\">Lire la suite<span class=\"screen-reader-text\"> Lire la suite<\/span><\/a><\/p>\n","protected":false},"author":5,"featured_media":0,"parent":30,"menu_order":0,"comment_status":"closed","ping_status":"open","template":"","meta":{"footnotes":""},"class_list":["post-45","page","type-page","status-publish","hentry"],"_links":{"self":[{"href":"https:\/\/www.la-tete-de-mule.fr\/index.php?rest_route=\/wp\/v2\/pages\/45","targetHints":{"allow":["GET"]}}],"collection":[{"href":"https:\/\/www.la-tete-de-mule.fr\/index.php?rest_route=\/wp\/v2\/pages"}],"about":[{"href":"https:\/\/www.la-tete-de-mule.fr\/index.php?rest_route=\/wp\/v2\/types\/page"}],"author":[{"embeddable":true,"href":"https:\/\/www.la-tete-de-mule.fr\/index.php?rest_route=\/wp\/v2\/users\/5"}],"replies":[{"embeddable":true,"href":"https:\/\/www.la-tete-de-mule.fr\/index.php?rest_route=%2Fwp%2Fv2%2Fcomments&post=45"}],"version-history":[{"count":24,"href":"https:\/\/www.la-tete-de-mule.fr\/index.php?rest_route=\/wp\/v2\/pages\/45\/revisions"}],"predecessor-version":[{"id":3511,"href":"https:\/\/www.la-tete-de-mule.fr\/index.php?rest_route=\/wp\/v2\/pages\/45\/revisions\/3511"}],"up":[{"embeddable":true,"href":"https:\/\/www.la-tete-de-mule.fr\/index.php?rest_route=\/wp\/v2\/pages\/30"}],"wp:attachment":[{"href":"https:\/\/www.la-tete-de-mule.fr\/index.php?rest_route=%2Fwp%2Fv2%2Fmedia&parent=45"}],"curies":[{"name":"wp","href":"https:\/\/api.w.org\/{rel}","templated":true}]}}