{"id":7,"date":"2012-09-03T12:27:49","date_gmt":"2012-09-03T11:27:49","guid":{"rendered":"http:\/\/localhost:8888\/tetedemule\/?page_id=7"},"modified":"2024-02-07T17:48:08","modified_gmt":"2024-02-07T16:48:08","slug":"contact","status":"publish","type":"page","link":"https:\/\/www.la-tete-de-mule.fr\/?page_id=7","title":{"rendered":"Contact"},"content":{"rendered":"<p><strong><a href=\"http:\/\/www.la-tete-de-mule.fr\/wp-content\/uploads\/2013\/06\/DSC_0051_525-1.jpg\"><img loading=\"lazy\" decoding=\"async\" class=\"alignnone size-medium wp-image-986\" src=\"http:\/\/www.la-tete-de-mule.fr\/wp-content\/uploads\/2013\/06\/DSC_0051_525-1-200x300.jpg\" alt=\"DSC_0051_525-1\" width=\"200\" height=\"300\" srcset=\"https:\/\/www.la-tete-de-mule.fr\/wp-content\/uploads\/2013\/06\/DSC_0051_525-1-200x300.jpg 200w, https:\/\/www.la-tete-de-mule.fr\/wp-content\/uploads\/2013\/06\/DSC_0051_525-1-685x1024.jpg 685w, https:\/\/www.la-tete-de-mule.fr\/wp-content\/uploads\/2013\/06\/DSC_0051_525-1-600x896.jpg 600w, https:\/\/www.la-tete-de-mule.fr\/wp-content\/uploads\/2013\/06\/DSC_0051_525-1.jpg 1296w\" sizes=\"auto, (max-width: 200px) 100vw, 200px\" \/><\/a><a href=\"http:\/\/www.la-tete-de-mule.fr\/wp-content\/uploads\/2013\/06\/DSC_0224_694.jpg\"><img loading=\"lazy\" decoding=\"async\" class=\"alignnone size-medium wp-image-988\" src=\"http:\/\/www.la-tete-de-mule.fr\/wp-content\/uploads\/2013\/06\/DSC_0224_694-199x300.jpg\" alt=\"DSC_0224_694\" width=\"199\" height=\"300\" srcset=\"https:\/\/www.la-tete-de-mule.fr\/wp-content\/uploads\/2013\/06\/DSC_0224_694-199x300.jpg 199w, https:\/\/www.la-tete-de-mule.fr\/wp-content\/uploads\/2013\/06\/DSC_0224_694-679x1024.jpg 679w, https:\/\/www.la-tete-de-mule.fr\/wp-content\/uploads\/2013\/06\/DSC_0224_694-600x903.jpg 600w, https:\/\/www.la-tete-de-mule.fr\/wp-content\/uploads\/2013\/06\/DSC_0224_694.jpg 1256w\" sizes=\"auto, (max-width: 199px) 100vw, 199px\" \/><\/a><\/strong><\/p>\n<p><strong>La T\u00eate de Mule<\/strong><br \/>Th\u00e9\u00e2tre de Fontaine d&rsquo;Ouche<br \/>21000 Dijon<\/p>\n<p><strong><em>T\u00e9l\u00e9phones : <\/em><\/strong><\/p>\n<p><strong>03 80 50 03 39 <\/strong><\/p>\n<p><strong>06 13 51 38 87<\/strong><\/p>\n<p><strong>06 62 73 67 59<\/strong><\/p>\n\n<div class=\"wpforms-container wpforms-container-full wpforms-block wpforms-block-10d28ed1-1fb7-4da6-ba6d-4f069c2c09fb\" id=\"wpforms-3199\"><form id=\"wpforms-form-3199\" class=\"wpforms-validate wpforms-form wpforms-ajax-form\" data-formid=\"3199\" method=\"post\" enctype=\"multipart\/form-data\" action=\"\/index.php?rest_route=%2Fwp%2Fv2%2Fpages%2F7\" data-token=\"56a495a225a4ad9346993e1bd9158205\" data-token-time=\"1778721616\"><noscript class=\"wpforms-error-noscript\">Veuillez activer JavaScript dans votre navigateur pour remplir ce formulaire.<\/noscript><div class=\"wpforms-field-container\"><div id=\"wpforms-3199-field_0-container\" class=\"wpforms-field wpforms-field-name\" data-field-id=\"0\"><label class=\"wpforms-field-label\">Nom <span class=\"wpforms-required-label\">*<\/span><\/label><div class=\"wpforms-field-row wpforms-field-large\"><div class=\"wpforms-field-row-block wpforms-first wpforms-one-half\"><input type=\"text\" id=\"wpforms-3199-field_0\" class=\"wpforms-field-name-first wpforms-field-required\" name=\"wpforms[fields][0][first]\" required><label for=\"wpforms-3199-field_0\" class=\"wpforms-field-sublabel after\">Pr\u00e9nom<\/label><\/div><div class=\"wpforms-field-row-block wpforms-one-half\"><input type=\"text\" id=\"wpforms-3199-field_0-last\" class=\"wpforms-field-name-last wpforms-field-required\" name=\"wpforms[fields][0][last]\" required><label for=\"wpforms-3199-field_0-last\" class=\"wpforms-field-sublabel after\">Nom<\/label><\/div><\/div><\/div><div id=\"wpforms-3199-field_1-container\" class=\"wpforms-field wpforms-field-email\" data-field-id=\"1\"><label class=\"wpforms-field-label\" for=\"wpforms-3199-field_1\">Email <span class=\"wpforms-required-label\">*<\/span><\/label><input type=\"email\" id=\"wpforms-3199-field_1\" class=\"wpforms-field-large wpforms-field-required\" name=\"wpforms[fields][1]\" spellcheck=\"false\" required><\/div><div id=\"wpforms-3199-field_2-container\" class=\"wpforms-field wpforms-field-textarea\" data-field-id=\"2\"><label class=\"wpforms-field-label\" for=\"wpforms-3199-field_2\">Message <span class=\"wpforms-required-label\">*<\/span><\/label><textarea id=\"wpforms-3199-field_2\" class=\"wpforms-field-medium wpforms-field-required\" name=\"wpforms[fields][2]\" required><\/textarea><\/div><\/div><!-- .wpforms-field-container --><div class=\"wpforms-submit-container\" ><input type=\"hidden\" name=\"wpforms[id]\" value=\"3199\"><input type=\"hidden\" name=\"page_title\" value=\"\"><input type=\"hidden\" name=\"page_url\" value=\"https:\/\/www.la-tete-de-mule.fr\/index.php?rest_route=\/wp\/v2\/pages\/7\"><input type=\"hidden\" name=\"url_referer\" value=\"\"><button type=\"submit\" name=\"wpforms[submit]\" id=\"wpforms-submit-3199\" class=\"wpforms-submit\" data-alt-text=\"Sending...\" data-submit-text=\"Submit\" aria-live=\"assertive\" value=\"wpforms-submit\">Submit<\/button><img loading=\"lazy\" decoding=\"async\" src=\"https:\/\/www.la-tete-de-mule.fr\/wp-content\/plugins\/wpforms-lite\/assets\/images\/submit-spin.svg\" class=\"wpforms-submit-spinner\" style=\"display: none;\" width=\"26\" height=\"26\" alt=\"Chargement en cours\"><\/div><\/form><\/div>  <!-- .wpforms-container -->\n\n\n<figure class=\"wp-block-image size-large\"><a href=\"http:\/\/www.la-tete-de-mule.fr\/wp-content\/uploads\/2024\/02\/WAT.jpg\"><img loading=\"lazy\" decoding=\"async\" width=\"1024\" height=\"799\" src=\"http:\/\/www.la-tete-de-mule.fr\/wp-content\/uploads\/2024\/02\/WAT-1024x799.jpg\" alt=\"\" class=\"wp-image-3615\" srcset=\"https:\/\/www.la-tete-de-mule.fr\/wp-content\/uploads\/2024\/02\/WAT-1024x799.jpg 1024w, https:\/\/www.la-tete-de-mule.fr\/wp-content\/uploads\/2024\/02\/WAT-600x468.jpg 600w, https:\/\/www.la-tete-de-mule.fr\/wp-content\/uploads\/2024\/02\/WAT-300x234.jpg 300w, https:\/\/www.la-tete-de-mule.fr\/wp-content\/uploads\/2024\/02\/WAT-768x600.jpg 768w, https:\/\/www.la-tete-de-mule.fr\/wp-content\/uploads\/2024\/02\/WAT-1536x1199.jpg 1536w, https:\/\/www.la-tete-de-mule.fr\/wp-content\/uploads\/2024\/02\/WAT-346x270.jpg 346w, https:\/\/www.la-tete-de-mule.fr\/wp-content\/uploads\/2024\/02\/WAT.jpg 1646w\" sizes=\"auto, (max-width: 1024px) 100vw, 1024px\" \/><\/a><\/figure>\n","protected":false},"excerpt":{"rendered":"<p>La T\u00eate de MuleTh\u00e9\u00e2tre de Fontaine d&rsquo;Ouche21000 Dijon T\u00e9l\u00e9phones : 03 80 50 03 39 06 13 51 38 87 06 62 73 67 59<\/p>\n","protected":false},"author":5,"featured_media":0,"parent":0,"menu_order":0,"comment_status":"closed","ping_status":"open","template":"","meta":{"footnotes":""},"class_list":["post-7","page","type-page","status-publish","hentry"],"_links":{"self":[{"href":"https:\/\/www.la-tete-de-mule.fr\/index.php?rest_route=\/wp\/v2\/pages\/7","targetHints":{"allow":["GET"]}}],"collection":[{"href":"https:\/\/www.la-tete-de-mule.fr\/index.php?rest_route=\/wp\/v2\/pages"}],"about":[{"href":"https:\/\/www.la-tete-de-mule.fr\/index.php?rest_route=\/wp\/v2\/types\/page"}],"author":[{"embeddable":true,"href":"https:\/\/www.la-tete-de-mule.fr\/index.php?rest_route=\/wp\/v2\/users\/5"}],"replies":[{"embeddable":true,"href":"https:\/\/www.la-tete-de-mule.fr\/index.php?rest_route=%2Fwp%2Fv2%2Fcomments&post=7"}],"version-history":[{"count":14,"href":"https:\/\/www.la-tete-de-mule.fr\/index.php?rest_route=\/wp\/v2\/pages\/7\/revisions"}],"predecessor-version":[{"id":3617,"href":"https:\/\/www.la-tete-de-mule.fr\/index.php?rest_route=\/wp\/v2\/pages\/7\/revisions\/3617"}],"wp:attachment":[{"href":"https:\/\/www.la-tete-de-mule.fr\/index.php?rest_route=%2Fwp%2Fv2%2Fmedia&parent=7"}],"curies":[{"name":"wp","href":"https:\/\/api.w.org\/{rel}","templated":true}]}}