{"id":82,"date":"2012-09-04T07:15:29","date_gmt":"2012-09-04T06:15:29","guid":{"rendered":"http:\/\/localhost:8888\/tetedemule\/?page_id=82"},"modified":"2012-11-01T15:47:12","modified_gmt":"2012-11-01T14:47:12","slug":"edition-2006","status":"publish","type":"page","link":"https:\/\/www.la-tete-de-mule.fr\/?page_id=82","title":{"rendered":"\u00c9dition 2006"},"content":{"rendered":"<p style=\"text-align: justify;\"><strong><a href=\"http:\/\/www.la-tete-de-mule.fr\/wp-content\/uploads\/2012\/09\/grassemat1.jpg\"><img loading=\"lazy\" decoding=\"async\" class=\"alignleft size-full wp-image-149\" title=\"grassemat1\" src=\"http:\/\/www.la-tete-de-mule.fr\/wp-content\/uploads\/2012\/09\/grassemat1.jpg\" alt=\"\" width=\"146\" height=\"146\" \/><\/a>Grasse Matin\u00e9e<\/strong><br \/>\n<em>par La T\u00eate de Mule<\/em><br \/>\n<em> de Ren\u00e9 de Obaldia<\/em><br \/>\n\u201cVita mutatur non tollitur\u201d nous enseigne la liturgie : la vie change mais ne dispara\u00eet pas. L\u2019illustration nous en est donn\u00e9e par Art\u00e9mise et Babeth, deux voisines de cercueil qui devisent famili\u00e8rement entre elles. Leur dialogue s\u2019av\u00e8re extr\u00eamement vif\u2026 Evocation tour \u00e0 tour nostalgique et dr\u00f4le de l\u2019existence pass\u00e9e, avec l\u2019\u00e9vidence tragique que l\u2019on ne peut revenir en arri\u00e8re. A moins que\u2026<br \/>\n<em> 16 janvier 2006<\/em><\/p>\n<p style=\"text-align: justify;\"><strong> <a href=\"http:\/\/www.la-tete-de-mule.fr\/wp-content\/uploads\/2012\/09\/mariadolores.jpg\"><img loading=\"lazy\" decoding=\"async\" class=\"alignleft size-full wp-image-150\" title=\"mariadolores\" src=\"http:\/\/www.la-tete-de-mule.fr\/wp-content\/uploads\/2012\/09\/mariadolores.jpg\" alt=\"\" width=\"146\" height=\"203\" \/><\/a>Maria Dolores y los crucificados<\/strong><br \/>\n<em> par Le Nom du Titre<\/em><br \/>\nMaria Dolores, la biche madril\u00e8ne, revient aux c\u00f4t\u00e9s de ses fid\u00e8les musiciens, afin de dire \u00e0 son public qu\u2019elle ne l\u2019a jamais oubli\u00e9. Ic\u00f4ne du kitch latin dont M. Mastroianni disait :\u201cElle est un flocon de neige sur un toit br\u00fblant\u201d, Maria Dolores, la chanteuse \u00e0 la voix indigo, n\u2019a pas le go\u00fbt des demi-mesures. Aujourd\u2019hui, Maria Dolores \u201cdonne tout Maria Dolores\u201d : les hommes qu\u2019elle a connus, les orgasmes qu\u2019elle n\u2019a pas eus, l\u2019exploit d\u2019\u00eatre une femme en somme.<br \/>\n<em> 20 et 21 janvier 2006<\/em><\/p>\n<p style=\"text-align: justify;\"><strong><a href=\"http:\/\/www.la-tete-de-mule.fr\/wp-content\/uploads\/2012\/09\/abelgordon2.jpg\"><img loading=\"lazy\" decoding=\"async\" class=\"alignleft size-full wp-image-151\" title=\"abelgordon2\" src=\"http:\/\/www.la-tete-de-mule.fr\/wp-content\/uploads\/2012\/09\/abelgordon2.jpg\" alt=\"\" width=\"146\" height=\"106\" \/><\/a>L&rsquo;\u00e9vasion<\/strong><br \/>\n<em> de et par Abel et Gordon<\/em><br \/>\nModeste l\u2019\u00e9ventreur, emprisonn\u00e9 pour avoir tu\u00e9 involontairement un agent de police avec une fourchette, s\u2019\u00e9vade de sa prison le jour de son anniversaire et se retrouve dans l\u2019appartement d\u2019une Marylin de pacotille, Mademoiselle X. C\u2019est le point de d\u00e9part d\u2019une histoire compl\u00e8tement folle, truff\u00e9e d\u2019effets sp\u00e9ciaux, d\u2019une efficacit\u00e9 terrifiante !<br \/>\n<em> 27 et 28 janvier 2006<\/em><\/p>\n<p style=\"text-align: justify;\"><strong><a href=\"http:\/\/www.la-tete-de-mule.fr\/wp-content\/uploads\/2012\/09\/azimuth.jpg\"><img loading=\"lazy\" decoding=\"async\" class=\"alignleft size-full wp-image-152\" title=\"azimuth\" src=\"http:\/\/www.la-tete-de-mule.fr\/wp-content\/uploads\/2012\/09\/azimuth.jpg\" alt=\"\" width=\"146\" height=\"146\" \/><\/a>Ah !<\/strong><br \/>\n<em> de et par Bernard Azimuth<\/em><br \/>\nAH ! [\u2018a] interject\u2013XVIe ; a 1050 ; lat. a (h), onomat. 1 \u2022 Interjection expressive, marquant un sentiment vif. (Plaisir, douleur, \u00e9merveillement, etc). \u201cMon petit orteil contre le pied de lit ! Ah ! Mais que \u00e7a fait mal !\u201d (anonyme). 2 \u2022 Interjection d\u2019insistance, de renforcement. \u201cAh ! Que la vie semble belle quand tout a l\u2019air d\u2019aller tr\u00e8s bien !\u201d (Bernard A). 3 \u2022 (Redoubl\u00e9) Marque la surprise, la perplexit\u00e9. \u201cAh ! Ah ! Que fait ce crocodile brun dans ma salle de bain ?!\u201d (B. Azimuth). 4 \u2022 Titre du nouveau spectacle de Bernard Azimuth, mis en sc\u00e8ne par Patrick Dray.<br \/>\n<em> 3 et 4 f\u00e9vrier 2006<\/em><\/p>\n<p style=\"text-align: justify;\"><strong><a href=\"http:\/\/www.la-tete-de-mule.fr\/wp-content\/uploads\/2012\/09\/lauraherts.jpg\"><img loading=\"lazy\" decoding=\"async\" class=\"alignleft size-full wp-image-153\" title=\"lauraherts\" src=\"http:\/\/www.la-tete-de-mule.fr\/wp-content\/uploads\/2012\/09\/lauraherts.jpg\" alt=\"\" width=\"146\" height=\"204\" \/><\/a>A won woman show<\/strong><br \/>\n<em> de Laura Herts par le Rire Voyageur<\/em><br \/>\nUne nana f\u00eal\u00e9e du paradoxe, qui s\u00e9duit sans en avoir l\u2019air par sa f\u00e9rocit\u00e9, sa tendresse et un humour hors du commun, le tout dans un spectacle visuel et physique, absolument hallucinant !! Laura Herts, avec son personnage de clown-mime tr\u00e8s d\u00e9jant\u00e9, nous r\u00e9v\u00e8le un monde propre \u00e0 elle-m\u00eame, rempli d\u2019observations, et traite avec lucidit\u00e9 d\u2019un \u201cCrazy Man\u2019s World\u201d. Elle nous offre sa vision des injustices sociales \u00e0 un moment o\u00f9 le \u201ccontrecoup\u201d du mouvement des femmes n\u2019a jamais \u00e9t\u00e9 aussi fort. \u201cSois belle et tais-toi !\u201d. \u201cMais, si je ne suis pas belle, qu\u2019est-ce-que je fais ?\u2026 Je gueule !\u201d<br \/>\n<em> 10 et 11 f\u00e9vrier 2006<\/em><\/p>\n<p style=\"text-align: justify;\"><strong><a href=\"http:\/\/www.la-tete-de-mule.fr\/wp-content\/uploads\/2012\/09\/grandsducs1.jpg\"><img loading=\"lazy\" decoding=\"async\" class=\"alignleft size-full wp-image-143\" title=\"grandsducs1\" src=\"http:\/\/www.la-tete-de-mule.fr\/wp-content\/uploads\/2012\/09\/grandsducs1.jpg\" alt=\"\" width=\"146\" height=\"109\" \/><\/a>La tourn\u00e9e des grands ducs<\/strong><br \/>\n<em>de Jean-Jacques Michelet par la T\u00eate de Mule<\/em><br \/>\nLa Bourgogne revisit\u00e9e de fa\u00e7on humoristique ! Tout commence par une conf\u00e9rence-diaporama o\u00f9 Pierre Larousse tente pompeusement de faire revivre les \u00e9l\u00e9ments fondateurs de la r\u00e9gion, de la pr\u00e9histoire \u00e0 nos jours\u2026 C\u2019est sans compter sur la mauvaise volont\u00e9 de sa troupe, moyennement convaincue par l\u2019int\u00e9r\u00eat de ce spectacle en particulier et du travail en g\u00e9n\u00e9ral. \u201cLa Tourn\u00e9e des Grands Ducs\u201d, o\u00f9 l\u2019histoire du premier one man show pour six, coinc\u00e9 entre Pirandello et les Monty Python ! Le dialogue savoureux est servi par une p\u00e9tulante interpr\u00e9tation\u2026 On en rit encore !<br \/>\n<em> 3 et 4 mars 2006<\/em><\/p>\n<p style=\"text-align: justify;\"><strong> <a href=\"http:\/\/www.la-tete-de-mule.fr\/wp-content\/uploads\/2012\/09\/lunanegra.jpg\"><img loading=\"lazy\" decoding=\"async\" class=\"alignleft size-full wp-image-154\" title=\"lunanegra\" src=\"http:\/\/www.la-tete-de-mule.fr\/wp-content\/uploads\/2012\/09\/lunanegra.jpg\" alt=\"\" width=\"146\" height=\"106\" \/><\/a>La luna negra<\/strong><br \/>\n<em> de Remi Boiron par la Compagnie Humaine<\/em><br \/>\nCoiff\u00e9 de mitaines et entour\u00e9 d\u2019un bonnet, Valentin SAITOU vend des colliers artisanaux en coton tremp\u00e9, contre deux sourires et trois poign\u00e9es de main. Pourtant, il n\u2019a pas toujours fait \u00e7a. Alors il \u00e9tait une fois, autrefois. Mari\u00e9, deux enfants. Situation professionnelle stable, un pavillon, une t\u00e9l\u00e9vision 16\/9. Puis un jour\u2026 Il est licenci\u00e9 : plus assez rentable pour les fonds de pension anglo-saxons. Il appelle ses amis : d\u2019autres amis. Il appelle ses ma\u00eetresses : d\u2019autres amants. \u201cMon ch\u00e9ri, je te pr\u00e9sente Andr\u00e9. Il est grand, il est beau, il est fort : il est avocat pour le divorce. Je ne me voyais pas finir mes jours avec toi\u201d. Au bout de la route : une vieille enseigne, aux n\u00e9ons fl\u00e9tris: \u201cLa Luna Negra, Cabaret\u201d. Un vieux propri\u00e9taire, un fils de boche, et une dame de joie fan\u00e9e vont l\u2019accueillir. \u201cPetit\u2026 On ne voit bien qu\u2019avec le coeur\u201d qu\u2019ils lui disent.<br \/>\n10 et 11 mars 2006<\/p>\n<p style=\"text-align: justify;\"><strong><a href=\"http:\/\/www.la-tete-de-mule.fr\/wp-content\/uploads\/2012\/09\/copi.jpg\"><img loading=\"lazy\" decoding=\"async\" class=\"alignleft size-full wp-image-155\" title=\"copi\" src=\"http:\/\/www.la-tete-de-mule.fr\/wp-content\/uploads\/2012\/09\/copi.jpg\" alt=\"\" width=\"146\" height=\"177\" \/><\/a>Une visite inopprtune<\/strong><br \/>\n<em> de Copi par les Brigades Roses<\/em><br \/>\nCyrille \u2013 com\u00e9dien c\u00e9l\u00e8bre \u2013 est atteint du sida. Il attend tranquillement la mort sur son lit d\u2019h\u00f4pital, un dr\u00f4le d\u2019h\u00f4pital o\u00f9 tout va de travers !! Le m\u00e9decin fou, l\u2019infirmi\u00e8re hyst\u00e9rique, la patiente cantatrice dont le cerveau ne fonctionne que lorsqu\u2019elle chante, le journaliste qui n\u2019en est pas un, le vieil ami trop pr\u00e9sent\u2026 Les moments l\u00e9gers et graves alternent, comme le grand guignol et la trag\u00e9die, au milieu d\u2019une action pleine de rebondissements ! Tout est l\u00e0, l\u2019ironie, le rire, la vie en un mot\u2026 Volontaires M\u00e9decins sans Fronti\u00e8res sur des terrains d\u2019interventions humanitaires lointains ou ignor\u00e9s, ils ont d\u00e9cid\u00e9 de cr\u00e9er une compagnie de th\u00e9\u00e2tre afin de poursuivre le combat sous une autre forme. Engag\u00e9s aupr\u00e8s des populations victimes de conflits arm\u00e9s, ils ont choisi un auteur et un texte qui offraient un prolongement \u00e0 leur militantisme. POUR CHAQUE SPECTATEUR, UN EURO SERA REVERS\u00c9 \u00c0 M.S.F.<br \/>\n<em> 17 et 18 mars 2006<\/em><\/p>\n<p style=\"text-align: justify;\"><strong><a href=\"http:\/\/www.la-tete-de-mule.fr\/wp-content\/uploads\/2012\/09\/hugo.jpg\"><img loading=\"lazy\" decoding=\"async\" class=\"alignleft size-full wp-image-141\" title=\"hugo\" src=\"http:\/\/www.la-tete-de-mule.fr\/wp-content\/uploads\/2012\/09\/hugo.jpg\" alt=\"\" width=\"146\" height=\"212\" \/><\/a>Le best off du pire<\/strong><br \/>\n<em> de et par Manuel Pratt<\/em><br \/>\nLe titre du dernier spectacle de l\u2019enfant terrible de la sc\u00e8ne annonce clairement la couleur ; s\u2019il est encore plus caustique, plus virulent que d\u2019habitude, on ne peut en tout cas pas l\u2019accuser de prendre le public en tra\u00eetre. Ses condamnations sont sans appel, sa col\u00e8re explosive et son talent comme son physique : grand et sec ! Mais cet extr\u00e9miste du rire ne se contente pas d\u2019aligner des cibles pour le plaisir, il vise juste, tr\u00e8s juste ! Il nous renvoie en pleine face toutes les hypocrisies de notre soci\u00e9t\u00e9, afin de faire voler en \u00e9clats le \u201cpolitiquement correct\u201d et de bousculer l\u2019actualit\u00e9 \u00e0 coups de pieds de nez\u2026 Un vrai r\u00e9gal pour tous ceux qui ont atteint l\u2019\u00e2ge dr\u00f4le !<br \/>\n<em> 24 et 25 mars 2006<\/em><\/p>\n<p style=\"text-align: justify;\"><strong><a href=\"http:\/\/www.la-tete-de-mule.fr\/wp-content\/uploads\/2012\/09\/guillemin.jpg\"><img loading=\"lazy\" decoding=\"async\" class=\"alignleft size-full wp-image-156\" title=\"guillemin\" src=\"http:\/\/www.la-tete-de-mule.fr\/wp-content\/uploads\/2012\/09\/guillemin.jpg\" alt=\"\" width=\"146\" height=\"103\" \/><\/a>La peau du personnage<\/strong><br \/>\n<em> de Philip Craig par Patrick Guillemin<\/em><br \/>\nVenez vous d\u00e9lecter de l\u2019incroyable histoire d\u2019un fugitif en cavale \u00e9vad\u00e9\u2026 d\u2019un roman de fiction !! D\u2019abord apeur\u00e9, visiblement perdu, le protagoniste parvient \u00e0 d\u00e9voiler peu \u00e0 peu son aventure hallucinante\u2026 Si vous pensez que les personnages ou les intrigues sortent de l\u2019imaginaire des auteurs, les tribulations picaresques de Sador Kransky balaieront vos id\u00e9es re\u00e7ues. Tour \u00e0 tour myst\u00e9rieux, malicieux et tr\u00e8s dr\u00f4le, ce formidable com\u00e9dien n\u2019a qu\u2019un d\u00e9faut : en sa compagnie, le temps passe trop vite !<br \/>\n<em>31 mars et 1er avril 2006<\/em><\/p>\n<p style=\"text-align: justify;\"><strong><a href=\"http:\/\/localhost:8888\/tetedemule\/wp-content\/uploads\/2012\/09\/dau_catella.jpg\"><img loading=\"lazy\" decoding=\"async\" title=\"dau_catella\" src=\"http:\/\/localhost:8888\/tetedemule\/wp-content\/uploads\/2012\/09\/dau_catella.jpg\" alt=\"\" width=\"146\" height=\"175\" \/><\/a>Dau et Catella, et non pas le contraire !<\/strong><br \/>\n<em> de et par Dau et Catella<\/em><br \/>\nDau et Catella nous entra\u00eenent \u00e0 nouveau dans l\u2019univers de l\u2019absurde qu\u2019ils affectionnent particuli\u00e8rement ! Absurde des situations, des dialogues, mais aussi absurde de la construction th\u00e9\u00e2trale ! Autant d\u2019\u00e9l\u00e9ments qui font que le spectateur pense comprendre ce qui se passe, alors que \u00e7a n\u2019est jamais arriv\u00e9 et que \u00e7a n\u2019arrivera s\u00fbrement jamais ! Autant d\u2019\u00e9l\u00e9ments qui font que le spectateur rit de ce qui va arriver et non de ce qui arrive, qu\u2019il suit une situation qui n\u2019est pas une vraie situation et qui ne le deviendra que lorsque le public pensera qu\u2019en fait : \u00e7a n\u2019en \u00e9tait pas une ! Tout le monde se ballade, m\u00eame les deux com\u00e9diens sur sc\u00e8ne qui donnent l\u2019impression de ne pas g\u00e9rer totalement le chemin que prend le spectacle, sauf qu\u2019on se rend compte tr\u00e8s vite qu\u2019ils nous font aller exactement l\u00e0 o\u00f9 ils l\u2019ont d\u00e9cid\u00e9 ! Tout ceci dans un seul but avou\u00e9 : s\u2019amuser !<br \/>\n<em> 7 et 8 avril 2006<\/em><\/p>\n","protected":false},"excerpt":{"rendered":"<p>Grasse Matin\u00e9e par La T\u00eate de Mule de Ren\u00e9 de Obaldia \u201cVita mutatur non tollitur\u201d nous enseigne la liturgie : la vie change mais ne dispara\u00eet pas. L\u2019illustration nous en est donn\u00e9e par Art\u00e9mise et Babeth, deux voisines de cercueil qui devisent famili\u00e8rement entre elles. Leur dialogue s\u2019av\u00e8re extr\u00eamement vif\u2026 Evocation tour \u00e0 tour nostalgique et dr\u00f4le de l\u2019existence pass\u00e9e, avec l\u2019\u00e9vidence tragique que l\u2019on ne peut revenir en arri\u00e8re. A moins que\u2026 16 janvier 2006 Maria Dolores y los&#8230;<\/p>\n<p class=\"read-more\"><a class=\"btn btn-default\" href=\"https:\/\/www.la-tete-de-mule.fr\/?page_id=82\">Lire la suite<span class=\"screen-reader-text\"> Lire la suite<\/span><\/a><\/p>\n","protected":false},"author":5,"featured_media":0,"parent":77,"menu_order":0,"comment_status":"closed","ping_status":"open","template":"","meta":{"footnotes":""},"class_list":["post-82","page","type-page","status-publish","hentry"],"_links":{"self":[{"href":"https:\/\/www.la-tete-de-mule.fr\/index.php?rest_route=\/wp\/v2\/pages\/82","targetHints":{"allow":["GET"]}}],"collection":[{"href":"https:\/\/www.la-tete-de-mule.fr\/index.php?rest_route=\/wp\/v2\/pages"}],"about":[{"href":"https:\/\/www.la-tete-de-mule.fr\/index.php?rest_route=\/wp\/v2\/types\/page"}],"author":[{"embeddable":true,"href":"https:\/\/www.la-tete-de-mule.fr\/index.php?rest_route=\/wp\/v2\/users\/5"}],"replies":[{"embeddable":true,"href":"https:\/\/www.la-tete-de-mule.fr\/index.php?rest_route=%2Fwp%2Fv2%2Fcomments&post=82"}],"version-history":[{"count":11,"href":"https:\/\/www.la-tete-de-mule.fr\/index.php?rest_route=\/wp\/v2\/pages\/82\/revisions"}],"predecessor-version":[{"id":125,"href":"https:\/\/www.la-tete-de-mule.fr\/index.php?rest_route=\/wp\/v2\/pages\/82\/revisions\/125"}],"up":[{"embeddable":true,"href":"https:\/\/www.la-tete-de-mule.fr\/index.php?rest_route=\/wp\/v2\/pages\/77"}],"wp:attachment":[{"href":"https:\/\/www.la-tete-de-mule.fr\/index.php?rest_route=%2Fwp%2Fv2%2Fmedia&parent=82"}],"curies":[{"name":"wp","href":"https:\/\/api.w.org\/{rel}","templated":true}]}}