{"id":84,"date":"2012-09-04T07:15:55","date_gmt":"2012-09-04T06:15:55","guid":{"rendered":"http:\/\/localhost:8888\/tetedemule\/?page_id=84"},"modified":"2012-11-01T20:55:03","modified_gmt":"2012-11-01T19:55:03","slug":"edition-2007","status":"publish","type":"page","link":"https:\/\/www.la-tete-de-mule.fr\/?page_id=84","title":{"rendered":"\u00c9dition 2007"},"content":{"rendered":"<p style=\"text-align: justify;\"><strong><a href=\"http:\/\/www.la-tete-de-mule.fr\/wp-content\/uploads\/2012\/09\/brothers.jpg\"><img loading=\"lazy\" decoding=\"async\" class=\"alignleft size-full wp-image-167\" title=\"brothers\" src=\"http:\/\/www.la-tete-de-mule.fr\/wp-content\/uploads\/2012\/09\/brothers.jpg\" alt=\"\" width=\"146\" height=\"146\" \/><\/a>J\u2019suis bien<\/strong><br \/>\n<em> de et par Les Fr\u00e8res Brothers (Bordeaux)<\/em><br \/>\nLes quatre Fr\u00e8res Brothers montrent l\u00e0 tout leur talent sc\u00e9nique et vocal, au fil d\u2019un spectacle compos\u00e9 de chansons issues de leur r\u00e9pertoire d\u00e9jant\u00e9, mais aussi d\u2019oeuvres de \u00abgrands \u00bbrevisit\u00e9es avec l\u2019humour et l\u2019esprit qui les caract\u00e9risent. Proximit\u00e9 avec le public, complicit\u00e9s diverses, brocardages et rires sont plus que jamais pr\u00e9sents ! Un grand moment de chant, un beau spectacle de rire, une bouff\u00e9e d\u2019air et de folie qui remplit les salles d\u2019un public ravi de les voir franchir ainsi le mur du son !<br \/>\n<em> 26 et 27 janvier 2007<\/em><\/p>\n<p style=\"text-align: justify;\"><strong><a href=\"http:\/\/www.la-tete-de-mule.fr\/wp-content\/uploads\/2012\/09\/dandin.jpg\"><img loading=\"lazy\" decoding=\"async\" class=\"alignleft size-full wp-image-168\" title=\"dandin\" src=\"http:\/\/www.la-tete-de-mule.fr\/wp-content\/uploads\/2012\/09\/dandin.jpg\" alt=\"\" width=\"146\" height=\"146\" \/><\/a>George Dandin<\/strong><br \/>\n<em> de Moli\u00e8re par La Sarbacane Th\u00e9\u00e2tre (Pontarlier)<\/em><br \/>\nComment jouer Moli\u00e8re au 21e si\u00e8cle sans tomber dans le d\u00e9j\u00e0 vu ? Une mise en sc\u00e8ne d\u00e9cal\u00e9e permet de donner au texte une nouvelle dimension. Un George Dandin dans l\u2019esprit du cartoon, truff\u00e9 de chausse-trapes, de poursuites et de caricatures. Afin d\u2019amplifier encore la notion de d\u00e9calage, les costumes rappellent les athl\u00e8tes des ann\u00e9es 1930, mettant en \u00e9vidence le c\u00f4t\u00e9 comp\u00e9tition de cette pi\u00e8ce ; George Dandin endosse la tenue de coureur \u00e0 pied, Ang\u00e9lique celle d\u2019une joueuse de tennis, Claudine est sa ramasseuse de balles, Clitandre s\u2019escrime et les \u00e9poux Sotenville sont golfeurs de haut niveau !<br \/>\n<em> 02 et 03 f\u00e9vrier 2007<\/em><\/p>\n<p style=\"text-align: justify;\"><strong><a href=\"http:\/\/www.la-tete-de-mule.fr\/wp-content\/uploads\/2012\/09\/biscuitsroses.jpg\"><img loading=\"lazy\" decoding=\"async\" class=\"alignleft size-full wp-image-169\" title=\"biscuitsroses\" src=\"http:\/\/www.la-tete-de-mule.fr\/wp-content\/uploads\/2012\/09\/biscuitsroses.jpg\" alt=\"\" width=\"146\" height=\"146\" \/><\/a>Les Biscuits Roses<\/strong><br \/>\n<em> de Franz Bartelt par La Compagnie La Strada (Troyes)<\/em><br \/>\nUne succession de croquis, d\u2019esquisses, d\u2019humeurs, de sc\u00e8nes de la vie ordinaire \u00e0 l\u2019instar de ses romans, dans un registre tour \u00e0 tour goguenard, tendre, loufoque ou cruel. Les pi\u00e8ces de Bartelt trimballent des ombres \u00e9tonn\u00e9es de vivre et r\u00e9sonnent de ce vide existentiel qui parfois apporte \u00e0 l\u2019ordinaire la saveur du sublime ! \u00ab Dans un pot de yaourt \u00e0 100%, tu as 100% de yaourt. Rien de plus. Alors que dans un pot \u00e0 0%, tu as 100% de yaourt plus 0% de mati\u00e8re grasse. Je suis adepte du 0%. C\u2019est une mani\u00e8re de communier avec le vide cosmique. \u00bb<br \/>\n<em> 09 et 10 f\u00e9vrier 2007<\/em><\/p>\n<p style=\"text-align: justify;\"><strong><a href=\"http:\/\/www.la-tete-de-mule.fr\/wp-content\/uploads\/2012\/09\/macbett201111.jpg\"><img loading=\"lazy\" decoding=\"async\" class=\"alignleft  wp-image-170\" title=\"macbett20111\" src=\"http:\/\/www.la-tete-de-mule.fr\/wp-content\/uploads\/2012\/09\/macbett201111.jpg\" alt=\"\" width=\"170\" height=\"114\" \/><\/a>Macbett<\/strong><br \/>\n<em> d\u2019Eug\u00e8ne Ionesco par La T\u00eate de Mule (Dijon)<\/em><br \/>\nPi\u00e8ce peu connue du r\u00e9pertoire contemporain, insolite et jubilatoire, elle bouleverse et transcende les fronti\u00e8res bien \u00e9tablies entre les diff\u00e9rents genres th\u00e9\u00e2traux. Au souffle shakespearien, Ionesco ajoute l\u2019humour et la loufoquerie car jouer avec les mots ou les situations d\u00e9cal\u00e9es est pour lui une d\u00e9livrance, le seul moyen de d\u00e9dramatiser notre sombre condition\u2026 \u00ab La plus noire et la plus dr\u00f4le des pi\u00e8ces du ma\u00eetre de l\u2019absurde \u00bb disait en une La Nouvelle Revue Fran\u00e7aise<br \/>\n<em> 16 et 17 f\u00e9vrier 2007<\/em><\/p>\n<p style=\"text-align: justify;\"><strong><a href=\"http:\/\/www.la-tete-de-mule.fr\/wp-content\/uploads\/2012\/09\/cottet-moine.jpg\"><img loading=\"lazy\" decoding=\"async\" class=\"alignleft size-full wp-image-171\" title=\"cottet-moine\" src=\"http:\/\/www.la-tete-de-mule.fr\/wp-content\/uploads\/2012\/09\/cottet-moine.jpg\" alt=\"\" width=\"146\" height=\"146\" \/><\/a>Patrik Cottet Moine<\/strong><br \/>\nde et par Patrik Cottet Moine (Paris)<br \/>\nSans un mot, par des gestes d\u2019une pr\u00e9cision de chirurgien, ses expressions impayables et ses bruitages hallucinants, ce m\u00e9lange d\u00e9tonnant de Buster Keaton et de Jacques Tati fait vivre des personnages plus vrais que nature dans des situations cocasses. D\u00e9filent entre autres le p\u00eacheur aux prises avec un poisson r\u00e9calcitrant, Zorro emp\u00eatr\u00e9 dans sa cape, un groupe de rock caricatural ou une championne de tennis \u00e9liminant ses adversaires \u00e0 la Kalachnikov\u2026 C\u2019est fin, inventif, parfois po\u00e9tique et \u00e9videmment extr\u00eamement dr\u00f4le !<br \/>\n<em> 23 et 24 f\u00e9vrier 2007<\/em><\/p>\n<p style=\"text-align: justify;\"><strong> <a href=\"http:\/\/www.la-tete-de-mule.fr\/wp-content\/uploads\/2012\/09\/Chasseloup.jpg\"><img loading=\"lazy\" decoding=\"async\" class=\"alignleft size-full wp-image-172\" title=\"Chasseloup\" src=\"http:\/\/www.la-tete-de-mule.fr\/wp-content\/uploads\/2012\/09\/Chasseloup.jpg\" alt=\"\" width=\"146\" height=\"146\" \/><\/a>Chasseloup\u2026en plein concert !<\/strong><br \/>\nde et par Philippe Chasseloup (Nantes)<br \/>\nChasseloup est un chanteur qui s\u2019accompagne \u00e0 la guitare comme Georges Brassens, Kurt Cobain ou S\u0153ur Sourire. Toutes les paroles des chansons sont prononc\u00e9es par la bouche tandis qui simultan\u00e9ment, les deux mains pratiquent la guitare. Le r\u00f4le de chaque main est d\u2019offrir une terminaison \u00e9l\u00e9gante et ludique \u00e0 chacun des bras. Les influences du chanteur Chasseloup sont tr\u00e8s diverses sans toutefois aller jusqu\u2019\u00e0 Michel Sardou\u2026<br \/>\n<em> 16 et 17 mars 2007<\/em><\/p>\n<p style=\"text-align: justify;\"><strong><a href=\"http:\/\/www.la-tete-de-mule.fr\/wp-content\/uploads\/2012\/09\/mano.jpg\"><img loading=\"lazy\" decoding=\"async\" class=\"alignleft size-full wp-image-173\" title=\"mano\" src=\"http:\/\/www.la-tete-de-mule.fr\/wp-content\/uploads\/2012\/09\/mano.jpg\" alt=\"\" width=\"146\" height=\"146\" \/><\/a>Mano a mano<\/strong><br \/>\nde et par Le Th\u00e9\u00e2tre du Chapeau (Bordeaux)<br \/>\nGaston Lacouture et P\u00e9n\u00e9lope Berthier vous embarquent dans leur univers onirique et d\u00e9cal\u00e9. Un dentiste infernal, un tango argentin, un concours d\u2019avions loufoque, autant de pr\u00e9textes pour se mettre dans tous leurs \u00e9tats. Des personnages attachants, entiers, sans complaisance et terriblement dr\u00f4les. A recommander aux plus moroses ! Dans le courant des nouveaux clowns, ce spectacle est au somment de la vague : brillantissime !<br \/>\n<em> 23 et 24 mars 2007<\/em><\/p>\n<p style=\"text-align: justify;\"><strong><a href=\"http:\/\/www.la-tete-de-mule.fr\/wp-content\/uploads\/2012\/09\/eve.jpg\"><img loading=\"lazy\" decoding=\"async\" class=\"alignleft size-full wp-image-174\" title=\"eve\" src=\"http:\/\/www.la-tete-de-mule.fr\/wp-content\/uploads\/2012\/09\/eve.jpg\" alt=\"\" width=\"146\" height=\"146\" \/><\/a>Eve et les 7 p\u00e9ch\u00e9s capitaux<\/strong><br \/>\n<em> de Bruno George par La Compagnie Marc Galabru (Valras)<\/em><br \/>\nLibrement inspir\u00e9e par l\u2019\u00e9pisode biblique d\u2019Adam et Eve, Corinne Tissier croque avec un humour gourmand les tentations auquelles le couple succombe, encha\u00eenant les mots crus, les calembours adroits et les clins d\u2019\u0153il subtils. Seule en sc\u00e8ne, la com\u00e9dienne live une interpr\u00e9tation aussi personnelle qu\u2019hilarante des 7 p\u00e9ch\u00e9s capitaux\u2026 Dans la plus pure tradition du caf\u00e9-th\u00e9\u00e2tre, cette fable dr\u00f4le et grin\u00e7ante \u00e9voque les d\u00e9boires de la vie conjugale, racont\u00e9s au d\u00e9bott\u00e9 par la premi\u00e8re des femmes !<br \/>\n<em> 30 et 31 mars 2007<\/em><\/p>\n<p style=\"text-align: justify;\"><strong><a href=\"http:\/\/www.la-tete-de-mule.fr\/wp-content\/uploads\/2012\/09\/capitainesurarlequin2.jpg\"><img loading=\"lazy\" decoding=\"async\" class=\"alignleft size-full wp-image-202\" title=\"capitainesurarlequin2\" src=\"http:\/\/www.la-tete-de-mule.fr\/wp-content\/uploads\/2012\/09\/capitainesurarlequin2.jpg\" alt=\"\" width=\"146\" height=\"146\" \/><\/a>Primadonna<\/strong><br \/>\n<em> de Dimma Vezzani par Le Th\u00e9\u00e2tre de l\u2019Eucalyptus (Cavalaire)<\/em><br \/>\nTrois femmes, trois histoires, trois parcours se m\u00ealent pour raconter en filigrane l\u2019histoire des premi\u00e8res com\u00e9diennes, celles qui ont donn\u00e9 une dignit\u00e9 \u00e0 ce m\u00e9tier ! Elles jouent, chantent, se livrent, se laissent prendre par le plaisir de la com\u00e9die, de la transformation, de la pirouette jusqu\u2019\u00e0 ce que le masque reprenne sa dimension\u2026 Ce n\u2019est plus alors que de la COMMEDIA DEL\u2019ARTE.<br \/>\n<em> 06 et 07 avril 2007<\/em><\/p>\n<p style=\"text-align: justify;\"><strong><a href=\"http:\/\/www.la-tete-de-mule.fr\/wp-content\/uploads\/2012\/09\/123sol.jpg\"><img loading=\"lazy\" decoding=\"async\" class=\"alignleft size-full wp-image-176\" title=\"123sol\" src=\"http:\/\/www.la-tete-de-mule.fr\/wp-content\/uploads\/2012\/09\/123sol.jpg\" alt=\"\" width=\"146\" height=\"146\" \/><\/a>Au fond, c\u2019est pas si grave<\/strong><br \/>\n<em>de Xavier Durringer, Dominique Chevaucher et B\u00e9n\u00e9dicte Lafond par La Compagnie Un Deux Trois Soleil (Pau)<\/em><br \/>\nDeux univers se croisent et se superposent : celui de Xavier Durringer, o\u00f9 les femmes disent leur solitude, leur incompr\u00e9hension avec des accents de r\u00e9volte, des larmes mais aussi avec tendresse et humour ! Et celui des deux com\u00e9diennes, qui ont b\u00e2ti des portraits hauts en couleur \u00e0 partir d\u2019un travail de recherche sur l\u2019univers de la bande dessin\u00e9e et de la presse f\u00e9minine. Elles sont \u00ab une \u00bb et toutes \u00e0 la fois, nous confiant leurs maux, grands et petits\u2026 Dr\u00f4le et tr\u00e8s \u00e9mouvant !<br \/>\n<em> 13 et 14 avril 2007<\/em><\/p>\n","protected":false},"excerpt":{"rendered":"<p>J\u2019suis bien de et par Les Fr\u00e8res Brothers (Bordeaux) Les quatre Fr\u00e8res Brothers montrent l\u00e0 tout leur talent sc\u00e9nique et vocal, au fil d\u2019un spectacle compos\u00e9 de chansons issues de leur r\u00e9pertoire d\u00e9jant\u00e9, mais aussi d\u2019oeuvres de \u00abgrands \u00bbrevisit\u00e9es avec l\u2019humour et l\u2019esprit qui les caract\u00e9risent. Proximit\u00e9 avec le public, complicit\u00e9s diverses, brocardages et rires sont plus que jamais pr\u00e9sents ! Un grand moment de chant, un beau spectacle de rire, une bouff\u00e9e d\u2019air et de folie qui remplit les&#8230;<\/p>\n<p class=\"read-more\"><a class=\"btn btn-default\" href=\"https:\/\/www.la-tete-de-mule.fr\/?page_id=84\">Lire la suite<span class=\"screen-reader-text\"> Lire la suite<\/span><\/a><\/p>\n","protected":false},"author":5,"featured_media":0,"parent":77,"menu_order":0,"comment_status":"closed","ping_status":"open","template":"","meta":{"footnotes":""},"class_list":["post-84","page","type-page","status-publish","hentry"],"_links":{"self":[{"href":"https:\/\/www.la-tete-de-mule.fr\/index.php?rest_route=\/wp\/v2\/pages\/84","targetHints":{"allow":["GET"]}}],"collection":[{"href":"https:\/\/www.la-tete-de-mule.fr\/index.php?rest_route=\/wp\/v2\/pages"}],"about":[{"href":"https:\/\/www.la-tete-de-mule.fr\/index.php?rest_route=\/wp\/v2\/types\/page"}],"author":[{"embeddable":true,"href":"https:\/\/www.la-tete-de-mule.fr\/index.php?rest_route=\/wp\/v2\/users\/5"}],"replies":[{"embeddable":true,"href":"https:\/\/www.la-tete-de-mule.fr\/index.php?rest_route=%2Fwp%2Fv2%2Fcomments&post=84"}],"version-history":[{"count":12,"href":"https:\/\/www.la-tete-de-mule.fr\/index.php?rest_route=\/wp\/v2\/pages\/84\/revisions"}],"predecessor-version":[{"id":127,"href":"https:\/\/www.la-tete-de-mule.fr\/index.php?rest_route=\/wp\/v2\/pages\/84\/revisions\/127"}],"up":[{"embeddable":true,"href":"https:\/\/www.la-tete-de-mule.fr\/index.php?rest_route=\/wp\/v2\/pages\/77"}],"wp:attachment":[{"href":"https:\/\/www.la-tete-de-mule.fr\/index.php?rest_route=%2Fwp%2Fv2%2Fmedia&parent=84"}],"curies":[{"name":"wp","href":"https:\/\/api.w.org\/{rel}","templated":true}]}}