{"id":86,"date":"2012-09-04T07:16:18","date_gmt":"2012-09-04T06:16:18","guid":{"rendered":"http:\/\/localhost:8888\/tetedemule\/?page_id=86"},"modified":"2012-11-02T11:22:06","modified_gmt":"2012-11-02T10:22:06","slug":"edition-2008","status":"publish","type":"page","link":"https:\/\/www.la-tete-de-mule.fr\/?page_id=86","title":{"rendered":"\u00c9dition 2008"},"content":{"rendered":"<p style=\"text-align: justify;\"><strong><a href=\"http:\/\/www.la-tete-de-mule.fr\/wp-content\/uploads\/2012\/09\/poules.jpg\"><img loading=\"lazy\" decoding=\"async\" class=\"alignleft size-full wp-image-184\" title=\"poules\" src=\"http:\/\/www.la-tete-de-mule.fr\/wp-content\/uploads\/2012\/09\/poules.jpg\" alt=\"\" width=\"146\" height=\"146\" \/><\/a>La danse des poules<\/strong><br \/>\n<em> de et par Abel et Gordon<\/em><br \/>\nPour ouvrir en fanfare cette 20e \u00e9dition, Abel et Gordon reviennent dans La Fontaine du Rire avec le spectacle qui forgea leur l\u00e9gende&#8230; Jouant sur le ridicule et les maladresses des personnages, ils n\u2019en font pas moins preuve d\u2019une ma\u00eetrise absolument remarquable dans tous les registres d\u2019expression ! Ce qui fait qu\u2019il \u00e9mane de ce spectacle une douce folie po\u00e9tique et un charme \u00e9trange, tendre et burlesque \u00e0 la fois.<br \/>\n<em> 18 et 19 janvier 2008<\/em><\/p>\n<p style=\"text-align: justify;\"><strong><a href=\"http:\/\/www.la-tete-de-mule.fr\/wp-content\/uploads\/2012\/09\/gautfour.jpg\"><img loading=\"lazy\" decoding=\"async\" class=\"alignleft size-full wp-image-185\" title=\"gautfour\" src=\"http:\/\/www.la-tete-de-mule.fr\/wp-content\/uploads\/2012\/09\/gautfour.jpg\" alt=\"\" width=\"146\" height=\"146\" \/><\/a>Le secret du temps pli\u00e9<\/strong><br \/>\n<em> de Gauthier Fourcade<\/em><br \/>\n\u00a0\u00bb Un homme, dont la femme tarde \u00e0 rentrer, regarde passer le temps. C\u2019est une activit\u00e9 de chaque instant, exclusive, car d\u00e8s qu\u2019on se divertit, on ne voit plus le temps passer ! De cette longue observation, il tire une th\u00e9orie abracadabrantesque sur le temps et nous livre ses secrets les plus insolites. Par o\u00f9 passe le temps, dans quel sens, pourquoi la nuit tombe-t-elle ? Toutes ces affirmations sont \u00e9tay\u00e9es par la logique implacable des jeux de mots. Ce faisant, emport\u00e9 par son discours, il s\u2019\u00e9loigne de la vraie question : pourquoi sa femme ne rentre-t-elle pas ? \u00a0\u00bb<br \/>\n<em> 25 et 26 janvier 2008<\/em><\/p>\n<p style=\"text-align: justify;\"><strong><a href=\"http:\/\/www.la-tete-de-mule.fr\/wp-content\/uploads\/2012\/09\/courtes.jpg\"><img loading=\"lazy\" decoding=\"async\" class=\"alignleft size-full wp-image-186\" title=\"courtes\" src=\"http:\/\/www.la-tete-de-mule.fr\/wp-content\/uploads\/2012\/09\/courtes.jpg\" alt=\"\" width=\"146\" height=\"146\" \/><\/a>Courtes<\/strong><br \/>\n<em> La compagnie du Midi<\/em><br \/>\nCOURTES r\u00e9unit six pi\u00e8ces interpr\u00e9t\u00e9es par deux hommes et une femme, six sayn\u00e8tes extraites de \u00ab Les courtes \u00bb et \u00ab Sortie de Th\u00e9\u00e2tre \u00bb de Jean-Claude GRUMBERG, l\u2019auteur tragique le plus dr\u00f4le de sa g\u00e9n\u00e9ration. Ces histoires br\u00e8ves et rythm\u00e9es mettent en sc\u00e8ne des hommes et des femmes, confin\u00e9s dans un monde standardis\u00e9 et m\u00e9canis\u00e9 \u00e0 l\u2019extr\u00eame qui refusent la diff\u00e9rence. Ces textes, d\u2019une quotidiennet\u00e9 touchante, d\u00e9noncent par le biais de l\u2019humour la x\u00e9nophobie et la discrimination sous toutes ses formes.<br \/>\n<em> 01 et 02 f\u00e9vrier 2008<\/em><\/p>\n<p style=\"text-align: justify;\"><strong><a href=\"http:\/\/www.la-tete-de-mule.fr\/wp-content\/uploads\/2012\/09\/devalsgaudin.jpg\"><img loading=\"lazy\" decoding=\"async\" class=\"alignleft size-full wp-image-187\" title=\"devalsgaudin\" src=\"http:\/\/www.la-tete-de-mule.fr\/wp-content\/uploads\/2012\/09\/devalsgaudin.jpg\" alt=\"\" width=\"146\" height=\"146\" \/><\/a>Devals et Gaudin<\/strong><br \/>\n<em> Humoristes depuis 1873<\/em><br \/>\nC\u2019est nouveau, un poil trash et totalement irr\u00e9sistible ! Asseyez-vous, prenez une bonne dose de 36\u00e8me degr\u00e9 et laissez-vous aller\u2026 Devals &amp; Gaudin feront le reste ! Depuis qu\u2019ils ont d\u00e9boul\u00e9 \u00e0 cent \u00e0 l\u2019heure au beau milieu de la sc\u00e8ne du rire, Devals &amp; Gaudin ont fait le tour des plateaux d\u2019humour parisiens et ont remport\u00e9 une ribambelle de prix dans les festivals de France et d\u2019ailleurs. Consacr\u00e9s R\u00e9v\u00e9lations 2004 du festival Juste pour Rire de Montr\u00e9al, on les a vus aussi pendant 2 ans sur Canal + dans le Vrai Journal de Karl Z\u00e9ro. Un conseil d\u2019ami : tenons \u00e0 l\u2019oeil ces deux d\u00e9capants lascars !<br \/>\n<em> 8 et 9 f\u00e9vrier 2008<\/em><\/p>\n<p style=\"text-align: justify;\"><strong><a href=\"http:\/\/www.la-tete-de-mule.fr\/wp-content\/uploads\/2012\/09\/grassemat2.jpg\"><img loading=\"lazy\" decoding=\"async\" class=\"alignleft size-full wp-image-188\" title=\"grassemat\" src=\"http:\/\/www.la-tete-de-mule.fr\/wp-content\/uploads\/2012\/09\/grassemat2.jpg\" alt=\"\" width=\"146\" height=\"146\" \/><\/a>Grasse matin\u00e9e<\/strong><br \/>\n<em> de Ren\u00e9 de Obaldia par La T\u00eate de Mule<\/em><br \/>\n\u201cVita mutatur non tollitur\u201d nous enseigne la liturgie : la vie change mais ne dispara\u00eet pas. L\u2019illustration nous en est donn\u00e9 par Art\u00e9mise et Babeth, deux voisines de cercueil qui devisent famili\u00e8rement entre elles. Leur dialogue s\u2019av\u00e8re extr\u00eamement vif&#8230; Evocation tour \u00e0 tour nostalgique et dr\u00f4le de l\u2019existence pass\u00e9e, avec l\u2019\u00e9vidence tragique que l\u2019on ne peut revenir en arri\u00e8re. A moins que&#8230; N&rsquo;ont-elles rien d&rsquo;autre \u00e0 faire que tuer le temps?<br \/>\n<em> 29 f\u00e9vrier et 1er mars 2008<\/em><\/p>\n<p style=\"text-align: justify;\"><strong> <a href=\"http:\/\/www.la-tete-de-mule.fr\/wp-content\/uploads\/2012\/09\/grossepression.jpg\"><img loading=\"lazy\" decoding=\"async\" class=\"alignleft size-full wp-image-189\" title=\"grossepression\" src=\"http:\/\/www.la-tete-de-mule.fr\/wp-content\/uploads\/2012\/09\/grossepression.jpg\" alt=\"\" width=\"146\" height=\"146\" \/><\/a>Grosse pression<\/strong><br \/>\n<em> La compagnie les Fr\u00e8res Duchoc<\/em><br \/>\n\u00ab\u00a0Grosse Pression\u00a0\u00bb est une succession de num\u00e9ros ex\u00e9cut\u00e9s par un duo loufoque qui pourrait se situer entre Stomp et Laurel &amp; Hardy revisit\u00e9s. Les Fr\u00e8res Duchoc se r\u00e9v\u00e8lent aussi \u00eatre des percussionnistes cr\u00e9atifs. M\u00ealant leurs voix aux rythmes de leurs instruments, ils nous font d\u00e9couvrir des compositions teint\u00e9es d&rsquo;afro-cubain, de hip-hop, de beat africain ou de techno : des simples triangles aux chaises frapp\u00e9es, en passant par les congas \u00e0 4 mains et leurs fameux Duchophones. Ces planchers rythmiques uniques (con\u00e7us par les auteurs eux-m\u00eames !) sont munis de capteurs \u00e9lectroniques et d\u00e9clenchent de multiples sons venus d&rsquo;ailleurs. Un spectacle d\u00e9bordant d&rsquo;\u00e9nergie et impr\u00e9visible, \u00e0 ne pas manquer !<br \/>\n<em> 7 et 8 mars 2008<\/em><\/p>\n<p style=\"text-align: justify;\"><strong><a href=\"http:\/\/www.la-tete-de-mule.fr\/wp-content\/uploads\/2012\/09\/fantaisie.jpg\"><img loading=\"lazy\" decoding=\"async\" class=\"alignleft size-full wp-image-190\" title=\"fantaisie\" src=\"http:\/\/www.la-tete-de-mule.fr\/wp-content\/uploads\/2012\/09\/fantaisie.jpg\" alt=\"\" width=\"146\" height=\"146\" \/><\/a>Fantaisies<\/strong><br \/>\n<em> La compagnie des Contes<\/em><br \/>\nHistoires \u00e9blouissantes qui jaillissent des contes traditionnels du monde entier\u2026 du merveilleux au croquignolesque savant \u2026 en passant par les l\u00e9gendes urbaines les plus cocasses ! Libert\u00e9 d\u00e9coiffante. Percutante la Parole Conteuse ? \u00c9coutez pour voir ! Ce que raconte ce trio est d\u00e9raisonnable. C\u2019est beau comme un rayon de soleil dans la gueule d\u2019un crocodile fumant tranquillement sa pipe\u2026<br \/>\n<em> 14 et 15 mars 2008<\/em><\/p>\n<p style=\"text-align: justify;\"><strong><a href=\"http:\/\/www.la-tete-de-mule.fr\/wp-content\/uploads\/2012\/09\/GGcoul.jpg\"><img loading=\"lazy\" decoding=\"async\" class=\"alignleft size-full wp-image-191\" title=\"GGcoul\" src=\"http:\/\/www.la-tete-de-mule.fr\/wp-content\/uploads\/2012\/09\/GGcoul.jpg\" alt=\"\" width=\"146\" height=\"146\" \/><\/a>Grandchamps et Grollier<\/strong><br \/>\n<em> La compagnie \u00e0 l\u2019envers<\/em><br \/>\nUn genre de com\u00e9die humaine Jean-Louis Grandchamps a pris l\u2019habitude de chanter dans les anniversaires et les bals de mariage. Il propose \u00e0 son cousin Th\u00e9odore Grollier, grand amateur de guitare, de monter un vrai spectacle. Encourag\u00e9s par leur entourage, ils se lancent sur les planches. Malheureusement, les deux cousins ne peuvent s\u2019emp\u00eacher de d\u00e9baller leur histoire de famille&#8230;<br \/>\n<em> 21 et 22 mars 2008<\/em><\/p>\n<p style=\"text-align: justify;\"><strong><a href=\"http:\/\/www.la-tete-de-mule.fr\/wp-content\/uploads\/2012\/09\/trinidad08.jpg\"><img loading=\"lazy\" decoding=\"async\" class=\"alignleft size-full wp-image-192\" title=\"trinidad08\" src=\"http:\/\/www.la-tete-de-mule.fr\/wp-content\/uploads\/2012\/09\/trinidad08.jpg\" alt=\"\" width=\"146\" height=\"146\" \/><\/a>Trinidad<\/strong><br \/>\nEntre humour d\u00e9capant et \u00e9motion, Trinidad aborde le th\u00e8me du secret de famille et de la transmission familiale. Comment r\u00e9ussir sa vie quand on porte le poids de l&rsquo;histoire de sa famille ? On la suit dans ce combat pour devenir elle-m\u00eame, de sa naissance \u00e0 l\u2019\u00e2ge adulte. Les personnages d\u00e9filent, sa m\u00e8re espagnole baptis\u00e9e \u00e0 l\u2019eau de javel, la grand-m\u00e8re initiatrice trois fois mari\u00e9e, trois fois veuve, le Redford de banlieue, jusqu\u2019au ma\u00eetre acupuncteur chinois \u00e9sot\u00e9rique qui saura l\u2019aider \u00e0 d\u00e9nouer le pass\u00e9. Un spectacle original et personnel.<br \/>\n<em> 28 et 29 mars 2008<\/em><\/p>\n<p style=\"text-align: justify;\"><strong><a href=\"http:\/\/www.la-tete-de-mule.fr\/wp-content\/uploads\/2012\/09\/brothers2008.jpg\"><img loading=\"lazy\" decoding=\"async\" class=\"alignleft size-full wp-image-193\" title=\"brothers2008\" src=\"http:\/\/www.la-tete-de-mule.fr\/wp-content\/uploads\/2012\/09\/brothers2008.jpg\" alt=\"\" width=\"146\" height=\"146\" \/><\/a>J\u2019suis bien<\/strong><br \/>\n<em> de et par Les Fr\u00e8res Brothers<\/em><br \/>\nLes quatre Fr\u00e8res Brothers montrent l\u00e0 tout leur talent sc\u00e9nique et vocal, au fil d\u2019un spectacle compos\u00e9 de chansons issues de leur r\u00e9pertoire d\u00e9jant\u00e9, mais aussi d\u2019oeuvres de \u00abgrands \u00bb revisit\u00e9es avec l\u2019humour et l\u2019esprit qui les caract\u00e9risent. Proximit\u00e9 avec le public, complicit\u00e9s diverses, brocardages et rires sont plus que jamais pr\u00e9sents ! Un grand moment de chant, un beau spectacle de rire, une bouff\u00e9e d\u2019air et de folie qui remplit les salles d\u2019un public ravi de les voir franchir ainsi le mur du son !<br \/>\n<em> 4 et 5 avril 2008<\/em><\/p>\n","protected":false},"excerpt":{"rendered":"<p>La danse des poules de et par Abel et Gordon Pour ouvrir en fanfare cette 20e \u00e9dition, Abel et Gordon reviennent dans La Fontaine du Rire avec le spectacle qui forgea leur l\u00e9gende&#8230; Jouant sur le ridicule et les maladresses des personnages, ils n\u2019en font pas moins preuve d\u2019une ma\u00eetrise absolument remarquable dans tous les registres d\u2019expression ! Ce qui fait qu\u2019il \u00e9mane de ce spectacle une douce folie po\u00e9tique et un charme \u00e9trange, tendre et burlesque \u00e0 la fois&#8230;.<\/p>\n<p class=\"read-more\"><a class=\"btn btn-default\" href=\"https:\/\/www.la-tete-de-mule.fr\/?page_id=86\">Lire la suite<span class=\"screen-reader-text\"> Lire la suite<\/span><\/a><\/p>\n","protected":false},"author":5,"featured_media":0,"parent":77,"menu_order":0,"comment_status":"closed","ping_status":"open","template":"","meta":{"footnotes":""},"class_list":["post-86","page","type-page","status-publish","hentry"],"_links":{"self":[{"href":"https:\/\/www.la-tete-de-mule.fr\/index.php?rest_route=\/wp\/v2\/pages\/86","targetHints":{"allow":["GET"]}}],"collection":[{"href":"https:\/\/www.la-tete-de-mule.fr\/index.php?rest_route=\/wp\/v2\/pages"}],"about":[{"href":"https:\/\/www.la-tete-de-mule.fr\/index.php?rest_route=\/wp\/v2\/types\/page"}],"author":[{"embeddable":true,"href":"https:\/\/www.la-tete-de-mule.fr\/index.php?rest_route=\/wp\/v2\/users\/5"}],"replies":[{"embeddable":true,"href":"https:\/\/www.la-tete-de-mule.fr\/index.php?rest_route=%2Fwp%2Fv2%2Fcomments&post=86"}],"version-history":[{"count":14,"href":"https:\/\/www.la-tete-de-mule.fr\/index.php?rest_route=\/wp\/v2\/pages\/86\/revisions"}],"predecessor-version":[{"id":693,"href":"https:\/\/www.la-tete-de-mule.fr\/index.php?rest_route=\/wp\/v2\/pages\/86\/revisions\/693"}],"up":[{"embeddable":true,"href":"https:\/\/www.la-tete-de-mule.fr\/index.php?rest_route=\/wp\/v2\/pages\/77"}],"wp:attachment":[{"href":"https:\/\/www.la-tete-de-mule.fr\/index.php?rest_route=%2Fwp%2Fv2%2Fmedia&parent=86"}],"curies":[{"name":"wp","href":"https:\/\/api.w.org\/{rel}","templated":true}]}}