{"id":3727,"date":"2024-09-25T17:29:48","date_gmt":"2024-09-25T15:29:48","guid":{"rendered":"http:\/\/www.la-tete-de-mule.fr\/?post_type=product&#038;p=3727"},"modified":"2024-09-25T17:29:49","modified_gmt":"2024-09-25T15:29:49","slug":"les-singeries-de-seraphin","status":"publish","type":"product","link":"https:\/\/www.la-tete-de-mule.fr\/?product=les-singeries-de-seraphin","title":{"rendered":"Les singeries de s\u00e9raphin"},"content":{"rendered":"<p>Jeune singe turbulent, s\u00e9raphin sait aussi se montrer sympathique et d\u00e9vou\u00e9&#8230; Aussi lorsque sa grand-m\u00e8re se trouve victime d&rsquo;un grave accident, il n&rsquo;h\u00e9site pas \u00e0 quitter le refuge de la for\u00eat primaire pour rechercher le rem\u00e8de qui la sauvera&#8230;<\/p>\n","protected":false},"excerpt":{"rendered":"<p>Jeune singe turbulent, s\u00e9raphin sait aussi se montrer sympathique et d\u00e9vou\u00e9&#8230; Aussi lorsque sa grand-m\u00e8re se trouve victime d&rsquo;un grave accident, il n&rsquo;h\u00e9site pas \u00e0 quitter le refuge de la for\u00eat primaire pour rechercher le rem\u00e8de qui la sauvera&#8230;<\/p>\n","protected":false},"featured_media":0,"comment_status":"open","ping_status":"closed","template":"","meta":[],"product_brand":[],"product_cat":[30],"product_tag":[],"class_list":{"0":"post-3727","1":"product","2":"type-product","3":"status-publish","5":"product_cat-livres","7":"first","8":"instock","9":"taxable","10":"shipping-taxable","11":"purchasable","12":"product-type-simple"},"_links":{"self":[{"href":"https:\/\/www.la-tete-de-mule.fr\/index.php?rest_route=\/wp\/v2\/product\/3727","targetHints":{"allow":["GET"]}}],"collection":[{"href":"https:\/\/www.la-tete-de-mule.fr\/index.php?rest_route=\/wp\/v2\/product"}],"about":[{"href":"https:\/\/www.la-tete-de-mule.fr\/index.php?rest_route=\/wp\/v2\/types\/product"}],"replies":[{"embeddable":true,"href":"https:\/\/www.la-tete-de-mule.fr\/index.php?rest_route=%2Fwp%2Fv2%2Fcomments&post=3727"}],"wp:attachment":[{"href":"https:\/\/www.la-tete-de-mule.fr\/index.php?rest_route=%2Fwp%2Fv2%2Fmedia&parent=3727"}],"wp:term":[{"taxonomy":"product_brand","embeddable":true,"href":"https:\/\/www.la-tete-de-mule.fr\/index.php?rest_route=%2Fwp%2Fv2%2Fproduct_brand&post=3727"},{"taxonomy":"product_cat","embeddable":true,"href":"https:\/\/www.la-tete-de-mule.fr\/index.php?rest_route=%2Fwp%2Fv2%2Fproduct_cat&post=3727"},{"taxonomy":"product_tag","embeddable":true,"href":"https:\/\/www.la-tete-de-mule.fr\/index.php?rest_route=%2Fwp%2Fv2%2Fproduct_tag&post=3727"}],"curies":[{"name":"wp","href":"https:\/\/api.w.org\/{rel}","templated":true}]}}